{"id":1579,"date":"2024-05-31T10:35:04","date_gmt":"2024-05-31T10:35:04","guid":{"rendered":"https:\/\/gofit.laozhanzhang.com\/product\/eva-yoga-block\/"},"modified":"2024-07-07T06:03:03","modified_gmt":"2024-07-07T06:03:03","slug":"eva-yoga-block","status":"publish","type":"product","link":"https:\/\/gofitstrength.com\/sv\/produkt\/eva-yoga-block\/","title":{"rendered":"EVA Yoga Block"},"content":{"rendered":"<h2 style=\"white-space: normal; text-align: left;\"><span style=\"color: #282828;\"><strong>Lightweight and Durable EVA Yoga Block for Enhanced Stability and Flexibility<\/strong><\/span><\/h2>\n<p style=\"white-space: normal;\">\n<h3 style=\"white-space: normal;\"><strong>Specifikation:<\/strong><\/h3>\n<table width=\"-830\" data-sort=\"sortDisabled\">\n<tbody>\n<tr>\n<td style=\"word-break: break-all;\" valign=\"top\" width=\"394\">Item No: PN-YBL-004<\/td>\n<td style=\"word-break: break-all;\" valign=\"top\" width=\"394\">Material: EVA<\/td>\n<\/tr>\n<tr>\n<td style=\"word-break: break-all;\" valign=\"top\" width=\"394\">Size: 9*6*3&#8243;\/9*6*4&#8243;<\/td>\n<td style=\"word-break: break-all;\" valign=\"top\" width=\"394\">Weight: 128\/193g<\/td>\n<\/tr>\n<tr>\n<td style=\"word-break: break-all;\" valign=\"top\" width=\"394\">Color: Customized<\/td>\n<td style=\"word-break: break-all;\" valign=\"top\" width=\"394\">OEM\/ODM: Acceptabelt<\/td>\n<\/tr>\n<\/tbody>\n<\/table>\n<p>&nbsp;<\/p>\n<p>&nbsp;<\/p>\n<p style=\"white-space: normal;\"><span style=\"font-size: 110%;\">\u3010Lightweight and Portable\u3011: Made from lightweight EVA foam, making it easy to carry and use anywhere.<\/span><br \/>\n<span style=\"font-size: 110%;\">\u3010Durable Construction\u3011: High-density EVA material ensures durability and provides strong support during exercises.<\/span><br \/>\n<span style=\"font-size: 110%;\">\u3010F\u00f6rb\u00e4ttrad stabilitet\u3011: Ger tillf\u00f6rlitligt st\u00f6d och stabilitet f\u00f6r olika yogaposer och str\u00e4ckningar.<\/span><br \/>\n<span style=\"font-size: 110%;\">\u3010Bekv\u00e4mt grepp\u3011: Mjuk och behaglig yta med avfasade kanter f\u00f6r enkelt och s\u00e4kert grepp.<\/span><br \/>\n<span style=\"font-size: 110%;\">\u3010M\u00e5ngsidig anv\u00e4ndning\u3011: Perfekt f\u00f6r yoga, pilates, stretching och andra tr\u00e4ningsrutiner f\u00f6r att f\u00f6rb\u00e4ttra flexibilitet och balans.<\/span><br \/>\n<span style=\"font-size: 110%;\">\u3010L\u00e4tt att reng\u00f6ra\u3011: Enkel att reng\u00f6ra och underh\u00e5lla, vilket garanterar l\u00e5ngvarig prestanda.<\/span><br \/>\n<span style=\"font-size: 110%;\">\u3010Non-toxic Material\u3011: Made from eco-friendly, non-toxic EVA foam for safe use.<\/span><\/p>\n<p>&nbsp;<\/p>\n<p style=\"text-align: center;\"><img decoding=\"async\" title=\"EVA Yoga Block\" src=\"https:\/\/www.wavar.com\/data\/upload\/ueditor\/20210911\/613c5f3a1f986.jpg\" alt=\"EVA Yoga Block\" \/>\u00a0<img decoding=\"async\" title=\"EVA Yoga Block\" src=\"https:\/\/www.wavar.com\/data\/upload\/ueditor\/20210911\/613c5f4aba837.jpg\" alt=\"EVA Yoga Block\" \/><\/p>\n<p style=\"text-align: center;\"><img decoding=\"async\" title=\"EVA Yoga Block\" src=\"https:\/\/www.wavar.com\/data\/upload\/ueditor\/20210911\/613c5f57e6d5f.jpg\" alt=\"EVA Yoga Block\" \/>\u00a0<img decoding=\"async\" title=\"EVA Yoga Block\" src=\"https:\/\/www.wavar.com\/data\/upload\/ueditor\/20210911\/613c5f605b448.jpg\" alt=\"EVA Yoga Block\" \/><\/p>","protected":false},"excerpt":{"rendered":"<div>Item No.: PN-YBL-004<\/div>\n<div><\/div>\n<div>Material: EVA<\/div>\n<div><\/div>\n<div>Size: 9*6*3&#8243;\/9*6*4&#8243;<\/div>\n<div><\/div>\n<div>Weight: 128\/193g<\/div>","protected":false},"featured_media":1578,"template":"","meta":[],"product_cat":[26,67],"product_tag":[1306,1260,1263,1304,1261,1264,1305],"class_list":{"0":"post-1579","1":"product","2":"type-product","3":"status-publish","4":"has-post-thumbnail","6":"product_cat-yoga","7":"product_cat-yoga-block-manufacturer","8":"product_tag-durable-yoga-block","9":"product_tag-eva-yoga-block","10":"product_tag-fitness-yoga-prop","11":"product_tag-high-density-yoga-block","12":"product_tag-lightweight-yoga-block","13":"product_tag-pilates-support-block","14":"product_tag-stability-yoga-brick","16":"first","17":"instock","18":"shipping-taxable","19":"product-type-simple"},"_links":{"self":[{"href":"https:\/\/gofitstrength.com\/sv\/wp-json\/wp\/v2\/product\/1579","targetHints":{"allow":["GET"]}}],"collection":[{"href":"https:\/\/gofitstrength.com\/sv\/wp-json\/wp\/v2\/product"}],"about":[{"href":"https:\/\/gofitstrength.com\/sv\/wp-json\/wp\/v2\/types\/product"}],"wp:featuredmedia":[{"embeddable":true,"href":"https:\/\/gofitstrength.com\/sv\/wp-json\/wp\/v2\/media\/1578"}],"wp:attachment":[{"href":"https:\/\/gofitstrength.com\/sv\/wp-json\/wp\/v2\/media?parent=1579"}],"wp:term":[{"taxonomy":"product_cat","embeddable":true,"href":"https:\/\/gofitstrength.com\/sv\/wp-json\/wp\/v2\/product_cat?post=1579"},{"taxonomy":"product_tag","embeddable":true,"href":"https:\/\/gofitstrength.com\/sv\/wp-json\/wp\/v2\/product_tag?post=1579"}],"curies":[{"name":"wp","href":"https:\/\/api.w.org\/{rel}","templated":true}]}}