{"id":1483,"date":"2024-05-31T10:34:15","date_gmt":"2024-05-31T10:34:15","guid":{"rendered":"https:\/\/gofit.laozhanzhang.com\/product\/high-quality-fitness-gym-exercise-push-up-stand-bar\/"},"modified":"2024-07-06T11:48:54","modified_gmt":"2024-07-06T11:48:54","slug":"high-quality-fitness-gym-exercise-push-up-stand-bar","status":"publish","type":"product","link":"https:\/\/gofitstrength.com\/sv\/produkt\/hog-kvalitet-fitness-gym-traning-push-up-stativ-bar\/","title":{"rendered":"H\u00f6gkvalitativ Fitness Gym Exercise Push Up Stand Bar"},"content":{"rendered":"<h2 style=\"white-space: normal; text-align: left;\"><strong>Slitstark, halkfri push up-st\u00e5ng f\u00f6r styrketr\u00e4ning i gym och fitnesscenter<\/strong><\/h2>\n<p style=\"margin-top: 0px; margin-bottom: 0px; white-space: normal; padding: 0px; line-height: 30px; min-height: 30px; color: #666666; font-family: Poppins-Regular, arial, helvetica, sans-serif;\"><span style=\"margin: 0px; padding: 0px; font-size: 20px; line-height: 30px;\"><strong style=\"margin: 0px; padding: 0px;\">\u00a0<\/strong><\/span><\/p>\n<h3 style=\"white-space: normal;\"><strong>Specifikation:<\/strong><\/h3>\n<table>\n<tbody>\n<tr>\n<td style=\"word-break: break-all;\" valign=\"top\" width=\"811\">Artikelnummer: PN-OFA-002<\/td>\n<td style=\"word-break: break-all;\" valign=\"top\" width=\"811\">Plats f\u00f6r ursprung: Kina<\/td>\n<\/tr>\n<tr>\n<td style=\"word-break: break-all;\" valign=\"top\" width=\"811\">Produktens m\u00e5tt: 10,5 * 4,5 * 6,25 tum (total l\u00e4ngd * h\u00f6jd * fotl\u00e4ngd)<\/td>\n<td style=\"word-break: break-all;\" valign=\"top\" width=\"811\">Funktion: K\u00e4rntr\u00e4ning<\/td>\n<\/tr>\n<tr>\n<td style=\"word-break: break-all;\" valign=\"top\" width=\"811\">F\u00e4rg \/ logo \/ f\u00f6rpackning \/ graf: Anpassad tillg\u00e4nglig (Min. Order: 500 stycken)<\/td>\n<td style=\"word-break: break-all;\" valign=\"top\" width=\"811\">Certifikat: ISO9001,ROHS<\/td>\n<\/tr>\n<\/tbody>\n<\/table>\n<p style=\"white-space: normal;\">\n<p style=\"white-space: normal;\"><span style=\"font-size: 110%;\">\u3010T\u00e5lig konstruktion\u3011: Byggd med h\u00f6gkvalitativa material f\u00f6r att s\u00e4kerst\u00e4lla l\u00e5ngvarig h\u00e5llbarhet och prestanda.<\/span><br \/>\n<span style=\"font-size: 110%;\">\u3010Glidfri bas\u3011: Utformad med en stabil, halkfri bas f\u00f6r att ge ett s\u00e4kert grepp under tr\u00e4ningspasset.<\/span><br \/>\n<span style=\"font-size: 110%;\">\u3010Ergonomiskt handtag\u3011: Bekv\u00e4ma, skumkl\u00e4dda handtag f\u00f6r att minska belastningen p\u00e5 handlederna och f\u00f6rb\u00e4ttra greppet.<\/span><br \/>\n<span style=\"font-size: 110%;\">\u3010Kompakt och b\u00e4rbar\u3011: L\u00e4tt och enkel att b\u00e4ra, vilket g\u00f6r den perfekt f\u00f6r hemmagym och resor.<\/span><br \/>\n<span style=\"font-size: 110%;\">\u3010F\u00f6rb\u00e4ttrar styrkan i \u00f6verkroppen\u3011: Perfekt f\u00f6r att utf\u00f6ra armh\u00e4vningar, med inriktning p\u00e5 br\u00f6st, axlar och triceps.<\/span><br \/>\n<span style=\"font-size: 110%;\">\u3010L\u00e4tt montering\u3011: Enkel att montera och demontera f\u00f6r bekv\u00e4m f\u00f6rvaring och anv\u00e4ndning.<\/span><\/p>\n<p style=\"white-space: normal;\">\n<p>&nbsp;<\/p>","protected":false},"excerpt":{"rendered":"<div>Artikelnummer: PN-OFA-002<\/div>\n<div><\/div>\n<div>Material:   ABS+EVA-skum+gummi<\/div>\n<div><\/div>\n<div>Vikt: 1,5 pund (cirka)<\/div>\n<div><\/div>\n<div>OEM \/ PDM: Acceptabelt<\/div>","protected":false},"featured_media":1482,"template":"","meta":[],"product_cat":[18,19,36],"product_tag":[1055,1054,1053,1052,1056,1058,1057],"class_list":{"0":"post-1483","1":"product","2":"type-product","3":"status-publish","4":"has-post-thumbnail","6":"product_cat-fitness","7":"product_cat-fitness-accessories","8":"product_cat-other-fitness-accessories","9":"product_tag-durable-push-up-stand","10":"product_tag-exercise-push-up-bar","11":"product_tag-fitness-gym-push-up-bar","12":"product_tag-high-quality-push-up-stand-bar","13":"product_tag-non-slip-push-up-stand","14":"product_tag-portable-push-up-stand","15":"product_tag-strength-training-push-up-bar","17":"first","18":"instock","19":"shipping-taxable","20":"product-type-simple"},"_links":{"self":[{"href":"https:\/\/gofitstrength.com\/sv\/wp-json\/wp\/v2\/product\/1483","targetHints":{"allow":["GET"]}}],"collection":[{"href":"https:\/\/gofitstrength.com\/sv\/wp-json\/wp\/v2\/product"}],"about":[{"href":"https:\/\/gofitstrength.com\/sv\/wp-json\/wp\/v2\/types\/product"}],"wp:featuredmedia":[{"embeddable":true,"href":"https:\/\/gofitstrength.com\/sv\/wp-json\/wp\/v2\/media\/1482"}],"wp:attachment":[{"href":"https:\/\/gofitstrength.com\/sv\/wp-json\/wp\/v2\/media?parent=1483"}],"wp:term":[{"taxonomy":"product_cat","embeddable":true,"href":"https:\/\/gofitstrength.com\/sv\/wp-json\/wp\/v2\/product_cat?post=1483"},{"taxonomy":"product_tag","embeddable":true,"href":"https:\/\/gofitstrength.com\/sv\/wp-json\/wp\/v2\/product_tag?post=1483"}],"curies":[{"name":"wp","href":"https:\/\/api.w.org\/{rel}","templated":true}]}}