{"id":1217,"date":"2024-05-31T10:31:54","date_gmt":"2024-05-31T10:31:54","guid":{"rendered":"https:\/\/gofit.laozhanzhang.com\/product\/olympic-ez-curl-bar\/"},"modified":"2024-07-10T16:06:13","modified_gmt":"2024-07-10T16:06:13","slug":"premium-olympic-ez-curl-bar","status":"publish","type":"product","link":"https:\/\/gofitstrength.com\/sv\/produkt\/premium-olympisk-ez-curlstang\/","title":{"rendered":"Premium olympisk EZ Curl-st\u00e5ng"},"content":{"rendered":"<h2 style=\"text-align: left;\"><span style=\"color: #282828;\"><strong>Premium Olympic EZ Curl Bar f\u00f6r styrketr\u00e4ning och tyngdlyftning - perfekt f\u00f6r hemmabruk och gym<\/strong><\/span><\/h2>\n<p style=\"white-space: normal;\">\u3010Ergonomisk design\u3011: Designad med en unik kr\u00f6kning f\u00f6r att minska belastningen p\u00e5 handleder och underarmar under curls.<br \/>\n\u3010H\u00f6gkvalitativ konstruktion\u3011: Tillverkad av h\u00e5llbart, massivt st\u00e5l med kromfinish f\u00f6r att f\u00f6rhindra rost och korrosion.<br \/>\n\u3010S\u00e4kert grepp\u3011: R\u00e4fflade handtag ger ett halkfritt grepp f\u00f6r b\u00e4ttre kontroll och s\u00e4kerhet under tr\u00e4ningspasset.<br \/>\n\u3010M\u00e5ngsidig anv\u00e4ndning\u3011: Perfekt f\u00f6r olika \u00f6vningar inklusive bicepscurls, tricep-f\u00f6rl\u00e4ngningar och mer.<br \/>\n\u3010Standardkompatibilitet\u3011: Passar alla 2-tums olympiska viktplattor, vilket g\u00f6r den m\u00e5ngsidig f\u00f6r alla tyngdlyftningsrutiner.<br \/>\n\u3010Anpassning tillg\u00e4nglig\u3011: Anpassade logotyper och varum\u00e4rkesalternativ tillg\u00e4ngliga f\u00f6r bulkbest\u00e4llningar.<\/p>\n<h3 style=\"white-space: normal;\"><strong>Specifikation:<\/strong><\/h3>\n<table width=\"-830\" data-sort=\"sortDisabled\">\n<tbody>\n<tr>\n<td style=\"word-break: break-all;\" valign=\"top\" width=\"394\">Artikelnummer: PN-DBar-008<\/td>\n<td style=\"word-break: break-all;\" valign=\"top\" width=\"394\">F\u00e4rg: Silver<\/td>\n<\/tr>\n<tr>\n<td style=\"word-break: break-all;\" valign=\"top\" width=\"394\" height=\"22\">Typ av tr\u00e4ning Styrka\/viktighetstr\u00e4ning<\/td>\n<td style=\"word-break: break-all;\" valign=\"top\" width=\"394\" height=\"22\">OEM\/ODM: Acceptabelt<\/td>\n<\/tr>\n<tr>\n<td style=\"word-break: break-all;\" valign=\"top\" width=\"394\">Ursprung: Kina<\/td>\n<td style=\"word-break: break-all;\" valign=\"top\" width=\"394\">Logotyp\/f\u00f6rpackning: Anpassad tillg\u00e4nglig<\/td>\n<\/tr>\n<tr>\n<td style=\"word-break: break-all;\" colspan=\"2\" rowspan=\"1\" valign=\"top\">Specifika parametrar: 48\u2033 i total l\u00e4ngd; L\u00e4ngd mellan spinnl\u00e5s 33\u2033; 7\u2033 laddbar hylsl\u00e4ngd; 28mm handgreppsdiameter; 2\u2033 hylsdiameter<\/td>\n<\/tr>\n<\/tbody>\n<\/table>\n<p>&nbsp;<\/p>","protected":false},"excerpt":{"rendered":"<p>Artikel nr:PN-DBar-008<\/p>\n<p>Material: St\u00e5l St\u00e5l<\/p>\n<p>Vikt: 22,5 kg (ungef\u00e4rlig)<\/p>\n<p>Lastkapacitet: 300 lbs<\/p>","protected":false},"featured_media":1216,"template":"","meta":[],"product_cat":[81,18,38],"product_tag":[2555,2553,2552,2551,2554,2512,2549,2550],"class_list":{"0":"post-1217","1":"product","2":"type-product","3":"status-publish","4":"has-post-thumbnail","6":"product_cat-barbell-dumbbell-bar-manufacturer","7":"product_cat-fitness","8":"product_cat-free-weights","9":"product_tag-customizable-fitness-equipment","10":"product_tag-durable-fitness-bar","11":"product_tag-ergonomic-curl-bar","12":"product_tag-home-gym-essentials","13":"product_tag-non-slip-grip-barbell","14":"product_tag-olympic-curl-bar","15":"product_tag-strength-training-barbell","16":"product_tag-weightlifting-equipment","18":"first","19":"instock","20":"shipping-taxable","21":"product-type-simple"},"_links":{"self":[{"href":"https:\/\/gofitstrength.com\/sv\/wp-json\/wp\/v2\/product\/1217","targetHints":{"allow":["GET"]}}],"collection":[{"href":"https:\/\/gofitstrength.com\/sv\/wp-json\/wp\/v2\/product"}],"about":[{"href":"https:\/\/gofitstrength.com\/sv\/wp-json\/wp\/v2\/types\/product"}],"wp:featuredmedia":[{"embeddable":true,"href":"https:\/\/gofitstrength.com\/sv\/wp-json\/wp\/v2\/media\/1216"}],"wp:attachment":[{"href":"https:\/\/gofitstrength.com\/sv\/wp-json\/wp\/v2\/media?parent=1217"}],"wp:term":[{"taxonomy":"product_cat","embeddable":true,"href":"https:\/\/gofitstrength.com\/sv\/wp-json\/wp\/v2\/product_cat?post=1217"},{"taxonomy":"product_tag","embeddable":true,"href":"https:\/\/gofitstrength.com\/sv\/wp-json\/wp\/v2\/product_tag?post=1217"}],"curies":[{"name":"wp","href":"https:\/\/api.w.org\/{rel}","templated":true}]}}