{"id":1195,"date":"2024-05-31T10:31:43","date_gmt":"2024-05-31T10:31:43","guid":{"rendered":"https:\/\/gofit.laozhanzhang.com\/product\/adjustable-dumbbell-with-15-weight-settings\/"},"modified":"2024-07-10T07:17:18","modified_gmt":"2024-07-10T07:17:18","slug":"adjustable-dumbbell-with-15-weight-settings","status":"publish","type":"product","link":"https:\/\/gofitstrength.com\/sv\/produkt\/adjustable-dumbbell-with-15-weight-settings\/","title":{"rendered":"High-Quality Adjustable Dumbbell with 15 Weight Settings"},"content":{"rendered":"<h2 style=\"white-space: normal; margin-bottom: 5px; text-align: left;\"><span style=\"color: #282828;\"><strong>High-Quality Adjustable Dumbbell with 15 Weight Settings for Strength Training and Home Gym<\/strong><\/span><\/h2>\n<p style=\"white-space: normal; text-align: center;\">\n<p dir=\"ltr\"><span style=\"font-size: 110%;\">\u3010High-Quality Material\u3011: Made from premium-grade materials with a durable construction that ensures long-lasting use and a sleek, professional finish.<\/span><br \/>\n<span style=\"font-size: 110%;\">\u301015 Weight Settings Design\u3011: Innovative adjustable design allows you to switch between 15 different weight settings with ease, providing versatility for various exercises and fitness levels.<\/span><br \/>\n<span style=\"font-size: 110%;\">\u3010Glidfritt grepp\u3011: Det ergonomiskt utformade handtaget med r\u00e4fflat m\u00f6nster ger ett s\u00e4kert och bekv\u00e4mt grepp och f\u00f6rhindrar att det glider under intensiva tr\u00e4ningspass.<\/span><br \/>\n<span style=\"font-size: 110%;\">\u3010Kompakt och utrymmesbesparande\u3011: Kombinerar flera vikter i en kompakt enhet, vilket sparar utrymme och g\u00f6r den perfekt f\u00f6r hemmagym med begr\u00e4nsat utrymme.<\/span><br \/>\n<span style=\"font-size: 110%;\">\u3010M\u00e5ngsidig anv\u00e4ndning\u3011: Idealisk f\u00f6r ett brett utbud av \u00f6vningar inklusive styrketr\u00e4ning, muskeluppbyggnad och funktionella fitnessrutiner, l\u00e4mplig f\u00f6r alla fitnessniv\u00e5er.<\/span><br \/>\n<span style=\"font-size: 110%;\">\u3010L\u00e4tt justeringsmekanism\u3011: Har en anv\u00e4ndarv\u00e4nlig justeringsmekanism som m\u00f6jligg\u00f6r snabba och s\u00f6ml\u00f6sa vikt\u00e4ndringar, vilket effektiviserar dina tr\u00e4ningspass.<\/span><br \/>\n<span style=\"font-size: 110%;\">\u3010Tydliga viktmarkeringar\u3011: Varje viktplatta har tydliga markeringar f\u00f6r enkel identifiering och snabbt val.<\/span><br \/>\n<span style=\"font-size: 110%;\">\u3010Durable Construction\u3011: Built with high-quality materials and reinforced for strength, this dumbbell set is designed to withstand frequent and intense usage without damage.<\/span><br \/>\n<span style=\"font-size: 110%;\">\u3010Protects Floors\u3011: The design includes smooth edges to protect your floors from scratches and damage when the weights are placed down.<\/span><br \/>\n<span style=\"font-size: 110%;\">\u3010Aesthetic Appeal\u3011: The sleek, modern design adds a professional and elegant look to your home gym or workout space.<\/span><\/p>\n<p dir=\"ltr\">\n<p dir=\"ltr\" style=\"white-space: normal; margin: 0px 0px 5px; padding: 0px; box-sizing: border-box; font-family: arial; background-color: #ffffff; text-align: left;\"><span style=\"font-size: 18px;\"><strong>Specifikation:<\/strong><\/span><\/p>\n<table>\n<tbody>\n<tr>\n<td dir=\"ltr\" style=\"word-break: break-all;\" valign=\"top\" width=\"811\">Item No: PN-AJ-004<\/td>\n<td dir=\"rtl\" style=\"word-break: break-all;\" valign=\"top\" width=\"811\">\n<p dir=\"ltr\" style=\"text-indent: 0em;\">OEM\/ODM: Acceptabelt<\/p>\n<\/td>\n<\/tr>\n<tr>\n<td dir=\"rtl\" style=\"word-break: break-all;\" valign=\"top\" width=\"811\">\n<p dir=\"ltr\" style=\"text-indent: 0em;\">Color: Black<\/p>\n<\/td>\n<td dir=\"rtl\" style=\"word-break: break-all;\" valign=\"top\" width=\"811\">\n<p dir=\"ltr\" style=\"text-indent: 0em;\">Logo:\u00a0Customized Logo Available<\/p>\n<\/td>\n<\/tr>\n<tr>\n<td dir=\"rtl\" style=\"word-break: break-all;\" valign=\"top\" width=\"811\">\n<p dir=\"ltr\" style=\"text-indent: 0em;\">Weight: 24kg<\/p>\n<\/td>\n<td dir=\"rtl\" style=\"word-break: break-all;\" valign=\"top\" width=\"811\">\n<p dir=\"ltr\" style=\"text-indent: 0em;\">Typ av tr\u00e4ning Styrka\/viktighetstr\u00e4ning<\/p>\n<\/td>\n<\/tr>\n<tr>\n<td dir=\"rtl\" style=\"word-break: break-all;\" valign=\"top\" width=\"811\">\n<p dir=\"ltr\" style=\"text-indent: 0em;\">Material: Steel\/Cast Iron<\/p>\n<\/td>\n<td dir=\"rtl\" style=\"word-break: break-all;\" valign=\"top\" width=\"811\">\n<p dir=\"ltr\" style=\"text-indent: 0em;\">Package Dimensions: Customized<\/p>\n<\/td>\n<\/tr>\n<tr>\n<td dir=\"rtl\" style=\"word-break: break-all;\" valign=\"top\" width=\"811\">\n<p dir=\"ltr\" style=\"text-indent: 0em;\">Feature: Adjustable Weight<\/p>\n<\/td>\n<td dir=\"rtl\" style=\"word-break: break-all;\" valign=\"top\" width=\"811\">\n<p dir=\"ltr\" style=\"text-indent: 0em;\">Origin:\u00a0China<\/p>\n<\/td>\n<\/tr>\n<\/tbody>\n<\/table>\n<p style=\"text-align: left;\">\n<p>&nbsp;<\/p>","protected":false},"excerpt":{"rendered":"<p>Item No.: PN-AJ-004<\/p>\n<p>Material: Steel\/Cast Iron<\/p>\n<p>Logotyp: Anpassad logotyp tillg\u00e4nglig<\/p>\n<p>OEM\/ODM: Acceptabelt<\/p>\n<p>Port: Shanghai, Ningbo, Shenzhen, etc<\/p>","protected":false},"featured_media":1194,"template":"","meta":[],"product_cat":[56,18,38],"product_tag":[2219,2187,2216,88,91,2215,90,89],"class_list":{"0":"post-1195","1":"product","2":"type-product","3":"status-publish","4":"has-post-thumbnail","6":"product_cat-adjustable-dumbbells-manufacturer","7":"product_cat-fitness","8":"product_cat-free-weights","9":"product_tag-15-weight-settings-dumbbell","10":"product_tag-adjustable-dumbbell","11":"product_tag-compact-adjustable-dumbbell","12":"product_tag-durable-exercise-weights","13":"product_tag-home-gym-equipment","14":"product_tag-multi-weight-dumbbell","15":"product_tag-non-slip-dumbbells","16":"product_tag-strength-training-dumbbells","18":"first","19":"instock","20":"shipping-taxable","21":"product-type-simple"},"_links":{"self":[{"href":"https:\/\/gofitstrength.com\/sv\/wp-json\/wp\/v2\/product\/1195","targetHints":{"allow":["GET"]}}],"collection":[{"href":"https:\/\/gofitstrength.com\/sv\/wp-json\/wp\/v2\/product"}],"about":[{"href":"https:\/\/gofitstrength.com\/sv\/wp-json\/wp\/v2\/types\/product"}],"wp:featuredmedia":[{"embeddable":true,"href":"https:\/\/gofitstrength.com\/sv\/wp-json\/wp\/v2\/media\/1194"}],"wp:attachment":[{"href":"https:\/\/gofitstrength.com\/sv\/wp-json\/wp\/v2\/media?parent=1195"}],"wp:term":[{"taxonomy":"product_cat","embeddable":true,"href":"https:\/\/gofitstrength.com\/sv\/wp-json\/wp\/v2\/product_cat?post=1195"},{"taxonomy":"product_tag","embeddable":true,"href":"https:\/\/gofitstrength.com\/sv\/wp-json\/wp\/v2\/product_tag?post=1195"}],"curies":[{"name":"wp","href":"https:\/\/api.w.org\/{rel}","templated":true}]}}