{"id":938,"date":"2024-05-31T10:29:24","date_gmt":"2024-05-31T10:29:24","guid":{"rendered":"https:\/\/gofit.laozhanzhang.com\/product\/premium-hanging-exercise-mats\/"},"modified":"2024-07-08T12:37:17","modified_gmt":"2024-07-08T12:37:17","slug":"premium-hanging-exercise-mats","status":"publish","type":"product","link":"https:\/\/gofitstrength.com\/pt\/produto\/premium-hanging-exercise-mats\/","title":{"rendered":"Premium Hanging Exercise Mats"},"content":{"rendered":"<h2 style=\"white-space: normal; margin-bottom: 5px; text-align: left;\"><span style=\"color: #282828;\"><strong>High-density Non-slip Premium Hanging Exercise Mats for Enhanced Durability and Convenience<\/strong><\/span><\/h2>\n<h3 style=\"white-space: normal; margin-bottom: 5px;\"><span style=\"font-size: 20px;\">Especifica\u00e7\u00e3o:\u00a0<\/span><\/h3>\n<table cellspacing=\"0\">\n<tbody>\n<tr>\n<td style=\"word-break: break-all;\">Product: Premium Hanging Exercise Mats<\/td>\n<td style=\"word-break: break-all;\">Item Number: PN-YM-026<\/td>\n<\/tr>\n<tr>\n<td style=\"word-break: break-all;\">Size: (L*W*H): 183*61*6<\/td>\n<td style=\"word-break: break-all;\">Capacidade de fornecimento: 10000 por m\u00eas<\/td>\n<\/tr>\n<tr>\n<td style=\"word-break: break-all;\">Color: multi-colors for choice<\/td>\n<td style=\"word-break: break-all;\">Min. Order: 100<\/td>\n<\/tr>\n<tr>\n<td style=\"word-break: break-all;\">Material: TPE<\/td>\n<td style=\"word-break: break-all;\">Log\u00f3tipo: Personalizado<\/td>\n<\/tr>\n<tr>\n<td style=\"word-break: break-all;\">Function: Yoga, exercises, fitness<\/td>\n<td style=\"word-break: break-all;\">Embalagem: Personalizado<\/td>\n<\/tr>\n<tr>\n<td style=\"word-break: break-all;\">Nome da marca: Gofitstrength<\/td>\n<td style=\"word-break: break-all;\">Gr\u00e1fico: Personalizado<\/td>\n<\/tr>\n<\/tbody>\n<\/table>\n<p style=\"white-space: normal;\">\n<p style=\"white-space: normal;\"><span style=\"font-size: 110%;\">\u3010High-density Material\u3011: Made from high-quality, eco-friendly materials providing excellent cushioning and support.<\/span><br \/>\n<span style=\"font-size: 110%;\">\u3010Hanging Design\u3011: Equipped with eyelets for easy hanging and storage, perfect for studios and home gyms.<\/span><br \/>\n<span style=\"font-size: 110%;\">\u3010Superf\u00edcie antiderrapante\u3011: Apresenta uma superf\u00edcie antiderrapante que garante estabilidade e ader\u00eancia, mesmo durante exerc\u00edcios intensos e condi\u00e7\u00f5es de suor.<\/span><br \/>\n<span style=\"font-size: 110%;\">\u3010Durable Construction\u3011: High-density construction ensures long-lasting performance and resilience.<\/span><br \/>\n<span style=\"font-size: 110%;\">\u3010Comfort and Support\u3011: Offers excellent cushioning and support for various exercises and yoga poses.<\/span><br \/>\n<span style=\"font-size: 110%;\">\u3010Eco-amig\u00e1vel\u3011: Constru\u00eddo a partir de materiais ecol\u00f3gicos, tornando-o uma escolha sustent\u00e1vel para os entusiastas do fitness.<\/span><br \/>\n<span style=\"font-size: 110%;\">\u3010F\u00e1cil de limpar\u3011: Simples de limpar e manter, garantindo higiene e longevidade.<\/span><br \/>\n<span style=\"font-size: 110%;\">\u3010Port\u00e1til e leve\u3011: Leve e f\u00e1cil de enrolar, tornando-o conveniente para armazenamento e transporte.<\/span><\/p>\n<p>&nbsp;<\/p>\n<p><img decoding=\"async\" title=\"Premium Hanging Exercise Mats\" src=\"https:\/\/www.wavar.com\/data\/upload\/ueditor\/20221031\/635f681a9bb48.jpg\" alt=\"Premium Hanging Exercise Mats\" \/><\/p>\n<p><img decoding=\"async\" title=\"Premium Hanging Exercise Mats\" src=\"https:\/\/www.wavar.com\/data\/upload\/ueditor\/20221031\/635f683b34f2e.jpg\" alt=\"Premium Hanging Exercise Mats\" \/><\/p>\n<p><img decoding=\"async\" title=\"Premium Hanging Exercise Mats\" src=\"https:\/\/www.wavar.com\/data\/upload\/ueditor\/20221031\/635f68cc6bba8.jpg\" alt=\"Premium Hanging Exercise Mats\" \/><\/p>\n<p>&nbsp;<\/p>\n<p><img decoding=\"async\" title=\"Premium Hanging Exercise Mats\" src=\"https:\/\/www.wavar.com\/data\/upload\/ueditor\/20221031\/635f68e058251.jpg\" alt=\"Premium Hanging Exercise Mats\" \/><\/p>\n<p><img decoding=\"async\" title=\"Premium Hanging Exercise Mats\" src=\"https:\/\/www.wavar.com\/data\/upload\/ueditor\/20221031\/635f697d71297.jpg\" alt=\"Premium Hanging Exercise Mats\" \/><img decoding=\"async\" title=\"Premium Hanging Exercise Mats\" src=\"https:\/\/www.wavar.com\/data\/upload\/ueditor\/20221031\/635f6988b34be.jpg\" alt=\"Premium Hanging Exercise Mats\" \/><\/p>\n<p>&nbsp;<\/p>","protected":false},"excerpt":{"rendered":"<p>Item No.: PN-YM-026<br \/>\nSize: 183*61*6 cm<br \/>\nMaterial: TPE<br \/>\nOEM\/ODM: Aceit\u00e1vel<\/p>","protected":false},"featured_media":937,"template":"","meta":[],"product_cat":[26,37],"product_tag":[756,1415,726,1530,1503,1411,1526],"class_list":{"0":"post-938","1":"product","2":"type-product","3":"status-publish","4":"has-post-thumbnail","6":"product_cat-yoga","7":"product_cat-yoga-mat-manufacturer","8":"product_tag-durable-exercise-mat","9":"product_tag-eco-friendly-yoga-mat","10":"product_tag-fitness-mat","11":"product_tag-hanging-exercise-mat","12":"product_tag-high-density-yoga-mat","13":"product_tag-non-slip-yoga-mat","14":"product_tag-premium-yoga-mat","16":"first","17":"instock","18":"shipping-taxable","19":"product-type-simple"},"_links":{"self":[{"href":"https:\/\/gofitstrength.com\/pt\/wp-json\/wp\/v2\/product\/938","targetHints":{"allow":["GET"]}}],"collection":[{"href":"https:\/\/gofitstrength.com\/pt\/wp-json\/wp\/v2\/product"}],"about":[{"href":"https:\/\/gofitstrength.com\/pt\/wp-json\/wp\/v2\/types\/product"}],"wp:featuredmedia":[{"embeddable":true,"href":"https:\/\/gofitstrength.com\/pt\/wp-json\/wp\/v2\/media\/937"}],"wp:attachment":[{"href":"https:\/\/gofitstrength.com\/pt\/wp-json\/wp\/v2\/media?parent=938"}],"wp:term":[{"taxonomy":"product_cat","embeddable":true,"href":"https:\/\/gofitstrength.com\/pt\/wp-json\/wp\/v2\/product_cat?post=938"},{"taxonomy":"product_tag","embeddable":true,"href":"https:\/\/gofitstrength.com\/pt\/wp-json\/wp\/v2\/product_tag?post=938"}],"curies":[{"name":"wp","href":"https:\/\/api.w.org\/{rel}","templated":true}]}}