{"id":936,"date":"2024-05-31T10:29:23","date_gmt":"2024-05-31T10:29:23","guid":{"rendered":"https:\/\/gofit.laozhanzhang.com\/product\/tpe-extra-large-no-slip-fitness-mat\/"},"modified":"2024-07-08T13:24:18","modified_gmt":"2024-07-08T13:24:18","slug":"premium-tpe-extra-large-no-slip-fitness-mat","status":"publish","type":"product","link":"https:\/\/gofitstrength.com\/pt\/produto\/premium-tpe-extra-large-no-slip-fitness-mat\/","title":{"rendered":"Premium TPE Extra-large No-slip Fitness Mat"},"content":{"rendered":"<h2 style=\"white-space: normal;\">Eco-friendly TPE Extra-large No-slip Fitness Mat with High-density Cushioning for Superior Comfort and Stability<\/h2>\n<p>&nbsp;<\/p>\n<p><span style=\"font-size: 110%;\">\u3010Material TPE de alta qualidade\u3011: Feito de TPE de alta qualidade, proporcionando excelente amortecimento e suporte.<\/span><br \/>\n<span style=\"font-size: 110%;\">\u3010Extra-large Size\u3011: Offers a spacious area for various fitness routines, yoga poses, and exercises.<\/span><br \/>\n<span style=\"font-size: 110%;\">\u3010Superf\u00edcie antiderrapante\u3011: Garante estabilidade e ader\u00eancia, mesmo durante treinos intensos e condi\u00e7\u00f5es de suor.<\/span><br \/>\n<span style=\"font-size: 110%;\">\u3010Amortecimento de alta densidade\u3011: Proporciona conforto e prote\u00e7\u00e3o superior para as articula\u00e7\u00f5es durante v\u00e1rias poses e exerc\u00edcios de ioga.<\/span><br \/>\n<span style=\"font-size: 110%;\">\u3010Constru\u00e7\u00e3o dur\u00e1vel\u3011: O material TPE de alta qualidade garante desempenho e resili\u00eancia de longa dura\u00e7\u00e3o.<\/span><br \/>\n<span style=\"font-size: 110%;\">\u3010Eco-amig\u00e1vel\u3011: Constru\u00eddo a partir de materiais ecol\u00f3gicos, tornando-o uma escolha sustent\u00e1vel para os entusiastas do fitness.<\/span><br \/>\n<span style=\"font-size: 110%;\">\u3010F\u00e1cil de limpar\u3011: Simples de limpar e manter, garantindo higiene e longevidade.<\/span><br \/>\n<span style=\"font-size: 110%;\">\u3010Port\u00e1til e leve\u3011: Leve e f\u00e1cil de enrolar, tornando-o conveniente para armazenamento e transporte.<\/span><\/p>\n<p style=\"text-align: center;\"><img decoding=\"async\" title=\"TPE Extra-large No-slip Fitness Mat\" src=\"https:\/\/www.wavar.com\/data\/upload\/ueditor\/20221031\/635f991cbdc09.jpg\" alt=\"TPE Extra-large No-slip Fitness Mat\" \/><\/p>\n<p style=\"text-align: center;\"><img decoding=\"async\" title=\"TPE Extra-large No-slip Fitness Mat\" src=\"https:\/\/www.wavar.com\/data\/upload\/ueditor\/20221031\/635f99b348d97.jpg\" alt=\"TPE Extra-large No-slip Fitness Mat\" \/><\/p>\n<p style=\"text-align: center;\"><img decoding=\"async\" title=\"TPE Extra-large No-slip Fitness Mat\" src=\"https:\/\/www.wavar.com\/data\/upload\/ueditor\/20221031\/635f99c738627.jpg\" alt=\"TPE Extra-large No-slip Fitness Mat\" \/><\/p>\n<p style=\"text-align: center;\"><img decoding=\"async\" title=\"TPE Extra-large No-slip Fitness Mat\" src=\"https:\/\/www.wavar.com\/data\/upload\/ueditor\/20221031\/635f99dad15cb.jpg\" alt=\"TPE Extra-large No-slip Fitness Mat\" \/><\/p>\n<p style=\"text-align: center;\"><img decoding=\"async\" title=\"TPE Extra-large No-slip Fitness Mat\" src=\"https:\/\/www.wavar.com\/data\/upload\/ueditor\/20221031\/635f99ee5badf.jpg\" alt=\"TPE Extra-large No-slip Fitness Mat\" \/><\/p>\n<p style=\"text-align: center;\"><img decoding=\"async\" title=\"TPE Extra-large No-slip Fitness Mat\" src=\"https:\/\/www.wavar.com\/data\/upload\/ueditor\/20221031\/635f9a0f34042.jpg\" alt=\"TPE Extra-large No-slip Fitness Mat\" \/><\/p>\n<p style=\"text-align: center;\"><img decoding=\"async\" title=\"TPE Extra-large No-slip Fitness Mat\" src=\"https:\/\/www.wavar.com\/data\/upload\/ueditor\/20221031\/635f9a36d1aa1.jpg\" alt=\"TPE Extra-large No-slip Fitness Mat\" \/><\/p>","protected":false},"excerpt":{"rendered":"<div>Item No.: PN-YM-041<\/div>\n<div><\/div>\n<div>Size: 183*122mm, 190*130mm<\/div>\n<div><\/div>\n<div>Thickness: 6, 8, 10, 15, 20, 30mm<\/div>\n<div><\/div>\n<div>Material: TPE<\/div>\n<div><\/div>\n<div>OEM\/ODM: Aceit\u00e1vel<\/div>","protected":false},"featured_media":935,"template":"","meta":[],"product_cat":[26,37],"product_tag":[1528,769,1415,1495,1546,1503,1547,1545],"class_list":{"0":"post-936","1":"product","2":"type-product","3":"status-publish","4":"has-post-thumbnail","6":"product_cat-yoga","7":"product_cat-yoga-mat-manufacturer","8":"product_tag-comfortable-yoga-mat","9":"product_tag-durable-fitness-mat","10":"product_tag-eco-friendly-yoga-mat","11":"product_tag-exercise-mat","12":"product_tag-extra-large-yoga-mat","13":"product_tag-high-density-yoga-mat","14":"product_tag-no-slip-yoga-mat","15":"product_tag-tpe-fitness-mat","17":"first","18":"instock","19":"shipping-taxable","20":"product-type-simple"},"_links":{"self":[{"href":"https:\/\/gofitstrength.com\/pt\/wp-json\/wp\/v2\/product\/936","targetHints":{"allow":["GET"]}}],"collection":[{"href":"https:\/\/gofitstrength.com\/pt\/wp-json\/wp\/v2\/product"}],"about":[{"href":"https:\/\/gofitstrength.com\/pt\/wp-json\/wp\/v2\/types\/product"}],"wp:featuredmedia":[{"embeddable":true,"href":"https:\/\/gofitstrength.com\/pt\/wp-json\/wp\/v2\/media\/935"}],"wp:attachment":[{"href":"https:\/\/gofitstrength.com\/pt\/wp-json\/wp\/v2\/media?parent=936"}],"wp:term":[{"taxonomy":"product_cat","embeddable":true,"href":"https:\/\/gofitstrength.com\/pt\/wp-json\/wp\/v2\/product_cat?post=936"},{"taxonomy":"product_tag","embeddable":true,"href":"https:\/\/gofitstrength.com\/pt\/wp-json\/wp\/v2\/product_tag?post=936"}],"curies":[{"name":"wp","href":"https:\/\/api.w.org\/{rel}","templated":true}]}}