{"id":826,"date":"2024-05-31T10:28:25","date_gmt":"2024-05-31T10:28:25","guid":{"rendered":"https:\/\/gofit.laozhanzhang.com\/product\/home-foldable-treadmill\/"},"modified":"2024-07-06T10:29:29","modified_gmt":"2024-07-06T10:29:29","slug":"home-foldable-treadmill","status":"publish","type":"product","link":"https:\/\/gofitstrength.com\/pt\/produto\/passadeira-de-corrida-dobravel-domestica\/","title":{"rendered":"Passadeira de corrida dobr\u00e1vel para casa"},"content":{"rendered":"<p>&nbsp;<\/p>\n<h2 style=\"text-align: left;\"><span style=\"color: #282828;\"><strong>Passadeira de corrida dobr\u00e1vel compacta e port\u00e1til para exerc\u00edcios eficientes em espa\u00e7os interiores<\/strong><\/span><\/h2>\n<p>&nbsp;<\/p>\n<p><span style=\"font-size: 110%;\">\u3010Design que poupa espa\u00e7o\u3011: Estrutura dobr\u00e1vel para f\u00e1cil armazenamento e portabilidade, perfeita para uso dom\u00e9stico.<\/span><br \/>\n<span style=\"font-size: 110%;\">\u3010Display LCD\u3011: Ecr\u00e3 LCD incorporado para monitorizar o tempo, a velocidade, a dist\u00e2ncia, as calorias queimadas e o ritmo card\u00edaco.<\/span><br \/>\n<span style=\"font-size: 110%;\">\u3010Motor silencioso\u3011: Motor de baixo ru\u00eddo para uma experi\u00eancia de funcionamento suave e silenciosa sem perturbar os outros.<\/span><br \/>\n<span style=\"font-size: 110%;\">\u3010M\u00faltiplas defini\u00e7\u00f5es de velocidade\u3011: N\u00edveis de velocidade ajust\u00e1veis para atender a v\u00e1rios n\u00edveis de fitness e intensidades de treino.<\/span><br \/>\n<span style=\"font-size: 110%;\">\u3010Pavimento almofadado\u3011: Plataforma de corrida com absor\u00e7\u00e3o de choque para reduzir o impacto nas articula\u00e7\u00f5es e aumentar o conforto.<\/span><br \/>\n<span style=\"font-size: 110%;\">\u3010Chave de seguran\u00e7a\u3011: Equipado com uma chave de seguran\u00e7a para paragem de emerg\u00eancia, garantindo a seguran\u00e7a do utilizador durante os treinos.<\/span><br \/>\n<span style=\"font-size: 110%;\">\u3010F\u00e1cil montagem\u3011: Montagem r\u00e1pida e f\u00e1cil com instru\u00e7\u00f5es claras inclu\u00eddas.<\/span><br \/>\n<span style=\"font-size: 110%;\">\u3010Monitoriza\u00e7\u00e3o do ritmo card\u00edaco\u3011: Sensores de punho para monitorizar o ritmo card\u00edaco durante o exerc\u00edcio.<\/span><br \/>\n<span style=\"font-size: 110%;\">\u3010Programas predefinidos\u3011: V\u00e1rios programas de treino predefinidos para adicionar variedade e desafio aos treinos.<\/span><br \/>\n<span style=\"font-size: 110%;\">\u3010Constru\u00e7\u00e3o dur\u00e1vel\u3011: Constru\u00e7\u00e3o robusta e dur\u00e1vel para uso duradouro.<\/span><\/p>\n<p><img decoding=\"async\" title=\"Passadeira de corrida dobr\u00e1vel para casa\" src=\"https:\/\/www.wavar.com\/data\/upload\/ueditor\/20230509\/6459b8f8a7bbd.jpg\" alt=\"Passadeira de corrida dobr\u00e1vel para casa\" \/><\/p>\n<p><img decoding=\"async\" title=\"Passadeira de corrida dobr\u00e1vel para casa\" src=\"https:\/\/www.wavar.com\/data\/upload\/ueditor\/20230509\/6459b9198ed2c.jpg\" alt=\"Passadeira de corrida dobr\u00e1vel para casa\" \/><\/p>\n<p><img decoding=\"async\" title=\"Passadeira de corrida dobr\u00e1vel para casa\" src=\"https:\/\/www.wavar.com\/data\/upload\/ueditor\/20230509\/6459b926bfa98.jpg\" alt=\"Passadeira de corrida dobr\u00e1vel para casa\" \/><\/p>\n<p><img decoding=\"async\" title=\"Passadeira de corrida dobr\u00e1vel para casa\" src=\"https:\/\/www.wavar.com\/data\/upload\/ueditor\/20230509\/6459b931bf0f7.jpg\" alt=\"Passadeira de corrida dobr\u00e1vel para casa\" \/><\/p>\n<p><img decoding=\"async\" title=\"Passadeira de corrida dobr\u00e1vel para casa\" src=\"https:\/\/www.wavar.com\/data\/upload\/ueditor\/20230509\/6459b93a1bd1a.jpg\" alt=\"Passadeira de corrida dobr\u00e1vel para casa\" \/><\/p>\n<p><img decoding=\"async\" title=\"Passadeira de corrida dobr\u00e1vel para casa\" src=\"https:\/\/www.wavar.com\/data\/upload\/ueditor\/20230509\/6459b94720056.jpg\" alt=\"Passadeira de corrida dobr\u00e1vel para casa\" \/><\/p>","protected":false},"excerpt":{"rendered":"<div>N\u00famero do artigo: PN-TM-002<\/div>\n<div><\/div>\n<div>Peso: 32 kg<\/div>\n<div><\/div>\n<div>Gama de velocidades: 1,0-12KM\/H<\/div>\n<div><\/div>\n<div>Pot\u00eancia m\u00e1xima do motor: 1,5HP<\/div>\n<div><\/div>\n<div>Capacidade de carga m\u00e1xima: 90KG<\/div>\n<div><\/div>\n<div>Tamanho: 1325mm*620mm*1073mm<\/div>\n<div><\/div>\n<div>Material: Controlo do motor el\u00e9trico + a\u00e7o + pe\u00e7as de pl\u00e1stico + painel de fibras<\/div>","protected":false},"featured_media":825,"template":"","meta":[],"product_cat":[23,18,50],"product_tag":[967,966,968,971,965,970,969],"class_list":{"0":"post-826","1":"product","2":"type-product","3":"status-publish","4":"has-post-thumbnail","6":"product_cat-cardio-training-manufacturer","7":"product_cat-fitness","8":"product_cat-treadmill-manufacturer","9":"product_tag-compact-fitness-treadmill","10":"product_tag-foldable-treadmill-for-home-use","11":"product_tag-home-exercise-equipment","12":"product_tag-home-gym-treadmill","13":"product_tag-home-treadmill","14":"product_tag-portable-treadmill","15":"product_tag-space-saving-treadmill","17":"first","18":"instock","19":"shipping-taxable","20":"product-type-simple"},"_links":{"self":[{"href":"https:\/\/gofitstrength.com\/pt\/wp-json\/wp\/v2\/product\/826","targetHints":{"allow":["GET"]}}],"collection":[{"href":"https:\/\/gofitstrength.com\/pt\/wp-json\/wp\/v2\/product"}],"about":[{"href":"https:\/\/gofitstrength.com\/pt\/wp-json\/wp\/v2\/types\/product"}],"wp:featuredmedia":[{"embeddable":true,"href":"https:\/\/gofitstrength.com\/pt\/wp-json\/wp\/v2\/media\/825"}],"wp:attachment":[{"href":"https:\/\/gofitstrength.com\/pt\/wp-json\/wp\/v2\/media?parent=826"}],"wp:term":[{"taxonomy":"product_cat","embeddable":true,"href":"https:\/\/gofitstrength.com\/pt\/wp-json\/wp\/v2\/product_cat?post=826"},{"taxonomy":"product_tag","embeddable":true,"href":"https:\/\/gofitstrength.com\/pt\/wp-json\/wp\/v2\/product_tag?post=826"}],"curies":[{"name":"wp","href":"https:\/\/api.w.org\/{rel}","templated":true}]}}