{"id":721,"date":"2024-05-31T10:27:29","date_gmt":"2024-05-31T10:27:29","guid":{"rendered":"https:\/\/gofit.laozhanzhang.com\/product\/dodecagonal-cpu-dumbbell\/"},"modified":"2024-07-10T05:13:15","modified_gmt":"2024-07-10T05:13:15","slug":"high-quality-dodecagonal-cpu-dumbbell","status":"publish","type":"product","link":"https:\/\/gofitstrength.com\/pt\/produto\/haltere-dodecagonal-cpu-de-alta-qualidade\/","title":{"rendered":"Haltere CPU dodecagonal de alta qualidade"},"content":{"rendered":"<h2><span style=\"color: #282828;\"><strong>Haltere CPU dodecagonal de alta qualidade para treino de for\u00e7a e gin\u00e1sio em casa<\/strong><\/span><\/h2>\n<p><span style=\"font-size: 110%;\">\u3010Material de alta qualidade\u3011: Feito de borracha CPU (poliuretano) de grau premium que fornece um acabamento dur\u00e1vel e duradouro resistente ao desgaste.<\/span><br \/>\n<span style=\"font-size: 110%;\">\u3010Desenho decagonal\u3011: O design exclusivo de doze lados evita o rolamento e garante estabilidade quando colocado no ch\u00e3o, tornando-o mais seguro e conveniente para os exerc\u00edcios.<\/span><br \/>\n<span style=\"font-size: 110%;\">\u3010Ader\u00eancia antiderrapante\u3011: Possui al\u00e7as ergonomicamente projetadas com um padr\u00e3o serrilhado para garantir uma ader\u00eancia segura e confort\u00e1vel, evitando o deslizamento durante exerc\u00edcios intensos.<\/span><br \/>\n<span style=\"font-size: 110%;\">\u3010Uso vers\u00e1til\u3011: Ideal para uma variedade de exerc\u00edcios, incluindo treinamento de for\u00e7a, constru\u00e7\u00e3o muscular e rotinas de condicionamento f\u00edsico funcional, adequado para todos os n\u00edveis de condicionamento f\u00edsico.<\/span><br \/>\n<span style=\"font-size: 110%;\">\u3010Marca\u00e7\u00f5es claras de peso\u3011: Cada haltere tem marca\u00e7\u00f5es de peso claras e f\u00e1ceis de ler para identifica\u00e7\u00e3o r\u00e1pida, simplificando suas sess\u00f5es de treino.<\/span><br \/>\n<span style=\"font-size: 110%;\">\u3010F\u00e1cil de Limpar\u3011: O revestimento da CPU \u00e9 simples de limpar e manter, garantindo a higiene e a longevidade dos halteres.<\/span><br \/>\n<span style=\"font-size: 110%;\">\u3010Constru\u00e7\u00e3o dur\u00e1vel\u3011: Constru\u00eddos com materiais de alta qualidade e refor\u00e7ados com um n\u00facleo de a\u00e7o s\u00f3lido, esses halteres s\u00e3o projetados para suportar o uso frequente e intenso sem danos.<\/span><br \/>\n<span style=\"font-size: 110%;\">\u3010Protege o ch\u00e3o\u3011: O revestimento da CPU n\u00e3o apenas adiciona durabilidade, mas tamb\u00e9m protege seus pisos contra danos quando os pesos s\u00e3o colocados para baixo.<\/span><br \/>\n<span style=\"font-size: 110%;\">\u3010Grau comercial\u3011: Adequado tanto para gin\u00e1sios dom\u00e9sticos como para centros de fitness comerciais devido \u00e0 sua constru\u00e7\u00e3o robusta e qualidade profissional.<\/span><\/p>\n<p>&nbsp;<\/p>\n<p><img decoding=\"async\" title=\"Haltere CPU dodecagonal\" src=\"https:\/\/www.wavar.com\/data\/upload\/ueditor\/20230718\/64b63744d875a.jpg\" alt=\"Haltere CPU dodecagonal\" \/><\/p>\n<p><img decoding=\"async\" title=\"Haltere CPU dodecagonal\" src=\"https:\/\/www.wavar.com\/data\/upload\/ueditor\/20230718\/64b6376a2ad7d.jpg\" alt=\"Haltere CPU dodecagonal\" \/><\/p>\n<p>&nbsp;<\/p>\n<p>&nbsp;<\/p>","protected":false},"excerpt":{"rendered":"<p>N\u00famero do artigo: PN-DB-006<\/p>\n<p>Material: CPU+A\u00e7o<\/p>\n<p>Peso: 20 kg<\/p>\n<p>Tamanho da embalagem: 29,2*17,3*17,3cm<\/p>","protected":false},"featured_media":4496,"template":"","meta":[],"product_cat":[40,54,18,38],"product_tag":[98,2158,2157,88,91,90,89],"class_list":{"0":"post-721","1":"product","2":"type-product","3":"status-publish","4":"has-post-thumbnail","6":"product_cat-dumbbells-manufacturer","7":"product_cat-encased-dumbbell","8":"product_cat-fitness","9":"product_cat-free-weights","10":"product_tag-commercial-gym-dumbbells","11":"product_tag-cpu-coated-weights","12":"product_tag-dodecagonal-cpu-dumbbell","13":"product_tag-durable-exercise-weights","14":"product_tag-home-gym-equipment","15":"product_tag-non-slip-dumbbells","16":"product_tag-strength-training-dumbbells","18":"first","19":"instock","20":"shipping-taxable","21":"product-type-simple"},"_links":{"self":[{"href":"https:\/\/gofitstrength.com\/pt\/wp-json\/wp\/v2\/product\/721","targetHints":{"allow":["GET"]}}],"collection":[{"href":"https:\/\/gofitstrength.com\/pt\/wp-json\/wp\/v2\/product"}],"about":[{"href":"https:\/\/gofitstrength.com\/pt\/wp-json\/wp\/v2\/types\/product"}],"wp:featuredmedia":[{"embeddable":true,"href":"https:\/\/gofitstrength.com\/pt\/wp-json\/wp\/v2\/media\/4496"}],"wp:attachment":[{"href":"https:\/\/gofitstrength.com\/pt\/wp-json\/wp\/v2\/media?parent=721"}],"wp:term":[{"taxonomy":"product_cat","embeddable":true,"href":"https:\/\/gofitstrength.com\/pt\/wp-json\/wp\/v2\/product_cat?post=721"},{"taxonomy":"product_tag","embeddable":true,"href":"https:\/\/gofitstrength.com\/pt\/wp-json\/wp\/v2\/product_tag?post=721"}],"curies":[{"name":"wp","href":"https:\/\/api.w.org\/{rel}","templated":true}]}}