{"id":677,"date":"2024-05-31T10:27:06","date_gmt":"2024-05-31T10:27:06","guid":{"rendered":"https:\/\/gofit.laozhanzhang.com\/product\/cork-tpe-yoga-mat-with-laser-alignment-lines\/"},"modified":"2024-07-07T13:40:07","modified_gmt":"2024-07-07T13:40:07","slug":"cork-tpe-yoga-mat-with-laser-alignment-lines","status":"publish","type":"product","link":"https:\/\/gofitstrength.com\/pt\/produto\/cork-tpe-yoga-mat-with-laser-alignment-lines\/","title":{"rendered":"Cork TPE Yoga Mat With Laser Alignment Lines"},"content":{"rendered":"<h2 style=\"text-align: left;\"><span style=\"color: #282828;\"><strong>Eco-friendly Cork TPE Yoga Mat with Laser Engraved Alignment Lines for Enhanced Practice<\/strong><\/span><\/h2>\n<p>&nbsp;<\/p>\n<p><span style=\"font-size: 110%;\">\u3010Superf\u00edcie de corti\u00e7a natural\u3011: Feito de corti\u00e7a sustent\u00e1vel, proporcionando uma op\u00e7\u00e3o antiderrapante e ecol\u00f3gica para a pr\u00e1tica de ioga.<\/span><br \/>\n<span style=\"font-size: 110%;\">\u3010TPE Base\u3011: The TPE base ensures durability and stability, preventing the mat from slipping during workouts.<\/span><br \/>\n<span style=\"font-size: 110%;\">\u3010Laser Engraved Alignment Lines\u3011: Features precise laser engraved alignment lines to help with proper positioning and form during yoga practice.<\/span><br \/>\n<span style=\"font-size: 110%;\">\u3010Superf\u00edcie antiderrapante\u3011: Fornece uma ader\u00eancia segura para evitar escorregar, mesmo durante exerc\u00edcios intensos e condi\u00e7\u00f5es de suor.<\/span><br \/>\n<span style=\"font-size: 110%;\">\u3010Durable Construction\u3011: High-quality cork and TPE materials ensure long-lasting performance and durability.<\/span><br \/>\n<span style=\"font-size: 110%;\">\u3010Conforto e Apoio\u3011: Oferece excelente amortecimento e suporte para v\u00e1rias poses e exerc\u00edcios de yoga.<\/span><br \/>\n<span style=\"font-size: 110%;\">\u3010F\u00e1cil de limpar\u3011: Simples de limpar e manter, garantindo higiene e longevidade.<\/span><br \/>\n<span style=\"font-size: 110%;\">\u3010Port\u00e1til e leve\u3011: Leve e f\u00e1cil de enrolar, tornando-o conveniente para armazenamento e transporte.<\/span><\/p>\n<p style=\"text-align: center;\"><img decoding=\"async\" title=\"Wholesale Cork TPE Yoga Mat With Laser Alignment Lines\" src=\"\/\/image.chukouplus.com\/upload\/C_2283\/file\/20230208\/9fce0d5ec12a7c9bb1ffbc9ec99a1414.jpg\" alt=\"Wholesale Cork TPE Yoga Mat With Laser Alignment Lines\" data-cke-saved-src=\"\/\/image.chukouplus.com\/upload\/C_2283\/file\/20230208\/9fce0d5ec12a7c9bb1ffbc9ec99a1414.jpg\" \/><img decoding=\"async\" title=\"Wholesale Cork TPE Yoga Mat With Laser Alignment Lines\" src=\"\/\/image.chukouplus.com\/upload\/C_2283\/file\/20230208\/4679e0e4cf6ae0fbd825881c9a279281.jpg\" alt=\"Wholesale Cork TPE Yoga Mat With Laser Alignment Lines\" data-cke-saved-src=\"\/\/image.chukouplus.com\/upload\/C_2283\/file\/20230208\/4679e0e4cf6ae0fbd825881c9a279281.jpg\" \/><img decoding=\"async\" title=\"Wholesale Cork TPE Yoga Mat With Laser Alignment Lines\" src=\"\/\/image.chukouplus.com\/upload\/C_2283\/file\/20230208\/2cde153f3b12dc421dd0a0b87c89f265.jpg\" alt=\"Wholesale Cork TPE Yoga Mat With Laser Alignment Lines\" data-cke-saved-src=\"\/\/image.chukouplus.com\/upload\/C_2283\/file\/20230208\/2cde153f3b12dc421dd0a0b87c89f265.jpg\" \/><img decoding=\"async\" title=\"Wholesale Cork TPE Yoga Mat With Laser Alignment Lines\" src=\"\/\/image.chukouplus.com\/upload\/C_2283\/file\/20230208\/e5d5aff0138e3866637794071dc9f257.jpg\" alt=\"Wholesale Cork TPE Yoga Mat With Laser Alignment Lines\" data-cke-saved-src=\"\/\/image.chukouplus.com\/upload\/C_2283\/file\/20230208\/e5d5aff0138e3866637794071dc9f257.jpg\" \/><img decoding=\"async\" title=\"Wholesale Cork TPE Yoga Mat With Laser Alignment Lines\" src=\"\/\/image.chukouplus.com\/upload\/C_2283\/file\/20230208\/02eb66577728f3f61090e51abb29c929.jpg\" alt=\"Wholesale Cork TPE Yoga Mat With Laser Alignment Lines\" data-cke-saved-src=\"\/\/image.chukouplus.com\/upload\/C_2283\/file\/20230208\/02eb66577728f3f61090e51abb29c929.jpg\" \/><img decoding=\"async\" title=\"Wholesale Cork TPE Yoga Mat With Laser Alignment Lines\" src=\"\/\/image.chukouplus.com\/upload\/C_2283\/file\/20230208\/d7f17686a6341e18c9204e1eac1b738c.jpg\" alt=\"Wholesale Cork TPE Yoga Mat With Laser Alignment Lines\" data-cke-saved-src=\"\/\/image.chukouplus.com\/upload\/C_2283\/file\/20230208\/d7f17686a6341e18c9204e1eac1b738c.jpg\" \/><\/p>","protected":false},"excerpt":{"rendered":"<div>Item No.: PN-YM-008<\/div>\n<div><\/div>\n<div>Material: Cork TPE<\/div>\n<div><\/div>\n<div>LOGOTIPO: Personalizado<\/div>\n<div><\/div>\n<div>OEM\/ODM: Aceit\u00e1vel<\/div>\n<div><\/div>\n<div>Min. Pedido: 50 ou Negoci\u00e1vel<\/div>\n<div><\/div>\n<div>Capacidade de fornecimento: 10000 por m\u00eas<\/div>\n<div><\/div>\n<div>Port: Tianjin\/Ninngbo\/Shenzhen, ect<\/div>\n<div><\/div>\n<div>Contacte-nos para obter informa\u00e7\u00f5es espec\u00edficas sobre pre\u00e7os<\/div>","protected":false},"featured_media":676,"template":"","meta":[],"product_cat":[26,37],"product_tag":[1458,1428,1415,1460,1411,1436,1459],"class_list":{"0":"post-677","1":"product","2":"type-product","3":"status-publish","4":"has-post-thumbnail","6":"product_cat-yoga","7":"product_cat-yoga-mat-manufacturer","8":"product_tag-cork-yoga-mat","9":"product_tag-durable-yoga-mat","10":"product_tag-eco-friendly-yoga-mat","11":"product_tag-laser-engraved-yoga-mat","12":"product_tag-non-slip-yoga-mat","13":"product_tag-tpe-yoga-mat","14":"product_tag-yoga-mat-with-alignment-lines","16":"first","17":"instock","18":"shipping-taxable","19":"product-type-simple"},"_links":{"self":[{"href":"https:\/\/gofitstrength.com\/pt\/wp-json\/wp\/v2\/product\/677","targetHints":{"allow":["GET"]}}],"collection":[{"href":"https:\/\/gofitstrength.com\/pt\/wp-json\/wp\/v2\/product"}],"about":[{"href":"https:\/\/gofitstrength.com\/pt\/wp-json\/wp\/v2\/types\/product"}],"wp:featuredmedia":[{"embeddable":true,"href":"https:\/\/gofitstrength.com\/pt\/wp-json\/wp\/v2\/media\/676"}],"wp:attachment":[{"href":"https:\/\/gofitstrength.com\/pt\/wp-json\/wp\/v2\/media?parent=677"}],"wp:term":[{"taxonomy":"product_cat","embeddable":true,"href":"https:\/\/gofitstrength.com\/pt\/wp-json\/wp\/v2\/product_cat?post=677"},{"taxonomy":"product_tag","embeddable":true,"href":"https:\/\/gofitstrength.com\/pt\/wp-json\/wp\/v2\/product_tag?post=677"}],"curies":[{"name":"wp","href":"https:\/\/api.w.org\/{rel}","templated":true}]}}