{"id":5141,"date":"2024-07-11T15:21:37","date_gmt":"2024-07-11T15:21:37","guid":{"rendered":"https:\/\/gofitstrength.com\/?post_type=product&#038;p=5141"},"modified":"2024-07-11T15:23:27","modified_gmt":"2024-07-11T15:23:27","slug":"multifunctional-pilates-station","status":"publish","type":"product","link":"https:\/\/gofitstrength.com\/pt\/produto\/estacao-multifuncional-de-pilates\/","title":{"rendered":"Esta\u00e7\u00e3o multifuncional de Pilates"},"content":{"rendered":"<h2 style=\"white-space: normal; text-align: left;\"><span style=\"color: #282828;\"><strong>Esta\u00e7\u00e3o de Pilates multifuncional tudo-em-um para exerc\u00edcios abrangentes e vers\u00e1teis<\/strong><\/span><\/h2>\n<p style=\"white-space: normal; text-align: left;\">\u3010Sistema Cadillac Integrado\u3011: Inclui um sistema Cadillac completo, proporcionando uma extensa gama de exerc\u00edcios de Pilates numa s\u00f3 esta\u00e7\u00e3o.<br \/>\n\u3010Configura\u00e7\u00f5es de resist\u00eancia ajust\u00e1veis\u3011: N\u00edveis de resist\u00eancia personaliz\u00e1veis para acomodar v\u00e1rios n\u00edveis de fitness e intensidades de treino.<br \/>\n\u3010Constru\u00e7\u00e3o de alta qualidade\u3011: Feito com materiais dur\u00e1veis para garantir uso duradouro e estabilidade durante os exerc\u00edcios.<br \/>\n\u3010Mecanismo de deslizamento suave\u3011: Apresenta um sistema de deslizamento premium para uma opera\u00e7\u00e3o suave e silenciosa.<br \/>\n\u3010Design confort\u00e1vel e ergon\u00f3mico\u3011: Estofamento de espuma de alta densidade e design ergon\u00f3mico para um conforto e suporte ideais.<br \/>\n\u3010Anexos vers\u00e1teis\u3011: Equipado com v\u00e1rios acess\u00f3rios e configura\u00e7\u00f5es ajust\u00e1veis para uma ampla gama de exerc\u00edcios de Pilates.<br \/>\n\u3010Superf\u00edcie antiderrapante\u3011: Garante seguran\u00e7a e estabilidade com a sua superf\u00edcie antiderrapante, mesmo durante treinos intensos.<br \/>\n\u3010Adequado para uso profissional e dom\u00e9stico\u3011: Ideal para est\u00fadios profissionais de Pilates e configura\u00e7\u00f5es de fitness em casa.<\/p>\n<p>&nbsp;<\/p>\n<p><img decoding=\"async\" class=\"alignnone size-full wp-image-5143\" title=\"Esta\u00e7\u00e3o multifuncional de Pilates (2)\" src=\"https:\/\/gofitstrength.com\/wp-content\/uploads\/2024\/07\/Multifunctional-Pilates-Station-2.jpg\" alt=\"Esta\u00e7\u00e3o multifuncional de Pilates (2)\" width=\"800\" height=\"241\" srcset=\"https:\/\/gofitstrength.com\/wp-content\/uploads\/2024\/07\/Multifunctional-Pilates-Station-2.jpg 800w, https:\/\/gofitstrength.com\/wp-content\/uploads\/2024\/07\/Multifunctional-Pilates-Station-2-510x154.jpg 510w, https:\/\/gofitstrength.com\/wp-content\/uploads\/2024\/07\/Multifunctional-Pilates-Station-2-300x90.jpg 300w, https:\/\/gofitstrength.com\/wp-content\/uploads\/2024\/07\/Multifunctional-Pilates-Station-2-768x231.jpg 768w, https:\/\/gofitstrength.com\/wp-content\/uploads\/2024\/07\/Multifunctional-Pilates-Station-2-18x5.jpg 18w\" sizes=\"(max-width: 800px) 100vw, 800px\" \/><\/p>\n<p>&nbsp;<\/p>","protected":false},"excerpt":{"rendered":"<p>N\u00famero do artigo: PN-P-032<\/p>\n<p>Material da estrutura: Alum\u00ednio \/ Liga de alum\u00ednio<\/p>\n<p>Mola:Normal\/Padr\u00e3o\/Topo<\/p>\n<p>Couro Cor:Preto,Cinzento,Branco Outra cor opcional<\/p>\n<p>Tamanho do produto:2750*1200*2240mm<\/p>","protected":false},"featured_media":5142,"template":"","meta":[],"product_cat":[28],"product_tag":[3005,3002,3001,3004,3000,2876,3003],"class_list":{"0":"post-5141","1":"product","2":"type-product","3":"status-publish","4":"has-post-thumbnail","6":"product_cat-pilates-equipment-factory","7":"product_tag-adjustable-pilates-workout-equipment","8":"product_tag-all-in-one-pilates-station","9":"product_tag-comprehensive-pilates-workout-station","10":"product_tag-durable-pilates-station","11":"product_tag-multifunctional-pilates-station","12":"product_tag-professional-pilates-equipment","13":"product_tag-versatile-pilates-machine","15":"first","16":"instock","17":"shipping-taxable","18":"product-type-simple"},"_links":{"self":[{"href":"https:\/\/gofitstrength.com\/pt\/wp-json\/wp\/v2\/product\/5141","targetHints":{"allow":["GET"]}}],"collection":[{"href":"https:\/\/gofitstrength.com\/pt\/wp-json\/wp\/v2\/product"}],"about":[{"href":"https:\/\/gofitstrength.com\/pt\/wp-json\/wp\/v2\/types\/product"}],"wp:featuredmedia":[{"embeddable":true,"href":"https:\/\/gofitstrength.com\/pt\/wp-json\/wp\/v2\/media\/5142"}],"wp:attachment":[{"href":"https:\/\/gofitstrength.com\/pt\/wp-json\/wp\/v2\/media?parent=5141"}],"wp:term":[{"taxonomy":"product_cat","embeddable":true,"href":"https:\/\/gofitstrength.com\/pt\/wp-json\/wp\/v2\/product_cat?post=5141"},{"taxonomy":"product_tag","embeddable":true,"href":"https:\/\/gofitstrength.com\/pt\/wp-json\/wp\/v2\/product_tag?post=5141"}],"curies":[{"name":"wp","href":"https:\/\/api.w.org\/{rel}","templated":true}]}}