{"id":1617,"date":"2024-05-31T10:35:27","date_gmt":"2024-05-31T10:35:27","guid":{"rendered":"https:\/\/gofit.laozhanzhang.com\/product\/suede-surface-tpe-yoga-mat\/"},"modified":"2024-07-08T13:13:11","modified_gmt":"2024-07-08T13:13:11","slug":"premium-suede-surface-tpe-yoga-mat","status":"publish","type":"product","link":"https:\/\/gofitstrength.com\/pt\/produto\/premium-suede-surface-tpe-yoga-mat\/","title":{"rendered":"Tapete de ioga TPE com superf\u00edcie de camur\u00e7a premium"},"content":{"rendered":"<h2 style=\"margin-bottom: 5px; text-align: left;\"><span style=\"color: #282828;\"><strong>Eco-friendly Suede Surface TPE Yoga Mat with Non-slip Surface and High-density Cushioning for Superior Comfort and Durability<\/strong><\/span><\/h2>\n<p><span style=\"font-size: 20px;\"><strong>\u00a0<\/strong><\/span><\/p>\n<h3 style=\"margin-bottom: 5px;\"><span style=\"font-size: 20px;\"><strong>Especifica\u00e7\u00e3o:\u00a0<\/strong><\/span><\/h3>\n<table cellspacing=\"0\">\n<tbody>\n<tr>\n<td style=\"word-break: break-all;\">Product:\u00a0Full Color Printed Suede &amp; TPE Yoga Mat<\/td>\n<td style=\"word-break: break-all;\">Item Number: PN-YM-038<\/td>\n<\/tr>\n<tr>\n<td style=\"word-break: break-all;\">Size: <span style=\"text-wrap: wrap;\">183<\/span><span style=\"text-wrap: wrap;\">cm<\/span><span style=\"text-wrap: wrap;\">\u00a0x\u00a068<\/span><span style=\"text-wrap: wrap;\">cm<\/span><span style=\"text-wrap: wrap;\">,\u00a01.5\/4\/6mm<\/span><\/td>\n<td style=\"word-break: break-all;\">Nome da marca: Gofitstrength<\/td>\n<\/tr>\n<tr>\n<td style=\"word-break: break-all;\">Color: Multiple pattern style or Customizable<\/td>\n<td style=\"word-break: break-all;\">Min. Encomenda: Negoci\u00e1vel<\/td>\n<\/tr>\n<tr>\n<td style=\"word-break: break-all;\">Material: Suede Surface+TPE<\/td>\n<td style=\"word-break: break-all;\">Graphic:\u00a0Customized<\/td>\n<\/tr>\n<tr>\n<td style=\"word-break: break-all;\">Function:\u00a0Yoga, Exercises, Fitness<\/td>\n<td style=\"word-break: break-all;\">Packaging:\u00a0Customized<\/td>\n<\/tr>\n<tr>\n<td style=\"word-break: break-all;\">Prazo de entrega: Negoci\u00e1vel<\/td>\n<td style=\"word-break: break-all;\">LOGOTIPO: Personalizado<\/td>\n<\/tr>\n<\/tbody>\n<\/table>\n<p>&nbsp;<\/p>\n<p style=\"white-space: normal;\"><span style=\"font-size: 110%;\">\u3010Suede and TPE Material\u3011: Combines high-quality suede with eco-friendly TPE, providing a soft feel and excellent durability.<\/span><br \/>\n<span style=\"font-size: 110%;\">\u3010Printed Design\u3011: Features a stylish printed design, adding a touch of personality and elegance to your yoga practice.<\/span><br \/>\n<span style=\"font-size: 110%;\">\u3010Superf\u00edcie antiderrapante\u3011: Garante estabilidade e ader\u00eancia, mesmo durante treinos intensos e condi\u00e7\u00f5es de suor.<\/span><br \/>\n<span style=\"font-size: 110%;\">\u3010High-density Cushioning\u3011: Offers superior comfort and protection for joints during various yoga poses and exercises.<\/span><br \/>\n<span style=\"font-size: 110%;\">\u3010Durable Construction\u3011: High-quality suede and TPE materials ensure long-lasting performance and resilience.<\/span><br \/>\n<span style=\"font-size: 110%;\">\u3010Eco-amig\u00e1vel\u3011: Constru\u00eddo a partir de materiais ecol\u00f3gicos, tornando-o uma escolha sustent\u00e1vel para os entusiastas do yoga.<\/span><br \/>\n<span style=\"font-size: 110%;\">\u3010F\u00e1cil de limpar\u3011: Simples de limpar e manter, garantindo higiene e longevidade.<\/span><br \/>\n<span style=\"font-size: 110%;\">\u3010Port\u00e1til e leve\u3011: Leve e f\u00e1cil de enrolar, tornando-o conveniente para armazenamento e transporte.<\/span><\/p>\n<p style=\"white-space: normal;\">\n<p style=\"white-space: normal; text-align: center;\"><img decoding=\"async\" title=\"Suede Surface Rubber Yoga Mat\" src=\"https:\/\/www.wavar.com\/data\/upload\/ueditor\/20221104\/63648d141afdc.jpg\" alt=\"Suede Surface Rubber Yoga Mat\" \/><\/p>\n<p style=\"white-space: normal; text-align: center;\"><img decoding=\"async\" title=\"Suede Surface Rubber Yoga Mat\" src=\"https:\/\/www.wavar.com\/data\/upload\/ueditor\/20221104\/63648d2d18673.jpg\" alt=\"Suede Surface Rubber Yoga Mat\" \/><\/p>\n<p style=\"white-space: normal; text-align: center;\"><img decoding=\"async\" title=\"Suede Surface Rubber Yoga Mat\" src=\"https:\/\/www.wavar.com\/data\/upload\/ueditor\/20221104\/63648d3a6878d.jpg\" alt=\"Suede Surface Rubber Yoga Mat\" \/><\/p>\n<p style=\"white-space: normal; text-align: center;\"><img decoding=\"async\" title=\"Suede Surface Rubber Yoga Mat\" src=\"https:\/\/www.wavar.com\/data\/upload\/ueditor\/20221104\/63648d43a786d.jpg\" alt=\"Suede Surface Rubber Yoga Mat\" \/><\/p>\n<p style=\"white-space: normal; text-align: center;\"><img decoding=\"async\" title=\"Suede Surface Rubber Yoga Mat\" src=\"https:\/\/www.wavar.com\/data\/upload\/ueditor\/20221104\/63648d4c2bc22.jpg\" alt=\"Suede Surface Rubber Yoga Mat\" \/><\/p>\n<p style=\"white-space: normal;\">\n<p>&nbsp;<\/p>","protected":false},"excerpt":{"rendered":"<p>Item No.: PN-YM-038<br \/>\nMaterial: Suede+TPE<br \/>\nSize: 183cm x 68cm, 1.5\/4\/6mm<br \/>\nColor: Multiple pattern style<br \/>\nOEM\/ODM: Aceit\u00e1vel<\/p>","protected":false},"featured_media":1616,"template":"","meta":[],"product_cat":[26,37],"product_tag":[1528,1428,1415,1503,1411,1414,1496,1436],"class_list":{"0":"post-1617","1":"product","2":"type-product","3":"status-publish","4":"has-post-thumbnail","6":"product_cat-yoga","7":"product_cat-yoga-mat-manufacturer","8":"product_tag-comfortable-yoga-mat","9":"product_tag-durable-yoga-mat","10":"product_tag-eco-friendly-yoga-mat","11":"product_tag-high-density-yoga-mat","12":"product_tag-non-slip-yoga-mat","13":"product_tag-printed-yoga-mat","14":"product_tag-suede-yoga-mat","15":"product_tag-tpe-yoga-mat","17":"first","18":"instock","19":"shipping-taxable","20":"product-type-simple"},"_links":{"self":[{"href":"https:\/\/gofitstrength.com\/pt\/wp-json\/wp\/v2\/product\/1617","targetHints":{"allow":["GET"]}}],"collection":[{"href":"https:\/\/gofitstrength.com\/pt\/wp-json\/wp\/v2\/product"}],"about":[{"href":"https:\/\/gofitstrength.com\/pt\/wp-json\/wp\/v2\/types\/product"}],"wp:featuredmedia":[{"embeddable":true,"href":"https:\/\/gofitstrength.com\/pt\/wp-json\/wp\/v2\/media\/1616"}],"wp:attachment":[{"href":"https:\/\/gofitstrength.com\/pt\/wp-json\/wp\/v2\/media?parent=1617"}],"wp:term":[{"taxonomy":"product_cat","embeddable":true,"href":"https:\/\/gofitstrength.com\/pt\/wp-json\/wp\/v2\/product_cat?post=1617"},{"taxonomy":"product_tag","embeddable":true,"href":"https:\/\/gofitstrength.com\/pt\/wp-json\/wp\/v2\/product_tag?post=1617"}],"curies":[{"name":"wp","href":"https:\/\/api.w.org\/{rel}","templated":true}]}}