{"id":1615,"date":"2024-05-31T10:35:26","date_gmt":"2024-05-31T10:35:26","guid":{"rendered":"https:\/\/gofit.laozhanzhang.com\/product\/round-cork-natural-rubber-yoga-mat\/"},"modified":"2024-07-08T13:00:30","modified_gmt":"2024-07-08T13:00:30","slug":"round-cork-natural-rubber-yoga-mat","status":"publish","type":"product","link":"https:\/\/gofitstrength.com\/pt\/produto\/tapete-de-ioga-redondo-de-cortica-e-borracha-natural\/","title":{"rendered":"Tapete redondo de borracha natural para ioga"},"content":{"rendered":"<h2 style=\"margin-bottom: 5px; text-align: left;\"><span style=\"color: #282828;\"><strong>Tapete de ioga ecol\u00f3gico redondo de corti\u00e7a e borracha natural com superf\u00edcie antiderrapante e impress\u00e3o de mandalas<\/strong><\/span><\/h2>\n<p><span style=\"font-size: 20px;\"><strong>\u00a0<\/strong><\/span><\/p>\n<h3 style=\"margin-bottom: 5px;\"><span style=\"font-size: 20px;\"><strong>Especifica\u00e7\u00e3o:\u00a0<\/strong><\/span><\/h3>\n<table cellspacing=\"0\">\n<tbody>\n<tr>\n<td style=\"word-break: break-all;\">Produto<\/td>\n<td style=\"word-break: break-all;\">Tapete de borracha redondo para ioga<\/td>\n<\/tr>\n<tr>\n<td style=\"word-break: break-all;\">N\u00famero do artigo<\/td>\n<td style=\"word-break: break-all;\">PN-YM-034<\/td>\n<\/tr>\n<tr>\n<td style=\"word-break: break-all;\">Nome da marca<\/td>\n<td style=\"word-break: break-all;\">Gofitstrength<\/td>\n<\/tr>\n<tr>\n<td style=\"word-break: break-all;\">Tamanho<\/td>\n<td style=\"word-break: break-all;\">60*60*0,3cm<\/td>\n<\/tr>\n<tr>\n<td style=\"word-break: break-all;\">ODM\/OEM<\/td>\n<td style=\"word-break: break-all;\">Aceit\u00e1vel<\/td>\n<\/tr>\n<tr>\n<td style=\"word-break: break-all;\">Cor<\/td>\n<td style=\"word-break: break-all;\">Burlywood<\/td>\n<\/tr>\n<tr>\n<td style=\"word-break: break-all;\">Material<\/td>\n<td style=\"word-break: break-all;\">\u00a0Corti\u00e7a+Borracha natural<\/td>\n<\/tr>\n<\/tbody>\n<\/table>\n<p>&nbsp;<\/p>\n<p style=\"white-space: normal;\"><span style=\"font-size: 110%;\">\u3010Corti\u00e7a e borracha natural\u3011: Combina corti\u00e7a natural com borracha natural de alta qualidade para um tapete de ioga sustent\u00e1vel e dur\u00e1vel.<\/span><br \/>\n<span style=\"font-size: 110%;\">\u3010Forma redonda\u3011: A forma redonda \u00fanica oferece amplo espa\u00e7o para movimentos e poses, aprimorando sua pr\u00e1tica de ioga.<\/span><br \/>\n<span style=\"font-size: 110%;\">\u3010Superf\u00edcie antiderrapante\u3011: Apresenta uma superf\u00edcie antiderrapante que garante estabilidade e ader\u00eancia, mesmo durante exerc\u00edcios intensos e condi\u00e7\u00f5es de suor.<\/span><br \/>\n<span style=\"font-size: 110%;\">\u3010Mandala Print\u3011: O design de mandala lindamente impresso adiciona um toque de estilo e eleg\u00e2ncia \u00e0 sua pr\u00e1tica de ioga.<\/span><br \/>\n<span style=\"font-size: 110%;\">\u3010Constru\u00e7\u00e3o dur\u00e1vel\u3011: A borracha natural de alta densidade e os materiais de corti\u00e7a garantem um desempenho e resili\u00eancia duradouros.<\/span><br \/>\n<span style=\"font-size: 110%;\">\u3010Conforto e Apoio\u3011: Oferece excelente amortecimento e suporte para v\u00e1rias poses e exerc\u00edcios de yoga.<\/span><br \/>\n<span style=\"font-size: 110%;\">\u3010Eco-amig\u00e1vel\u3011: Constru\u00eddo a partir de materiais ecol\u00f3gicos, tornando-o uma escolha sustent\u00e1vel para os entusiastas do yoga.<\/span><br \/>\n<span style=\"font-size: 110%;\">\u3010F\u00e1cil de limpar\u3011: Simples de limpar e manter, garantindo higiene e longevidade.<\/span><br \/>\n<span style=\"font-size: 110%;\">\u3010Port\u00e1til e leve\u3011: Leve e f\u00e1cil de enrolar, tornando-o conveniente para armazenamento e transporte.<\/span><img decoding=\"async\" style=\"color: #555555; font-size: 14.4px;\" title=\"Tapete de medita\u00e7\u00e3o redondo de borracha de corti\u00e7a\" src=\"\/\/image.chukouplus.com\/upload\/C_2283\/file\/20230214\/fac8d31fd6244f6feca9f14810ac0011.jpg\" alt=\"Tapete de medita\u00e7\u00e3o redondo de borracha de corti\u00e7a\" data-cke-saved-src=\"\/\/image.chukouplus.com\/upload\/C_2283\/file\/20230214\/fac8d31fd6244f6feca9f14810ac0011.jpg\" \/><\/p>\n<p style=\"white-space: normal;\"><img decoding=\"async\" title=\"Tapete redondo de borracha natural para ioga\" src=\"https:\/\/www.wavar.com\/data\/upload\/ueditor\/20230711\/64acefaf927fa.jpg\" alt=\"Tapete redondo de borracha natural para ioga\" \/><\/p>\n<p style=\"white-space: normal;\"><img decoding=\"async\" title=\"Tapete de medita\u00e7\u00e3o redondo de borracha de corti\u00e7a\" src=\"\/\/image.chukouplus.com\/upload\/C_2283\/file\/20230214\/f9a40108366534a430687922e6f08fba.jpg\" alt=\"Tapete de medita\u00e7\u00e3o redondo de borracha de corti\u00e7a\" data-cke-saved-src=\"\/\/image.chukouplus.com\/upload\/C_2283\/file\/20230214\/f9a40108366534a430687922e6f08fba.jpg\" \/><\/p>\n<p style=\"white-space: normal;\"><img decoding=\"async\" title=\"Tapete redondo de borracha natural para ioga\" src=\"https:\/\/www.wavar.com\/data\/upload\/ueditor\/20230711\/64acefc1f19de.jpg\" alt=\"Tapete redondo de borracha natural para ioga\" \/><\/p>\n<p>&nbsp;<\/p>","protected":false},"excerpt":{"rendered":"<p>&nbsp;<\/p>\n<div>N.\u00ba do artigo:PN-YM-034<\/div>\n<div><\/div>\n<div>Material: Corti\u00e7a e borracha<\/div>\n<div><\/div>\n<div>Tamanho: Dia. 60cm, ou personalizado<\/div>\n<div><\/div>\n<div>Espessura: 3mm, ou personalizado<\/div>\n<div><\/div>\n<div>Log\u00f3tipo: personalizado<\/div>\n<div><\/div>\n<div>OEM\/ODM: Aceit\u00e1vel<\/div>","protected":false},"featured_media":1614,"template":"","meta":[],"product_cat":[26,37],"product_tag":[1458,1428,1415,1503,1449,1411,1414,1539],"class_list":{"0":"post-1615","1":"product","2":"type-product","3":"status-publish","4":"has-post-thumbnail","6":"product_cat-yoga","7":"product_cat-yoga-mat-manufacturer","8":"product_tag-cork-yoga-mat","9":"product_tag-durable-yoga-mat","10":"product_tag-eco-friendly-yoga-mat","11":"product_tag-high-density-yoga-mat","12":"product_tag-natural-rubber-yoga-mat","13":"product_tag-non-slip-yoga-mat","14":"product_tag-printed-yoga-mat","15":"product_tag-round-yoga-mat","17":"first","18":"instock","19":"shipping-taxable","20":"product-type-simple"},"_links":{"self":[{"href":"https:\/\/gofitstrength.com\/pt\/wp-json\/wp\/v2\/product\/1615","targetHints":{"allow":["GET"]}}],"collection":[{"href":"https:\/\/gofitstrength.com\/pt\/wp-json\/wp\/v2\/product"}],"about":[{"href":"https:\/\/gofitstrength.com\/pt\/wp-json\/wp\/v2\/types\/product"}],"wp:featuredmedia":[{"embeddable":true,"href":"https:\/\/gofitstrength.com\/pt\/wp-json\/wp\/v2\/media\/1614"}],"wp:attachment":[{"href":"https:\/\/gofitstrength.com\/pt\/wp-json\/wp\/v2\/media?parent=1615"}],"wp:term":[{"taxonomy":"product_cat","embeddable":true,"href":"https:\/\/gofitstrength.com\/pt\/wp-json\/wp\/v2\/product_cat?post=1615"},{"taxonomy":"product_tag","embeddable":true,"href":"https:\/\/gofitstrength.com\/pt\/wp-json\/wp\/v2\/product_tag?post=1615"}],"curies":[{"name":"wp","href":"https:\/\/api.w.org\/{rel}","templated":true}]}}