{"id":1511,"date":"2024-05-31T10:34:30","date_gmt":"2024-05-31T10:34:30","guid":{"rendered":"https:\/\/gofit.laozhanzhang.com\/product\/colored-bumper-plates-lb\/"},"modified":"2024-07-10T14:45:54","modified_gmt":"2024-07-10T14:45:54","slug":"colored-bumper-plates-lb","status":"publish","type":"product","link":"https:\/\/gofitstrength.com\/pt\/produto\/colored-bumper-plates-lb\/","title":{"rendered":"Placas de para-choques coloridas Premium (LB)"},"content":{"rendered":"<p>&nbsp;<\/p>\n<h2 style=\"white-space: normal; text-align: left;\"><span style=\"color: #282828;\"><strong>Premium Colored Bumper Plates (LB) for Strength Training and Home Gym<\/strong><\/span><\/h2>\n<p style=\"white-space: normal;\"><span style=\"font-size: 110%;\">\u3010High-Quality Construction\u3011: Made from high-density rubber, these weight plates are designed for durability and long-lasting performance, ideal for intense workouts.<\/span><br \/>\n<span style=\"font-size: 110%;\">\u3010Color-Coded Weights\u3011: Each plate is color-coded for easy weight identification, allowing for quick and efficient setup during training sessions.<\/span><br \/>\n<span style=\"font-size: 110%;\">\u3010Padr\u00e3o Ol\u00edmpico\u3011: Essas placas atendem aos padr\u00f5es ol\u00edmpicos com um orif\u00edcio central de 2 polegadas de di\u00e2metro, garantindo compatibilidade com todas as barras ol\u00edmpicas padr\u00e3o.<\/span><br \/>\n<span style=\"font-size: 110%;\">\u3010Non-Slip Surface\u3011: The textured surface offers a secure grip, ensuring safety and preventing slippage during exercises.<\/span><br \/>\n<span style=\"font-size: 110%;\">\u3010Shock Absorption\u3011: Designed to absorb impact, these bumper plates protect floors and reduce noise during drops, making them ideal for both home and commercial gyms.<\/span><br \/>\n<span style=\"font-size: 110%;\">\u3010Clear Weight Markings\u3011: Each plate features clear and easy-to-read weight markings in pounds (LB), making weight selection straightforward.<\/span><br \/>\n<span style=\"font-size: 110%;\">\u3010Uso vers\u00e1til\u3011: Adequado para v\u00e1rios exerc\u00edcios de treinamento de for\u00e7a, incluindo agachamentos, deadlifts, prensas de banco e muito mais.<\/span><br \/>\n<span style=\"font-size: 110%;\">\u3010Seguro e Silencioso\u3011: A constru\u00e7\u00e3o de borracha minimiza o ru\u00eddo e reduz o risco de danos aos pisos e equipamentos.<\/span><br \/>\n<span style=\"font-size: 110%;\">\u3010F\u00e1cil de manter\u3011: A superf\u00edcie lisa e n\u00e3o porosa \u00e9 f\u00e1cil de limpar e manter, garantindo higiene e longevidade.<\/span><br \/>\n<span style=\"font-size: 110%;\">\u3010Aesthetic Appeal\u3011: The sleek design with vibrant color coding adds a professional look to any home gym or fitness studio.<\/span><\/p>\n<h3 style=\"white-space: normal;\"><strong>Especifica\u00e7\u00e3o:<\/strong><\/h3>\n<table width=\"-830\" data-sort=\"sortDisabled\">\n<tbody>\n<tr>\n<td style=\"word-break: break-all;\" valign=\"top\" width=\"394\">Item No:PN-BP-004<\/td>\n<td style=\"word-break: break-all;\" valign=\"top\" width=\"394\">Origem: China<\/td>\n<\/tr>\n<tr>\n<td style=\"word-break: break-all;\" colspan=\"1\" rowspan=\"1\" valign=\"top\">Material: CPU+Stainless Steel<\/td>\n<td style=\"word-break: break-all;\" colspan=\"1\" rowspan=\"1\" valign=\"top\">Cor\/Logotipo\/Embalagem: Personalizado dispon\u00edvel<\/td>\n<\/tr>\n<\/tbody>\n<\/table>\n<p style=\"text-align: center;\">\n<p style=\"white-space: normal;\">","protected":false},"excerpt":{"rendered":"<p>Item No: PN-BP-004<\/p>\n<p>Material: CPU+Stainless Steel<\/p>\n<p>Weight options: 5, 10, 15, 20, 25kg<\/p>\n<p>OEM\/ODM: Aceit\u00e1vel<\/p>","protected":false},"featured_media":1510,"template":"","meta":[],"product_cat":[64,18,38],"product_tag":[2398,2399,2397,2401,91,2403,2402,2400],"class_list":{"0":"post-1511","1":"product","2":"type-product","3":"status-publish","4":"has-post-thumbnail","6":"product_cat-barbell-plates-manufacturer","7":"product_cat-fitness","8":"product_cat-free-weights","9":"product_tag-barbell-weight-plates","10":"product_tag-color-coded-bumper-plates","11":"product_tag-colored-bumper-plates","12":"product_tag-durable-bumper-plates","13":"product_tag-home-gym-equipment","14":"product_tag-non-slip-weight-plates","15":"product_tag-olympic-weight-plates","16":"product_tag-strength-training-plates","18":"first","19":"instock","20":"shipping-taxable","21":"product-type-simple"},"_links":{"self":[{"href":"https:\/\/gofitstrength.com\/pt\/wp-json\/wp\/v2\/product\/1511","targetHints":{"allow":["GET"]}}],"collection":[{"href":"https:\/\/gofitstrength.com\/pt\/wp-json\/wp\/v2\/product"}],"about":[{"href":"https:\/\/gofitstrength.com\/pt\/wp-json\/wp\/v2\/types\/product"}],"wp:featuredmedia":[{"embeddable":true,"href":"https:\/\/gofitstrength.com\/pt\/wp-json\/wp\/v2\/media\/1510"}],"wp:attachment":[{"href":"https:\/\/gofitstrength.com\/pt\/wp-json\/wp\/v2\/media?parent=1511"}],"wp:term":[{"taxonomy":"product_cat","embeddable":true,"href":"https:\/\/gofitstrength.com\/pt\/wp-json\/wp\/v2\/product_cat?post=1511"},{"taxonomy":"product_tag","embeddable":true,"href":"https:\/\/gofitstrength.com\/pt\/wp-json\/wp\/v2\/product_tag?post=1511"}],"curies":[{"name":"wp","href":"https:\/\/api.w.org\/{rel}","templated":true}]}}