{"id":1509,"date":"2024-05-31T10:34:29","date_gmt":"2024-05-31T10:34:29","guid":{"rendered":"https:\/\/gofit.laozhanzhang.com\/product\/crumb-bumper-plates\/"},"modified":"2024-07-10T14:48:50","modified_gmt":"2024-07-10T14:48:50","slug":"premium-crumb-bumper-plates","status":"publish","type":"product","link":"https:\/\/gofitstrength.com\/pt\/produto\/premium-crumb-bumper-plates\/","title":{"rendered":"Premium Crumb Bumper Plates"},"content":{"rendered":"<h2 style=\"text-align: left;\"><span style=\"color: #282828;\"><strong>Premium Crumb Bumper Plates for Strength Training and Home Gym<\/strong><\/span><\/h2>\n<p style=\"white-space: normal;\"><span style=\"font-size: 110%;\">\u3010High-Quality Construction\u3011: Made from high-density crumb rubber, these weight plates are designed for durability and long-lasting performance, ideal for intense workouts.<\/span><br \/>\n<span style=\"font-size: 110%;\">\u3010Color-Coded Weights\u3011: Each plate is color-coded for easy weight identification, allowing for quick and efficient setup during training sessions.<\/span><br \/>\n<span style=\"font-size: 110%;\">\u3010Padr\u00e3o Ol\u00edmpico\u3011: Essas placas atendem aos padr\u00f5es ol\u00edmpicos com um orif\u00edcio central de 2 polegadas de di\u00e2metro, garantindo compatibilidade com todas as barras ol\u00edmpicas padr\u00e3o.<\/span><br \/>\n<span style=\"font-size: 110%;\">\u3010Non-Slip Surface\u3011: The textured surface offers a secure grip, ensuring safety and preventing slippage during exercises.<\/span><br \/>\n<span style=\"font-size: 110%;\">\u3010Shock Absorption\u3011: Designed to absorb impact, these crumb bumper plates protect floors and reduce noise during drops, making them ideal for both home and commercial gyms.<\/span><br \/>\n<span style=\"font-size: 110%;\">\u3010Clear Weight Markings\u3011: Each plate features clear and easy-to-read weight markings in kilograms (KG), making weight selection straightforward.<\/span><br \/>\n<span style=\"font-size: 110%;\">\u3010Uso vers\u00e1til\u3011: Adequado para v\u00e1rios exerc\u00edcios de treinamento de for\u00e7a, incluindo agachamentos, deadlifts, prensas de banco e muito mais.<\/span><br \/>\n<span style=\"font-size: 110%;\">\u3010Seguro e Silencioso\u3011: A constru\u00e7\u00e3o de borracha minimiza o ru\u00eddo e reduz o risco de danos aos pisos e equipamentos.<\/span><br \/>\n<span style=\"font-size: 110%;\">\u3010F\u00e1cil de manter\u3011: A superf\u00edcie lisa e n\u00e3o porosa \u00e9 f\u00e1cil de limpar e manter, garantindo higiene e longevidade.<\/span><br \/>\n<span style=\"font-size: 110%;\">\u3010Aesthetic Appeal\u3011: The sleek design with vibrant color coding adds a professional look to any home gym or fitness studio<\/span>.<\/p>\n<h3 style=\"white-space: normal; margin-bottom: 5px;\"><span style=\"font-size: 20px;\"><strong>Especifica\u00e7\u00e3o:\u00a0<\/strong><\/span><\/h3>\n<table cellspacing=\"0\">\n<tbody>\n<tr>\n<td style=\"word-break: break-all;\">Item No: PN-BP-005<\/td>\n<td style=\"word-break: break-all;\">Plate diameter: 450mm<\/td>\n<\/tr>\n<tr>\n<td style=\"word-break: break-all;\">Material: Rubber + Steel<\/td>\n<td style=\"word-break: break-all;\">Center hole diameter: 50mm<\/td>\n<\/tr>\n<tr>\n<td style=\"word-break: break-all;\">Cor: Personaliz\u00e1vel<\/td>\n<td style=\"word-break: break-all;\">Min. Encomenda: Negoci\u00e1vel<\/td>\n<\/tr>\n<tr>\n<td style=\"word-break: break-all;\">Embalagem: Personalizado<\/td>\n<td style=\"word-break: break-all;\">Logo:\u00a0Customized<\/td>\n<\/tr>\n<tr>\n<td style=\"word-break: break-all;\">Nome da marca: Gofitstrength<\/td>\n<td style=\"word-break: break-all;\">Gr\u00e1fico: Personalizado<\/td>\n<\/tr>\n<\/tbody>\n<\/table>\n<p>&nbsp;<\/p>\n<p style=\"white-space: normal;\">","protected":false},"excerpt":{"rendered":"<p>Item No.: PN-BP-005<br \/>\nMaterial: Rubber + Steel<\/p>\n<p>Weight options: 5,10, 15, 25kg<\/p>\n<p>Plate diameter: 450mm<\/p>\n<p>Center hole diameter:50mm<\/p>\n<p>Durometer: ShA 70<\/p>","protected":false},"featured_media":1508,"template":"","meta":[],"product_cat":[64,18,38],"product_tag":[2398,2411,2401,2412,91,2402,2413,437],"class_list":{"0":"post-1509","1":"product","2":"type-product","3":"status-publish","4":"has-post-thumbnail","6":"product_cat-barbell-plates-manufacturer","7":"product_cat-fitness","8":"product_cat-free-weights","9":"product_tag-barbell-weight-plates","10":"product_tag-crumb-bumper-plates","11":"product_tag-durable-bumper-plates","12":"product_tag-high-density-rubber-plates","13":"product_tag-home-gym-equipment","14":"product_tag-olympic-weight-plates","15":"product_tag-shock-absorbing-weight-plates","16":"product_tag-strength-training-equipment","18":"first","19":"instock","20":"shipping-taxable","21":"product-type-simple"},"_links":{"self":[{"href":"https:\/\/gofitstrength.com\/pt\/wp-json\/wp\/v2\/product\/1509","targetHints":{"allow":["GET"]}}],"collection":[{"href":"https:\/\/gofitstrength.com\/pt\/wp-json\/wp\/v2\/product"}],"about":[{"href":"https:\/\/gofitstrength.com\/pt\/wp-json\/wp\/v2\/types\/product"}],"wp:featuredmedia":[{"embeddable":true,"href":"https:\/\/gofitstrength.com\/pt\/wp-json\/wp\/v2\/media\/1508"}],"wp:attachment":[{"href":"https:\/\/gofitstrength.com\/pt\/wp-json\/wp\/v2\/media?parent=1509"}],"wp:term":[{"taxonomy":"product_cat","embeddable":true,"href":"https:\/\/gofitstrength.com\/pt\/wp-json\/wp\/v2\/product_cat?post=1509"},{"taxonomy":"product_tag","embeddable":true,"href":"https:\/\/gofitstrength.com\/pt\/wp-json\/wp\/v2\/product_tag?post=1509"}],"curies":[{"name":"wp","href":"https:\/\/api.w.org\/{rel}","templated":true}]}}