{"id":1313,"date":"2024-05-31T10:32:47","date_gmt":"2024-05-31T10:32:47","guid":{"rendered":"https:\/\/gofit.laozhanzhang.com\/product\/solid-rubber-medicine-ball-core-exercise\/"},"modified":"2024-07-11T06:37:08","modified_gmt":"2024-07-11T06:37:08","slug":"solid-rubber-medicine-ball-core-exercise","status":"publish","type":"product","link":"https:\/\/gofitstrength.com\/pt\/produto\/bola-medicinal-de-borracha-macica-exercicio-de-nucleo\/","title":{"rendered":"Bola medicinal de borracha s\u00f3lida Exerc\u00edcio para o n\u00facleo"},"content":{"rendered":"<h2 style=\"margin-top: 0px; white-space: normal; padding: 0px; color: #666666; font-family: Poppins-Regular, arial, helvetica, sans-serif; text-align: left;\"><span style=\"color: #282828;\"><strong>Bola medicinal de borracha s\u00f3lida dur\u00e1vel para for\u00e7a e condicionamento do n\u00facleo<\/strong><\/span><\/h2>\n<p>\u3010Constru\u00e7\u00e3o de borracha de alta qualidade\u3011: Feito de borracha s\u00f3lida premium para durabilidade e resili\u00eancia excepcionais.<br \/>\n\u3010Superf\u00edcie antiderrapante\u3011: Apresenta uma superf\u00edcie texturizada e antiderrapante para garantir uma ader\u00eancia segura durante os treinos intensos.<br \/>\n\u3010Ideal para exerc\u00edcios de n\u00facleo\u3011: Perfeito para melhorar a for\u00e7a do n\u00facleo, estabilidade e condicionamento geral.<br \/>\n\u3010M\u00faltiplas op\u00e7\u00f5es de peso\u3011: Dispon\u00edvel em v\u00e1rios incrementos de peso para atender a diferentes n\u00edveis de condicionamento f\u00edsico e necessidades de treinamento.<br \/>\n\u3010Distribui\u00e7\u00e3o equilibrada do peso\u3011: Peso uniformemente distribu\u00eddo para um equil\u00edbrio e controlo ideais durante os exerc\u00edcios.<br \/>\n\u3010Compacto e port\u00e1til\u3011: F\u00e1cil de armazenar e transportar, tornando-o ideal para gin\u00e1sios dom\u00e9sticos e centros de fitness.<br \/>\n\u3010Uso vers\u00e1til\u3011: Adequado para uma ampla gama de exerc\u00edcios, incluindo agachamentos, lunges e prensas a\u00e9reas.<br \/>\n\u3010F\u00e1cil manuten\u00e7\u00e3o\u3011: Simples de limpar e manter, garantindo uma utiliza\u00e7\u00e3o e higiene duradouras.<br \/>\n\u3010Cores brilhantes e contrastantes\u3011: Projetado com cores vermelhas e pretas brilhantes para f\u00e1cil identifica\u00e7\u00e3o e uma apar\u00eancia elegante.<\/p>\n<h3 style=\"white-space: normal;\"><strong>Especifica\u00e7\u00e3o:<\/strong><\/h3>\n<table data-sort=\"sortDisabled\">\n<tbody>\n<tr>\n<td style=\"word-break: break-all;\" valign=\"top\" width=\"811\">N\u00famero do artigo: PN-MB-011<\/td>\n<td style=\"word-break: break-all;\" valign=\"top\" width=\"811\">Origem: China<\/td>\n<\/tr>\n<tr>\n<td style=\"word-break: break-all;\" colspan=\"1\" rowspan=\"1\" valign=\"top\">Material: Borracha<\/td>\n<td style=\"word-break: break-all;\" colspan=\"1\" rowspan=\"1\" valign=\"top\">OEM \/ ODM : Aceit\u00e1vel<\/td>\n<\/tr>\n<tr>\n<td style=\"word-break: break-all;\" colspan=\"1\" rowspan=\"1\" valign=\"top\">Cor: Personalizada<\/td>\n<td style=\"word-break: break-all;\" colspan=\"1\" rowspan=\"1\" valign=\"top\">Log\u00f3tipo: Personalizado<\/td>\n<\/tr>\n<tr>\n<td style=\"word-break: break-all;\" colspan=\"1\" rowspan=\"1\" valign=\"top\">Peso: 1kg, 2kg ... 9kg, 10kg ou personalizado<\/td>\n<td style=\"word-break: break-all;\" colspan=\"1\" rowspan=\"1\" valign=\"top\">Embalagem: Saco poli+cart\u00e3o ou personalizado<\/td>\n<\/tr>\n<tr>\n<td style=\"word-break: break-all;\" colspan=\"1\" rowspan=\"1\" valign=\"top\">Tamanho: Consultar a tabela de tamanhos abaixo<\/td>\n<td style=\"word-break: break-all;\" colspan=\"1\" rowspan=\"1\" valign=\"top\">Fun\u00e7\u00e3o: Levantamento de pesos, treino de for\u00e7a, treino de n\u00facleo<\/td>\n<\/tr>\n<\/tbody>\n<\/table>\n<p style=\"white-space: normal; text-align: center;\">","protected":false},"excerpt":{"rendered":"<p>N.\u00ba do artigo: PN-MB-011<\/p>\n<p>Material: Borracha<\/p>\n<p>Peso: 1kg, 2kg ... 9kg, 10kg ou personalizado<\/p>\n<p>OEM \/ ODM : Aceit\u00e1vel<\/p>","protected":false},"featured_media":1312,"template":"","meta":[],"product_cat":[18,38,58],"product_tag":[2693,2620,2606,2651,106,479,2609,2694,2692,2653],"class_list":{"0":"post-1313","1":"product","2":"type-product","3":"status-publish","4":"has-post-thumbnail","6":"product_cat-fitness","7":"product_cat-free-weights","8":"product_cat-medicine-ball-manufacturer","9":"product_tag-core-exercise-ball","10":"product_tag-customizable-medicine-ball","11":"product_tag-durable-medicine-ball","12":"product_tag-fitness-medicine-ball","13":"product_tag-gym-equipment","14":"product_tag-home-workout-equipment","15":"product_tag-non-slip-medicine-ball","16":"product_tag-portable-exercise-ball","17":"product_tag-solid-rubber-medicine-ball","18":"product_tag-strength-training-ball","20":"first","21":"instock","22":"shipping-taxable","23":"product-type-simple"},"_links":{"self":[{"href":"https:\/\/gofitstrength.com\/pt\/wp-json\/wp\/v2\/product\/1313","targetHints":{"allow":["GET"]}}],"collection":[{"href":"https:\/\/gofitstrength.com\/pt\/wp-json\/wp\/v2\/product"}],"about":[{"href":"https:\/\/gofitstrength.com\/pt\/wp-json\/wp\/v2\/types\/product"}],"wp:featuredmedia":[{"embeddable":true,"href":"https:\/\/gofitstrength.com\/pt\/wp-json\/wp\/v2\/media\/1312"}],"wp:attachment":[{"href":"https:\/\/gofitstrength.com\/pt\/wp-json\/wp\/v2\/media?parent=1313"}],"wp:term":[{"taxonomy":"product_cat","embeddable":true,"href":"https:\/\/gofitstrength.com\/pt\/wp-json\/wp\/v2\/product_cat?post=1313"},{"taxonomy":"product_tag","embeddable":true,"href":"https:\/\/gofitstrength.com\/pt\/wp-json\/wp\/v2\/product_tag?post=1313"}],"curies":[{"name":"wp","href":"https:\/\/api.w.org\/{rel}","templated":true}]}}