{"id":1215,"date":"2024-05-31T10:31:53","date_gmt":"2024-05-31T10:31:53","guid":{"rendered":"https:\/\/gofit.laozhanzhang.com\/product\/olympic-triceps-bar\/"},"modified":"2024-07-10T16:04:57","modified_gmt":"2024-07-10T16:04:57","slug":"olympic-triceps-bar","status":"publish","type":"product","link":"https:\/\/gofitstrength.com\/pt\/produto\/barra-olimpica-para-triceps\/","title":{"rendered":"Barra ol\u00edmpica para tr\u00edceps"},"content":{"rendered":"<h2 style=\"white-space: normal; text-align: left;\"><span style=\"color: #282828;\"><strong>Barra ol\u00edmpica de tr\u00edceps de alta qualidade para um treino eficaz da for\u00e7a do bra\u00e7o - Ideal para exerc\u00edcios em casa e no gin\u00e1sio<\/strong><\/span><\/h2>\n<p style=\"white-space: normal;\">\u3010Treino muscular direcionado\u3011: Especificamente projetado para direcionar e isolar o tr\u00edceps durante os treinos.<br \/>\n\u3010Constru\u00e7\u00e3o dur\u00e1vel\u3011: Fabricado em a\u00e7o s\u00f3lido de alta qualidade com acabamento cromado para evitar ferrugem e garantir longevidade.<br \/>\n\u3010Ader\u00eancia ergon\u00f3mica\u3011: Possui al\u00e7as serrilhadas para uma ader\u00eancia segura e antiderrapante, proporcionando melhor controle e conforto.<br \/>\n\u3010Uso vers\u00e1til\u3011: Perfeito para extens\u00f5es de tr\u00edceps, cachos de martelo e outros exerc\u00edcios da parte superior do corpo.<br \/>\n\u3010Tamanho ol\u00edmpico padr\u00e3o\u3011: Compat\u00edvel com placas de peso ol\u00edmpico de 2 polegadas, encaixando-se perfeitamente em qualquer rotina de levantamento de peso.<br \/>\n\u3010Personaliza\u00e7\u00e3o dispon\u00edvel\u3011: Logotipos personalizados e op\u00e7\u00f5es de marca dispon\u00edveis para pedidos em massa.<\/p>\n<h3 style=\"white-space: normal;\"><strong>Especifica\u00e7\u00e3o:<\/strong><\/h3>\n<table width=\"-830\" data-sort=\"sortDisabled\">\n<tbody>\n<tr>\n<td style=\"word-break: break-all;\" valign=\"top\" width=\"394\">N\u00famero do artigo: PN-DBar-009<\/td>\n<td style=\"word-break: break-all;\" valign=\"top\" width=\"394\">Cor: prateado ou preto<\/td>\n<\/tr>\n<tr>\n<td style=\"word-break: break-all;\" valign=\"top\" width=\"394\">Tipo: Treino de for\u00e7a\/peso<\/td>\n<td style=\"word-break: break-all;\" valign=\"top\" width=\"394\">OEM\/ODM: Aceit\u00e1vel<\/td>\n<\/tr>\n<tr>\n<td style=\"word-break: break-all;\" valign=\"top\" width=\"394\">Origem: China<\/td>\n<td style=\"word-break: break-all;\" valign=\"top\" width=\"394\">Log\u00f3tipo\/embalagem: Personalizado dispon\u00edvel<\/td>\n<\/tr>\n<tr>\n<td style=\"word-break: break-all;\" colspan=\"2\" rowspan=\"1\" valign=\"top\">Par\u00e2metros espec\u00edficos: 34\u2033 de comprimento total; 6\u2033 de comprimento da manga carreg\u00e1vel; 2\u2033 de di\u00e2metro da manga<\/td>\n<\/tr>\n<\/tbody>\n<\/table>\n<p style=\"white-space: normal;\">","protected":false},"excerpt":{"rendered":"<p>N.\u00ba do artigo:PN-DBar-009<\/p>\n<p>Material: A\u00e7o<\/p>\n<p>Di\u00e2metro: 28mm\uff1b Comprimento: 34\"\uff0886cm\uff09<\/p>\n<p>Peso: 11,5 kg (aprox.)<\/p>\n<p>Capacidade de carga: 200 lbs<\/p>","protected":false},"featured_media":1214,"template":"","meta":[],"product_cat":[81,18,38],"product_tag":[2558,2560,2553,2559,2561,2551,2556,2557],"class_list":{"0":"post-1215","1":"product","2":"type-product","3":"status-publish","4":"has-post-thumbnail","6":"product_cat-barbell-dumbbell-bar-manufacturer","7":"product_cat-fitness","8":"product_cat-free-weights","9":"product_tag-arm-strength-training-bar","10":"product_tag-customizable-triceps-bar","11":"product_tag-durable-fitness-bar","12":"product_tag-ergonomic-grip-barbell","13":"product_tag-high-quality-workout-equipment","14":"product_tag-home-gym-essentials","15":"product_tag-olympic-triceps-bar","16":"product_tag-triceps-training-equipment","18":"first","19":"instock","20":"shipping-taxable","21":"product-type-simple"},"_links":{"self":[{"href":"https:\/\/gofitstrength.com\/pt\/wp-json\/wp\/v2\/product\/1215","targetHints":{"allow":["GET"]}}],"collection":[{"href":"https:\/\/gofitstrength.com\/pt\/wp-json\/wp\/v2\/product"}],"about":[{"href":"https:\/\/gofitstrength.com\/pt\/wp-json\/wp\/v2\/types\/product"}],"wp:featuredmedia":[{"embeddable":true,"href":"https:\/\/gofitstrength.com\/pt\/wp-json\/wp\/v2\/media\/1214"}],"wp:attachment":[{"href":"https:\/\/gofitstrength.com\/pt\/wp-json\/wp\/v2\/media?parent=1215"}],"wp:term":[{"taxonomy":"product_cat","embeddable":true,"href":"https:\/\/gofitstrength.com\/pt\/wp-json\/wp\/v2\/product_cat?post=1215"},{"taxonomy":"product_tag","embeddable":true,"href":"https:\/\/gofitstrength.com\/pt\/wp-json\/wp\/v2\/product_tag?post=1215"}],"curies":[{"name":"wp","href":"https:\/\/api.w.org\/{rel}","templated":true}]}}