{"id":1181,"date":"2024-05-31T10:31:36","date_gmt":"2024-05-31T10:31:36","guid":{"rendered":"https:\/\/gofit.laozhanzhang.com\/product\/adjustable-kettlebell\/"},"modified":"2024-07-10T08:20:54","modified_gmt":"2024-07-10T08:20:54","slug":"wholesale-adjustable-kettlebell","status":"publish","type":"product","link":"https:\/\/gofitstrength.com\/pt\/produto\/wholesale-adjustable-kettlebell\/","title":{"rendered":"Wholesale Adjustable Kettlebell"},"content":{"rendered":"<h2 style=\"white-space: normal; text-align: left;\"><span style=\"color: #282828;\"><strong>High-Quality Adjustable Kettlebell for Strength Training and Home Gym<\/strong><\/span><\/h2>\n<p style=\"white-space: normal;\"><span style=\"font-size: 20px;\"><strong>\u00a0<\/strong><\/span><\/p>\n<p><span style=\"font-size: 110%;\">\u3010High-Quality Material\u3011: Made from premium-grade materials with a durable finish that ensures long-lasting durability and a sleek, professional look.<\/span><br \/>\n<span style=\"font-size: 110%;\">\u3010Design de peso ajust\u00e1vel\u3011: O design inovador e ajust\u00e1vel permite alternar entre diferentes configura\u00e7\u00f5es de peso com facilidade, proporcionando versatilidade para v\u00e1rios exerc\u00edcios e n\u00edveis de condicionamento f\u00edsico.<\/span><br \/>\n<span style=\"font-size: 110%;\">\u3010Non-Slip Grip\u3011: The ergonomically designed handle with a textured pattern provides a secure and comfortable grip, preventing slippage during intense workouts.<\/span><br \/>\n<span style=\"font-size: 110%;\">\u3010Compacto e economizador de espa\u00e7o\u3011: Combina v\u00e1rios pesos em uma unidade compacta, economizando espa\u00e7o e tornando-o perfeito para academias dom\u00e9sticas com espa\u00e7o limitado.<\/span><br \/>\n<span style=\"font-size: 110%;\">\u3010Uso vers\u00e1til\u3011: Ideal para uma ampla gama de exerc\u00edcios, incluindo treinamento de for\u00e7a, constru\u00e7\u00e3o muscular e rotinas de condicionamento f\u00edsico funcional, adequado para todos os n\u00edveis de condicionamento f\u00edsico.<\/span><br \/>\n<span style=\"font-size: 110%;\">\u3010Mecanismo de ajuste f\u00e1cil\u3011: Possui um mecanismo de ajuste f\u00e1cil de usar que permite mudan\u00e7as de peso r\u00e1pidas e perfeitas, agilizando suas sess\u00f5es de treino.<\/span><br \/>\n<span style=\"font-size: 110%;\">\u3010marca\u00e7\u00f5es claras de peso\u3011: Cada placa de peso tem marca\u00e7\u00f5es claras para f\u00e1cil identifica\u00e7\u00e3o e sele\u00e7\u00e3o r\u00e1pida.<\/span><br \/>\n<span style=\"font-size: 110%;\">\u3010Durable Construction\u3011: Built with high-quality materials and reinforced for strength, these kettlebells are designed to withstand frequent and intense usage without damage.<\/span><br \/>\n<span style=\"font-size: 110%;\">\u3010Protects Floors\u3011: The smooth finish not only adds durability but also protects your floors from scratches and damage when the weights are placed down.<\/span><br \/>\n<span style=\"font-size: 110%;\">\u3010Apelo est\u00e9tico\u3011: O design elegante e moderno adiciona uma apar\u00eancia profissional e elegante ao seu gin\u00e1sio em casa ou espa\u00e7o de treino.<\/span><\/p>\n<p>&nbsp;<\/p>\n<h3 style=\"white-space: normal; margin-bottom: 5px;\"><span style=\"font-size: 20px;\"><strong>Especifica\u00e7\u00e3o:\u00a0<\/strong><\/span><\/h3>\n<table cellspacing=\"0\">\n<tbody>\n<tr>\n<td style=\"word-break: break-all;\">Item No: PN-KET-001<\/td>\n<td style=\"word-break: break-all;\">Material:\u00a0Cast Iron+Latex<\/td>\n<\/tr>\n<tr>\n<td style=\"word-break: break-all;\">Cor: Personaliz\u00e1vel<\/td>\n<td style=\"word-break: break-all;\">Min. Encomenda: Negoci\u00e1vel<\/td>\n<\/tr>\n<tr>\n<td style=\"word-break: break-all;\">Embalagem: Personalizado<\/td>\n<td style=\"word-break: break-all;\">Porto: Shanghai, Ningbo, Shenzhen, etc<\/td>\n<\/tr>\n<tr>\n<td style=\"word-break: break-all;\">Brand Name: GOFITSTRENGHTH<\/td>\n<td style=\"word-break: break-all;\">Gr\u00e1fico: Personalizado<\/td>\n<\/tr>\n<tr>\n<td style=\"word-break: break-all;\">Prazo de entrega: Negoci\u00e1vel<\/td>\n<td style=\"word-break: break-all;\">Log\u00f3tipo:<span style=\"background-color: #edf5fa;\">\u00a0<\/span>Personalizado<\/td>\n<\/tr>\n<\/tbody>\n<\/table>\n<p>&nbsp;<\/p>","protected":false},"excerpt":{"rendered":"<p>Item No: PN-KET-001<\/p>\n<p>Material: Cast Iron+Latex<\/p>\n<p>OEM\/ODM:Acceptable<\/p>","protected":false},"featured_media":1180,"template":"","meta":[],"product_cat":[18,38,43],"product_tag":[2257,2261,88,91,2258,2259,437,2260],"class_list":{"0":"post-1181","1":"product","2":"type-product","3":"status-publish","4":"has-post-thumbnail","6":"product_cat-fitness","7":"product_cat-free-weights","8":"product_cat-kettlebell-factory","9":"product_tag-adjustable-kettlebell","10":"product_tag-compact-adjustable-kettlebell","11":"product_tag-durable-exercise-weights","12":"product_tag-home-gym-equipment","13":"product_tag-multi-weight-kettlebell","14":"product_tag-non-slip-kettlebells","15":"product_tag-strength-training-equipment","16":"product_tag-versatile-kettlebell","18":"first","19":"instock","20":"shipping-taxable","21":"product-type-simple"},"_links":{"self":[{"href":"https:\/\/gofitstrength.com\/pt\/wp-json\/wp\/v2\/product\/1181","targetHints":{"allow":["GET"]}}],"collection":[{"href":"https:\/\/gofitstrength.com\/pt\/wp-json\/wp\/v2\/product"}],"about":[{"href":"https:\/\/gofitstrength.com\/pt\/wp-json\/wp\/v2\/types\/product"}],"wp:featuredmedia":[{"embeddable":true,"href":"https:\/\/gofitstrength.com\/pt\/wp-json\/wp\/v2\/media\/1180"}],"wp:attachment":[{"href":"https:\/\/gofitstrength.com\/pt\/wp-json\/wp\/v2\/media?parent=1181"}],"wp:term":[{"taxonomy":"product_cat","embeddable":true,"href":"https:\/\/gofitstrength.com\/pt\/wp-json\/wp\/v2\/product_cat?post=1181"},{"taxonomy":"product_tag","embeddable":true,"href":"https:\/\/gofitstrength.com\/pt\/wp-json\/wp\/v2\/product_tag?post=1181"}],"curies":[{"name":"wp","href":"https:\/\/api.w.org\/{rel}","templated":true}]}}