{"id":1142,"date":"2024-05-31T10:31:14","date_gmt":"2024-05-31T10:31:14","guid":{"rendered":"https:\/\/gofit.laozhanzhang.com\/product\/deep-muscle-pro-massage-gun\/"},"modified":"2024-07-11T15:12:50","modified_gmt":"2024-07-11T15:12:50","slug":"deep-muscle-pro-massage-gun","status":"publish","type":"product","link":"https:\/\/gofitstrength.com\/pt\/produto\/pistola-de-massagem-deep-muscle-pro\/","title":{"rendered":"Pistola de massagem Deep Muscle Pro"},"content":{"rendered":"<h2 style=\"margin-bottom: 5px; text-align: left;\"><span style=\"color: #282828;\"><strong>Pistola de massagem profissional Deep Muscle Pro com cabe\u00e7as intercambi\u00e1veis e percuss\u00e3o de alta intensidade<\/strong><\/span><\/h2>\n<h3 style=\"margin-bottom: 5px;\"><span style=\"font-size: 20px;\"><strong>Especifica\u00e7\u00f5es:<\/strong><\/span><\/h3>\n<table cellspacing=\"0\" cellpadding=\"0\">\n<colgroup>\n<col \/>\n<col \/><\/colgroup>\n<tbody>\n<tr>\n<td>N\u00famero do artigo: PN-MG-003<\/td>\n<td>Material do inv\u00f3lucro: ABS<\/td>\n<\/tr>\n<tr>\n<td>Cor: cinzento escuro + azul cinzento + cinzento claro<\/td>\n<td>Aplica\u00e7\u00e3o: Relaxamento muscular<\/td>\n<\/tr>\n<tr>\n<td>Pe\u00e7as de cabe\u00e7a: 8pcs<\/td>\n<td>Material da cabe\u00e7a: ABS+EVA<\/td>\n<\/tr>\n<tr>\n<td>Grupo adequado: Todos os grupos<\/td>\n<td>Tamanho: 184*254*50mm<\/td>\n<\/tr>\n<tr>\n<td>Tipo de motor: Motor sem escovas<\/td>\n<td>Bateria: 16,8V\/4800mAh<\/td>\n<\/tr>\n<tr>\n<td>Pistola de massagem DIA: 55mm<\/td>\n<td>Capacidade de pot\u00eancia: 25W (pot\u00eancia forte at\u00e9 125W)<\/td>\n<\/tr>\n<tr>\n<td>Peso l\u00edquido: 965g<\/td>\n<td>Tempo de carga total: 10H<\/td>\n<\/tr>\n<tr>\n<td>Tempo de funcionamento: 12H (uma \u00fanica carga)<\/td>\n<td>Velocidade ajust\u00e1vel: 30 velocidades<\/td>\n<\/tr>\n<tr>\n<td>Taxa de rota\u00e7\u00e3o: 1300-3200r\/min<\/td>\n<td>Amplitude: 10mm<\/td>\n<\/tr>\n<\/tbody>\n<\/table>\n<p>&nbsp;<\/p>\n<p style=\"margin-bottom: 5px;\"><span style=\"font-size: 110%;\">\u3010Cabe\u00e7as intercambi\u00e1veis\u3011: Vem com seis cabe\u00e7as de massagem diferentes para atingir grupos musculares espec\u00edficos e fornecer al\u00edvio personalizado.<\/span><br \/>\n<span style=\"font-size: 110%;\">\u3010Percuss\u00e3o de alta intensidade\u3011: Proporciona um tratamento muscular poderoso e profundo para aliviar a dor e melhorar a recupera\u00e7\u00e3o.<\/span><br \/>\n<span style=\"font-size: 110%;\">\u3010Configura\u00e7\u00f5es de velocidade ajust\u00e1veis\u3011: V\u00e1rios n\u00edveis de velocidade permitem uma intensidade de massagem personalizada, de suave a alta intensidade.<\/span><br \/>\n<span style=\"font-size: 110%;\">\u3010Design ergon\u00f3mico\u3011: Pega confort\u00e1vel e antiderrapante para uma f\u00e1cil ader\u00eancia e controlo durante a utiliza\u00e7\u00e3o.<\/span><br \/>\n<span style=\"font-size: 110%;\">\u3010Tecnologia de motor silencioso\u3011: Equipado com um motor de alto desempenho que funciona silenciosamente, ideal para uso em qualquer ambiente.<\/span><br \/>\n<span style=\"font-size: 110%;\">\u3010Bateria de longa dura\u00e7\u00e3o\u3011: Possui uma bateria recarreg\u00e1vel que fornece uso prolongado com uma \u00fanica carga, perfeita para sess\u00f5es ininterruptas.<\/span><br \/>\n<span style=\"font-size: 110%;\">\u3010Display digital\u3011: O ecr\u00e3 digital integrado mostra as defini\u00e7\u00f5es de velocidade e a dura\u00e7\u00e3o da bateria, facilitando a monitoriza\u00e7\u00e3o e o ajuste.<\/span><br \/>\n<span style=\"font-size: 110%;\">\u3010Port\u00e1til e leve\u3011: O design compacto garante portabilidade, tornando-o conveniente para transportar em uma bolsa de gin\u00e1stica ou mala para uso em movimento.<\/span><br \/>\n<span style=\"font-size: 110%;\">\u3010Recupera\u00e7\u00e3o melhorada\u3011: Ajuda a reduzir a dor muscular, melhorando a circula\u00e7\u00e3o sangu\u00ednea e acelerando a recupera\u00e7\u00e3o ap\u00f3s actividades f\u00edsicas.<\/span><\/p>\n<p>&nbsp;<\/p>\n<p><img decoding=\"async\" title=\"Pistola de massagem Deep Muscle Pro\" src=\"https:\/\/www.wavar.com\/data\/upload\/ueditor\/20210717\/60f24aacb1098.jpg\" alt=\"Pistola de massagem Deep Muscle Pro\" \/><\/p>\n<p><img decoding=\"async\" title=\"Pistola de massagem Deep Muscle Pro\" src=\"https:\/\/www.wavar.com\/data\/upload\/ueditor\/20210717\/60f24a92abc4c.jpg\" alt=\"Pistola de massagem Deep Muscle Pro\" \/><\/p>\n<p><img decoding=\"async\" title=\"Pistola de massagem Deep Muscle Pro\" src=\"https:\/\/www.wavar.com\/data\/upload\/ueditor\/20210717\/60f24a9b162f5.jpg\" alt=\"Pistola de massagem Deep Muscle Pro\" \/><\/p>\n<p><img decoding=\"async\" title=\"Pistola de massagem Deep Muscle Pro\" src=\"https:\/\/www.wavar.com\/data\/upload\/ueditor\/20210717\/60f24aa4616de.jpg\" alt=\"Pistola de massagem Deep Muscle Pro\" \/><\/p>\n<p>&nbsp;<\/p>","protected":false},"excerpt":{"rendered":"<div>N\u00famero do artigo: PN-MG-003<\/div>\n<div><\/div>\n<div>Certifica\u00e7\u00e3o: CE, FCC<\/div>\n<div><\/div>\n<div>Bateria: 16,8V\/4800mAh<\/div>\n<div><\/div>\n<div>Tipo de motor: Motor sem escovas<\/div>\n<div><\/div>\n<div>Pot\u00eancia forte: At\u00e9 125W<\/div>","protected":false},"featured_media":1141,"template":"","meta":[],"product_cat":[18,31,30],"product_tag":[2959,2961,2964,2963,2960,2962,2965],"class_list":{"0":"post-1142","1":"product","2":"type-product","3":"status-publish","4":"has-post-thumbnail","6":"product_cat-fitness","7":"product_cat-massage-gun-manufacturer","8":"product_cat-massage-recovery","9":"product_tag-deep-muscle-massage-gun","10":"product_tag-high-intensity-muscle-massager","11":"product_tag-multi-head-muscle-massager","12":"product_tag-portable-percussion-massage-gun","13":"product_tag-pro-massage-gun","14":"product_tag-professional-deep-tissue-massager","15":"product_tag-rechargeable-massage-gun","17":"first","18":"instock","19":"shipping-taxable","20":"product-type-simple"},"_links":{"self":[{"href":"https:\/\/gofitstrength.com\/pt\/wp-json\/wp\/v2\/product\/1142","targetHints":{"allow":["GET"]}}],"collection":[{"href":"https:\/\/gofitstrength.com\/pt\/wp-json\/wp\/v2\/product"}],"about":[{"href":"https:\/\/gofitstrength.com\/pt\/wp-json\/wp\/v2\/types\/product"}],"wp:featuredmedia":[{"embeddable":true,"href":"https:\/\/gofitstrength.com\/pt\/wp-json\/wp\/v2\/media\/1141"}],"wp:attachment":[{"href":"https:\/\/gofitstrength.com\/pt\/wp-json\/wp\/v2\/media?parent=1142"}],"wp:term":[{"taxonomy":"product_cat","embeddable":true,"href":"https:\/\/gofitstrength.com\/pt\/wp-json\/wp\/v2\/product_cat?post=1142"},{"taxonomy":"product_tag","embeddable":true,"href":"https:\/\/gofitstrength.com\/pt\/wp-json\/wp\/v2\/product_tag?post=1142"}],"curies":[{"name":"wp","href":"https:\/\/api.w.org\/{rel}","templated":true}]}}