{"id":1132,"date":"2024-05-31T10:31:08","date_gmt":"2024-05-31T10:31:08","guid":{"rendered":"https:\/\/gofit.laozhanzhang.com\/product\/multifunctional-foot-pedal-pull-rope\/"},"modified":"2024-07-10T14:20:06","modified_gmt":"2024-07-10T14:20:06","slug":"multifunctional-foot-pedal-pull-rope-exerciser","status":"publish","type":"product","link":"https:\/\/gofitstrength.com\/pt\/produto\/exercitador-multifuncional-de-corda-de-tracao-com-pedal\/","title":{"rendered":"Exercitador multifuncional de corda de tra\u00e7\u00e3o com pedal"},"content":{"rendered":"<h2 style=\"margin-top: 0px; white-space: normal; padding: 0px; color: #666666; font-family: Poppins-Regular, arial, helvetica, sans-serif; text-align: left;\"><span style=\"color: #282828;\"><strong>Aparelho multifuncional dur\u00e1vel para exerc\u00edcios com corda de puxar com pegas de espuma para exerc\u00edcios de corpo inteiro e treino de resist\u00eancia<\/strong><\/span><\/h2>\n<h3 style=\"white-space: normal;\"><strong>Especifica\u00e7\u00e3o:<\/strong><\/h3>\n<table>\n<tbody>\n<tr>\n<td style=\"word-break: break-all;\" valign=\"top\" width=\"811\">N\u00famero do artigo: PN-FB-006<\/td>\n<td style=\"word-break: break-all;\" valign=\"top\" width=\"811\">Origem: China<\/td>\n<\/tr>\n<tr>\n<td style=\"word-break: break-all;\" valign=\"top\" width=\"811\">Material: TPE+EVA+Espuma<\/td>\n<td style=\"word-break: break-all;\" valign=\"top\" width=\"811\">OEM \/ ODM : Aceit\u00e1vel<\/td>\n<\/tr>\n<tr>\n<td style=\"word-break: break-all;\" valign=\"top\" width=\"811\">Cor: vermelho, roxo, verde claro, amarelo, azul<\/td>\n<td style=\"word-break: break-all;\" valign=\"top\" width=\"811\">Log\u00f3tipo: Personalizado<\/td>\n<\/tr>\n<tr>\n<td style=\"word-break: break-all;\" valign=\"top\" width=\"811\">Largura: 26cm<\/td>\n<td style=\"word-break: break-all;\" valign=\"top\" width=\"811\">Altura: 49cm<\/td>\n<\/tr>\n<tr>\n<td style=\"word-break: break-all;\" colspan=\"1\" rowspan=\"1\" valign=\"top\">Peso: 0,36 kg<\/td>\n<td style=\"word-break: break-all;\" colspan=\"1\" rowspan=\"1\" valign=\"top\">Fun\u00e7\u00e3o: Emagrecimento do corpo, Manter-se saud\u00e1vel, Aliviar a fadiga<\/td>\n<\/tr>\n<\/tbody>\n<\/table>\n<p style=\"white-space: normal;\">\n<p style=\"white-space: normal;\"><span style=\"font-size: 110%;\">\u3010Ferramenta de treino vers\u00e1til\u3011: Ideal para exerc\u00edcios de corpo inteiro, incluindo treinamento de for\u00e7a, tonifica\u00e7\u00e3o muscular e exerc\u00edcios de flexibilidade.<\/span><br \/>\n<span style=\"font-size: 110%;\">\u3010Material de alta qualidade\u3011: Feito de borracha premium e dur\u00e1vel e equipado com al\u00e7as de espuma resistentes para uso e conforto duradouros.<\/span><br \/>\n<span style=\"font-size: 110%;\">\u3010Al\u00e7as de espuma confort\u00e1veis\u3011: As pegas de espuma macia proporcionam uma ader\u00eancia segura e confort\u00e1vel durante os treinos, evitando a fadiga das m\u00e3os.<\/span><br \/>\n<span style=\"font-size: 110%;\">\u3010Compacto e port\u00e1til\u3011: Leve e f\u00e1cil de transportar, perfeito para uso em casa, academia ou viagens.<\/span><br \/>\n<span style=\"font-size: 110%;\">\u3010N\u00edveis de resist\u00eancia m\u00faltipla\u3011: Possui v\u00e1rias cordas de resist\u00eancia para ajustar a intensidade de seus treinos, adequadas para todos os n\u00edveis de condicionamento f\u00edsico.<\/span><br \/>\n<span style=\"font-size: 110%;\">\u3010F\u00e1cil de usar\u3011: O design simples permite uma configura\u00e7\u00e3o r\u00e1pida e exerc\u00edcios eficientes, tornando-o adequado tanto para iniciantes quanto para usu\u00e1rios avan\u00e7ados.<\/span><\/p>\n<p>&nbsp;<\/p>","protected":false},"excerpt":{"rendered":"<div>tem n.\u00ba: PN-FB-006<\/div>\n<div><\/div>\n<div>Material: TPE+EVA+Espuma<\/div>\n<div><\/div>\n<div>Altura: 49cm<\/div>\n<div><\/div>\n<div>Peso: 0,36 kg<\/div>\n<div><\/div>\n<div>Largura: 26cm<\/div>","protected":false},"featured_media":1131,"template":"","meta":[],"product_cat":[33,26],"product_tag":[2340,2341,2036,2337,2338,2336,2339,408],"class_list":{"0":"post-1132","1":"product","2":"type-product","3":"status-publish","4":"has-post-thumbnail","6":"product_cat-resistance-band-manufacturer","7":"product_cat-yoga","8":"product_tag-adjustable-resistance-exerciser","9":"product_tag-compact-workout-tool","10":"product_tag-durable-exercise-bands","11":"product_tag-foam-handle-resistance-bands","12":"product_tag-full-body-workout-rope","13":"product_tag-multifunctional-pull-rope-exerciser","14":"product_tag-portable-fitness-equipment","15":"product_tag-strength-training-rope","17":"first","18":"instock","19":"shipping-taxable","20":"product-type-simple"},"_links":{"self":[{"href":"https:\/\/gofitstrength.com\/pt\/wp-json\/wp\/v2\/product\/1132","targetHints":{"allow":["GET"]}}],"collection":[{"href":"https:\/\/gofitstrength.com\/pt\/wp-json\/wp\/v2\/product"}],"about":[{"href":"https:\/\/gofitstrength.com\/pt\/wp-json\/wp\/v2\/types\/product"}],"wp:featuredmedia":[{"embeddable":true,"href":"https:\/\/gofitstrength.com\/pt\/wp-json\/wp\/v2\/media\/1131"}],"wp:attachment":[{"href":"https:\/\/gofitstrength.com\/pt\/wp-json\/wp\/v2\/media?parent=1132"}],"wp:term":[{"taxonomy":"product_cat","embeddable":true,"href":"https:\/\/gofitstrength.com\/pt\/wp-json\/wp\/v2\/product_cat?post=1132"},{"taxonomy":"product_tag","embeddable":true,"href":"https:\/\/gofitstrength.com\/pt\/wp-json\/wp\/v2\/product_tag?post=1132"}],"curies":[{"name":"wp","href":"https:\/\/api.w.org\/{rel}","templated":true}]}}