{"id":1079,"date":"2024-05-31T10:30:39","date_gmt":"2024-05-31T10:30:39","guid":{"rendered":"https:\/\/gofit.laozhanzhang.com\/product\/pvcfoamed-cotton-detachable-hula-hoop\/"},"modified":"2024-07-02T11:27:39","modified_gmt":"2024-07-02T11:27:39","slug":"pvcfoamed-cotton-detachable-hula-hoop","status":"publish","type":"product","link":"https:\/\/gofitstrength.com\/pt\/produto\/bambole-amovivel-de-algodao-com-espuma-de-pvc\/","title":{"rendered":"Bambol\u00ea amov\u00edvel de PVC + algod\u00e3o espumado"},"content":{"rendered":"<h2 style=\"white-space: normal; text-align: left;\"><span style=\"color: #282828;\"><strong>Hula Hoop ajust\u00e1vel em PVC e algod\u00e3o espumado amov\u00edvel para fitness e perda de peso<\/strong><\/span><\/h2>\n<p style=\"margin-top: 0px; margin-bottom: 0px; white-space: normal; padding: 0px; line-height: 30px; min-height: 30px; color: #666666; font-family: Poppins-Regular, arial, helvetica, sans-serif;\"><span style=\"margin: 0px; padding: 0px; font-size: 20px; line-height: 30px;\"><strong style=\"margin: 0px; padding: 0px;\">\u00a0<\/strong><\/span><\/p>\n<h2 style=\"white-space: normal;\"><strong>Especifica\u00e7\u00e3o:<\/strong><\/h2>\n<table cellspacing=\"0\">\n<tbody>\n<tr>\n<td>N.\u00ba de sec\u00e7\u00f5es<\/td>\n<td>Material<\/td>\n<td>Di\u00e2metro\uff08cm\uff09<\/td>\n<td>Cor<\/td>\n<td style=\"word-break: break-all;\">Com a redu\u00e7\u00e3o de uma \u00fanica sec\u00e7\u00e3o, o di\u00e2metro do aro diminuir\u00e1 em (cm)<\/td>\n<\/tr>\n<tr>\n<td>8<\/td>\n<td>Pvc+Algod\u00e3o espumado<\/td>\n<td>95<\/td>\n<td style=\"word-break: break-all;\">Branco, azul, amarelo, cinzento, cor-de-rosa ou personalizado<\/td>\n<td>10<\/td>\n<\/tr>\n<\/tbody>\n<\/table>\n<p>&nbsp;<\/p>\n<p style=\"white-space: normal;\"><span style=\"font-size: 110%;\">\u3010Material de alta qualidade\u3011: Constru\u00eddo a partir de PVC dur\u00e1vel com uma confort\u00e1vel camada externa de algod\u00e3o espumado para uma experi\u00eancia suave e amortecida.<\/span><br \/>\n<span style=\"font-size: 110%;\">\u3010Design destac\u00e1vel\u3011: Facilmente destac\u00e1vel em v\u00e1rias se\u00e7\u00f5es para armazenamento e portabilidade convenientes, tornando-o ideal para uso em casa, academia ou viagens.<\/span><br \/>\n<span style=\"font-size: 110%;\">\u3010Peso ajust\u00e1vel\u3011: Pode ser preenchido com peso adicional para aumentar a intensidade do treino e melhorar os resultados de perda de peso e tonifica\u00e7\u00e3o.<\/span><br \/>\n<span style=\"font-size: 110%;\">\u3010Mecanismo de bloqueio seguro\u3011: Possui um sistema de bloqueio seguro para garantir estabilidade e seguran\u00e7a durante o uso.<\/span><br \/>\n<span style=\"font-size: 110%;\">\u3010Design ergon\u00f3mico\u3011: Projetado para se ajustar aos contornos naturais do seu corpo, proporcionando uma experi\u00eancia de treino eficaz e agrad\u00e1vel.<\/span><br \/>\n<span style=\"font-size: 110%;\">\u3010F\u00e1cil montagem\u3011: R\u00e1pido e simples de montar e desmontar, tornando-o perfeito para todos os n\u00edveis de fitness e idades.<\/span><br \/>\n<span style=\"font-size: 110%;\">\u3010Uso vers\u00e1til\u3011: Adequado para v\u00e1rias atividades de fitness, incluindo perda de peso, tonifica\u00e7\u00e3o muscular, fortalecimento do n\u00facleo e condicionamento geral do corpo.<\/span><\/p>\n<p><img decoding=\"async\" title=\"Bambol\u00ea amov\u00edvel de algod\u00e3o com espuma de PVC\" src=\"https:\/\/www.wavar.com\/data\/upload\/ueditor\/20230313\/640e8a50ab21d.jpg\" alt=\"Bambol\u00ea amov\u00edvel de algod\u00e3o com espuma de PVC\" \/><\/p>\n<p><img decoding=\"async\" title=\"Bambol\u00ea amov\u00edvel de algod\u00e3o com espuma de PVC\" src=\"https:\/\/www.wavar.com\/data\/upload\/ueditor\/20230313\/640e8a668faf2.jpg\" alt=\"Bambol\u00ea amov\u00edvel de algod\u00e3o com espuma de PVC\" \/><\/p>\n<p><img decoding=\"async\" title=\"Bambol\u00ea amov\u00edvel de algod\u00e3o com espuma de PVC\" src=\"https:\/\/www.wavar.com\/data\/upload\/ueditor\/20230313\/640e8a6e2b887.jpg\" alt=\"Bambol\u00ea amov\u00edvel de algod\u00e3o com espuma de PVC\" \/><\/p>\n<p><img decoding=\"async\" title=\"Bambol\u00ea amov\u00edvel de algod\u00e3o com espuma de PVC\" src=\"https:\/\/www.wavar.com\/data\/upload\/ueditor\/20230313\/640e8a743b944.jpg\" alt=\"Bambol\u00ea amov\u00edvel de algod\u00e3o com espuma de PVC\" \/><\/p>\n<p><img decoding=\"async\" title=\"Bambol\u00ea amov\u00edvel de algod\u00e3o com espuma de PVC\" src=\"https:\/\/www.wavar.com\/data\/upload\/ueditor\/20230313\/640e8a7be80ad.jpg\" alt=\"Bambol\u00ea amov\u00edvel de algod\u00e3o com espuma de PVC\" \/><\/p>\n<p><img decoding=\"async\" title=\"Bambol\u00ea amov\u00edvel de algod\u00e3o com espuma de PVC\" src=\"https:\/\/www.wavar.com\/data\/upload\/ueditor\/20230313\/640e8a849f2bb.jpg\" alt=\"Bambol\u00ea amov\u00edvel de algod\u00e3o com espuma de PVC\" \/><\/p>\n<p><img decoding=\"async\" title=\"Bambol\u00ea amov\u00edvel de algod\u00e3o com espuma de PVC\" src=\"https:\/\/www.wavar.com\/data\/upload\/ueditor\/20230313\/640e8a915fede.jpg\" alt=\"Bambol\u00ea amov\u00edvel de algod\u00e3o com espuma de PVC\" \/><\/p>\n<p style=\"text-align: center;\">","protected":false},"excerpt":{"rendered":"<div>N\u00famero do artigo: PN-HH-001<\/div>\n<div><\/div>\n<div>Material: PVC+algod\u00e3o espumado<\/div>\n<div><\/div>\n<div>N.\u00ba de sec\u00e7\u00f5es: 8<\/div>","protected":false},"featured_media":1078,"template":"","meta":[],"product_cat":[18,19,77],"product_tag":[467,464,466,91,468,465,469],"class_list":{"0":"post-1079","1":"product","2":"type-product","3":"status-publish","4":"has-post-thumbnail","6":"product_cat-fitness","7":"product_cat-fitness-accessories","8":"product_cat-hula-hoop-manufacturer","9":"product_tag-adjustable-exercise-hoop","10":"product_tag-detachable-hula-hoop","11":"product_tag-fitness-hula-hoop","12":"product_tag-home-gym-equipment","13":"product_tag-portable-weighted-hoop","14":"product_tag-pvc-foamed-cotton-hula-hoop","15":"product_tag-slimming-hula-hoop","17":"first","18":"instock","19":"shipping-taxable","20":"product-type-simple"},"_links":{"self":[{"href":"https:\/\/gofitstrength.com\/pt\/wp-json\/wp\/v2\/product\/1079","targetHints":{"allow":["GET"]}}],"collection":[{"href":"https:\/\/gofitstrength.com\/pt\/wp-json\/wp\/v2\/product"}],"about":[{"href":"https:\/\/gofitstrength.com\/pt\/wp-json\/wp\/v2\/types\/product"}],"wp:featuredmedia":[{"embeddable":true,"href":"https:\/\/gofitstrength.com\/pt\/wp-json\/wp\/v2\/media\/1078"}],"wp:attachment":[{"href":"https:\/\/gofitstrength.com\/pt\/wp-json\/wp\/v2\/media?parent=1079"}],"wp:term":[{"taxonomy":"product_cat","embeddable":true,"href":"https:\/\/gofitstrength.com\/pt\/wp-json\/wp\/v2\/product_cat?post=1079"},{"taxonomy":"product_tag","embeddable":true,"href":"https:\/\/gofitstrength.com\/pt\/wp-json\/wp\/v2\/product_tag?post=1079"}],"curies":[{"name":"wp","href":"https:\/\/api.w.org\/{rel}","templated":true}]}}