{"id":1043,"date":"2024-05-31T10:30:20","date_gmt":"2024-05-31T10:30:20","guid":{"rendered":"https:\/\/gofit.laozhanzhang.com\/product\/suede-rubber-foldable-yoga-mat-1-2mm\/"},"modified":"2024-07-08T13:07:12","modified_gmt":"2024-07-08T13:07:12","slug":"suede-rubber-foldable-yoga-mat-1-2mm","status":"publish","type":"product","link":"https:\/\/gofitstrength.com\/pt\/produto\/suede-rubber-foldable-yoga-mat-1-2mm\/","title":{"rendered":"Tapete de ioga dobr\u00e1vel de borracha de camur\u00e7a 1,2 mm"},"content":{"rendered":"<h2 style=\"margin-bottom: 5px; text-align: left;\"><span style=\"color: #282828;\"><strong>Eco-friendly Suede Rubber Foldable Yoga Mat 1.2mm with Non-slip Surface and Lightweight Design for Travel<\/strong><\/span><\/h2>\n<p>&nbsp;<\/p>\n<p><span style=\"font-size: 110%;\">\u3010Suede and Rubber Material\u3011: Combines high-quality suede with natural rubber, providing a soft feel and excellent durability.<\/span><br \/>\n<span style=\"font-size: 110%;\">\u3010Foldable Design\u3011: Lightweight and foldable design makes it perfect for travel and on-the-go practice.<\/span><br \/>\n<span style=\"font-size: 110%;\">\u3010Superf\u00edcie antiderrapante\u3011: Apresenta uma superf\u00edcie antiderrapante que garante estabilidade e ader\u00eancia, mesmo durante exerc\u00edcios intensos e condi\u00e7\u00f5es de suor.<\/span><br \/>\n<span style=\"font-size: 110%;\">\u3010High-density Cushioning\u3011: Offers superior comfort and protection for joints during various yoga poses and exercises.<\/span><br \/>\n<span style=\"font-size: 110%;\">\u3010Constru\u00e7\u00e3o dur\u00e1vel\u3011: Materiais de alta qualidade garantem desempenho e resili\u00eancia de longa dura\u00e7\u00e3o.<\/span><br \/>\n<span style=\"font-size: 110%;\">\u3010Eco-amig\u00e1vel\u3011: Constru\u00eddo a partir de materiais ecol\u00f3gicos, tornando-o uma escolha sustent\u00e1vel para os entusiastas do yoga.<\/span><br \/>\n<span style=\"font-size: 110%;\">\u3010F\u00e1cil de limpar\u3011: Simples de limpar e manter, garantindo higiene e longevidade.<\/span><br \/>\n<span style=\"font-size: 110%;\">\u3010Available in Multiple Designs\u3011: Comes in various attractive designs to match personal preferences or studio aesthetics.<\/span><\/p>\n<p>&nbsp;<\/p>\n<p style=\"text-align: center;\"><img decoding=\"async\" title=\"Tapete de ioga dobr\u00e1vel\" src=\"https:\/\/www.wavar.com\/data\/upload\/ueditor\/20220509\/6278e094af480.jpg\" alt=\"Tapete de ioga dobr\u00e1vel\" \/><\/p>\n<p style=\"text-align: center;\"><img decoding=\"async\" title=\"Tapete de ioga dobr\u00e1vel\" src=\"https:\/\/www.wavar.com\/data\/upload\/ueditor\/20220509\/6278e09e7122f.jpg\" alt=\"Tapete de ioga dobr\u00e1vel\" \/><\/p>\n<p style=\"text-align: center;\"><img decoding=\"async\" title=\"Tapete de ioga dobr\u00e1vel\" src=\"https:\/\/www.wavar.com\/data\/upload\/ueditor\/20220509\/6278e0aaa0a33.jpg\" alt=\"Tapete de ioga dobr\u00e1vel\" \/><\/p>","protected":false},"excerpt":{"rendered":"<div>Item No.: PN-YM-036<\/div>\n<div>Size: 183cm x 68cm, 1.2mm<\/div>\n<div>Material: Suede+Rubber<\/div>\n<div>OEM\/ODM: Aceit\u00e1vel<\/div>","protected":false},"featured_media":1042,"template":"","meta":[],"product_cat":[26,37],"product_tag":[1541,1415,1407,1409,1411,1497,1496,1447],"class_list":{"0":"post-1043","1":"product","2":"type-product","3":"status-publish","4":"has-post-thumbnail","6":"product_cat-yoga","7":"product_cat-yoga-mat-manufacturer","8":"product_tag-1-2mm-yoga-mat","9":"product_tag-eco-friendly-yoga-mat","10":"product_tag-foldable-yoga-mat","11":"product_tag-lightweight-yoga-mat","12":"product_tag-non-slip-yoga-mat","13":"product_tag-rubber-yoga-mat","14":"product_tag-suede-yoga-mat","15":"product_tag-travel-yoga-mat","17":"first","18":"instock","19":"shipping-taxable","20":"product-type-simple"},"_links":{"self":[{"href":"https:\/\/gofitstrength.com\/pt\/wp-json\/wp\/v2\/product\/1043","targetHints":{"allow":["GET"]}}],"collection":[{"href":"https:\/\/gofitstrength.com\/pt\/wp-json\/wp\/v2\/product"}],"about":[{"href":"https:\/\/gofitstrength.com\/pt\/wp-json\/wp\/v2\/types\/product"}],"wp:featuredmedia":[{"embeddable":true,"href":"https:\/\/gofitstrength.com\/pt\/wp-json\/wp\/v2\/media\/1042"}],"wp:attachment":[{"href":"https:\/\/gofitstrength.com\/pt\/wp-json\/wp\/v2\/media?parent=1043"}],"wp:term":[{"taxonomy":"product_cat","embeddable":true,"href":"https:\/\/gofitstrength.com\/pt\/wp-json\/wp\/v2\/product_cat?post=1043"},{"taxonomy":"product_tag","embeddable":true,"href":"https:\/\/gofitstrength.com\/pt\/wp-json\/wp\/v2\/product_tag?post=1043"}],"curies":[{"name":"wp","href":"https:\/\/api.w.org\/{rel}","templated":true}]}}