{"id":1525,"date":"2024-05-31T10:34:37","date_gmt":"2024-05-31T10:34:37","guid":{"rendered":"https:\/\/gofit.laozhanzhang.com\/product\/custom-adjustable-dumbbell\/"},"modified":"2024-07-10T07:35:46","modified_gmt":"2024-07-10T07:35:46","slug":"custom-adjustable-dumbbell","status":"publish","type":"product","link":"https:\/\/gofitstrength.com\/it\/prodotto\/manubrio-regolabile-personalizzato\/","title":{"rendered":"Manubrio regolabile personalizzato di alta qualit\u00e0"},"content":{"rendered":"<h2 style=\"white-space: normal; margin-bottom: 5px; text-align: left;\"><span style=\"color: #282828;\"><strong>Manubri regolabili personalizzati di alta qualit\u00e0 per l'allenamento della forza e la palestra di casa<\/strong><\/span><\/h2>\n<p style=\"white-space: normal;\"><span style=\"font-size: 110%;\">Materiale di alta qualit\u00e0: Realizzato con materiali di prima qualit\u00e0, con una struttura resistente che garantisce un uso duraturo e una finitura elegante e professionale.<\/span><br \/>\n<span style=\"font-size: 110%;\">Design del peso regolabile: L'innovativo design regolabile consente di passare da un'impostazione di peso all'altra con facilit\u00e0, offrendo versatilit\u00e0 per vari esercizi e livelli di fitness.<\/span><br \/>\n<span style=\"font-size: 110%;\">Impugnatura antiscivolo: L'impugnatura ergonomica con motivo zigrinato offre una presa sicura e confortevole, evitando di scivolare durante gli allenamenti intensi.<\/span><br \/>\n<span style=\"font-size: 110%;\">\u3010Compatto e salvaspazio\u3011: Combina pi\u00f9 pesi in un'unica unit\u00e0 compatta, risparmiando spazio e rendendola perfetta per le palestre domestiche con spazio limitato.<\/span><br \/>\n<span style=\"font-size: 110%;\">Utilizzo versatile: Ideale per un'ampia gamma di esercizi, tra cui allenamento della forza, costruzione muscolare e routine di fitness funzionale, adatto a tutti i livelli di fitness.<\/span><br \/>\n<span style=\"font-size: 110%;\">Meccanismo di regolazione facile\u3011: Dispone di un meccanismo di regolazione facile da usare che consente di cambiare rapidamente e senza problemi il peso, semplificando le sessioni di allenamento.<\/span><br \/>\n<span style=\"font-size: 110%;\">Marcature chiare del peso: Ogni piastra di peso presenta marcature chiare per una facile identificazione e una rapida selezione.<\/span><br \/>\n<span style=\"font-size: 110%;\">Costruzione durevole: Costruiti con materiali di alta qualit\u00e0 e rinforzati per garantire la resistenza, questi manubri sono progettati per resistere a un uso frequente e intenso senza subire danni.<\/span><br \/>\n<span style=\"font-size: 110%;\">Protegge i pavimenti: Il design include bordi lisci per proteggere i pavimenti da graffi e danni quando i pesi vengono appoggiati.<\/span><br \/>\n<span style=\"font-size: 110%;\">Estetica\u3011: Il design elegante e moderno aggiunge un aspetto professionale ed elegante alla palestra di casa o allo spazio di allenamento.<\/span><\/p>\n<h3><strong>Specifiche:<\/strong><\/h3>\n<table width=\"-830\" data-sort=\"sortDisabled\">\n<tbody>\n<tr>\n<td style=\"word-break: break-all;\" valign=\"top\" width=\"394\">Numero articolo: PN-AJ-008<\/td>\n<td style=\"word-break: break-all;\" valign=\"top\" width=\"394\">OEM\/ODM: accettabile<\/td>\n<\/tr>\n<tr>\n<td style=\"word-break: break-all;\" valign=\"top\" width=\"394\">Size: 33.5(L)*16.5(W)*12.5(H)cm<\/td>\n<td style=\"word-break: break-all;\" valign=\"top\" width=\"394\">Origine: Cina<\/td>\n<\/tr>\n<tr>\n<td style=\"word-break: break-all;\" valign=\"top\" width=\"394\">Peso: 25 libbre (asta: 5 libbre, 8 piastre di peso con 2,5 libbre per ciascuna)<\/td>\n<td style=\"word-break: break-all;\" valign=\"top\" width=\"394\">Logo: Logo personalizzato disponibile<\/td>\n<\/tr>\n<tr>\n<td style=\"word-break: break-all;\" valign=\"top\" width=\"394\">Materiale: Ferro + plastica<\/td>\n<td style=\"word-break: break-all;\" valign=\"top\" width=\"394\">Tipo: Allenamento della forza\/del peso<\/td>\n<\/tr>\n<tr>\n<td style=\"word-break: break-all;\" valign=\"top\" width=\"394\">Dimensioni della confezione: 15,8 x 10 x 7,9 pollici; 26,3 libbre<\/td>\n<td style=\"word-break: break-all;\" valign=\"top\" width=\"394\">Caratteristiche: Manubrio regolabile con piastre di peso<\/td>\n<\/tr>\n<tr>\n<td style=\"word-break: break-all;\" colspan=\"2\" rowspan=\"1\" valign=\"top\">Contenuto della confezione: Manubrio da 25 libbre \u00d71 (maniglia \u00d71, piastre da 2,5 libbre \u00d7 8, vassoio di base \u00d71)<\/td>\n<\/tr>\n<\/tbody>\n<\/table>\n<p>&nbsp;<\/p>\n<p style=\"text-align: left;\">\n<p style=\"text-align: left;\"><img decoding=\"async\" title=\"Manubrio regolabile\" src=\"https:\/\/www.wavar.com\/data\/upload\/ueditor\/20210618\/60cc5222cd6fe.jpg\" alt=\"Manubrio regolabile\" width=\"\" height=\"\" border=\"0\" vspace=\"0\" \/><\/p>\n<p style=\"text-align: left;\">\n<p>&nbsp;<\/p>\n<p style=\"text-align: center;\"><img decoding=\"async\" title=\"Casi di personalizzazione del logo\" src=\"https:\/\/www.wavar.com\/data\/upload\/ueditor\/20210925\/614ee48328428.jpg\" alt=\"Casi di personalizzazione del logo\" width=\"\" height=\"\" border=\"0\" vspace=\"0\" \/><\/p>\n<p style=\"text-align: center;\">\n<p>&nbsp;<\/p>\n<h2><span style=\"font-size: 20px;\"><strong>Processo di personalizzazione del logo<\/strong><\/span><\/h2>\n<p>1. Inviateci il vostro logo dopo aver emesso l'ordine;<\/p>\n<p>2. Collaborare con il nostro designer per determinare il modello e la posizione;<\/p>\n<p>3. Determinare la tecnica e la lavorazione artigianale con la nostra fabbrica;<\/p>\n<p>4. Produrre i campioni e consegnarli per l'approvazione;<\/p>\n<p>5. Effettuare l'ordine per la produzione in serie.<\/p>\n<p>&nbsp;<\/p>\n<h1 style=\"white-space: normal;\"><span style=\"font-size: 20px;\">Perch\u00e9 dovreste scegliere noi per personalizzare i loghi dei manubri?<\/span><\/h1>\n<p style=\"white-space: normal;\">Personalizzato in Cina<\/p>\n<p style=\"white-space: normal;\">Supporto di manubri personalizzati in materiali galvanici\/dipinti\/acciaio\/ghisa<\/p>\n<p style=\"white-space: normal;\">PERSONALIZZAZIONE DEI PESI DEI MANUBRI<\/p>\n<p style=\"white-space: normal;\">Artigianato permanente<\/p>\n<p style=\"white-space: normal;\">Logo Dumbbell personalizzato disponibile<\/p>\n<p style=\"white-space: normal;\">La pi\u00f9 alta risoluzione del settore e l'elaborazione personalizzata dei dettagli<\/p>\n<p style=\"white-space: normal;\">Nessun costo aggiuntivo per i loghi<\/p>\n<p style=\"white-space: normal;\">Adatto a tutti i prodotti per manubri<\/p>\n<p style=\"white-space: normal;\">Tempi di consegna rapidissimi<\/p>\n<p style=\"white-space: normal;\">Miglior prezzo personalizzato<\/p>\n<p style=\"white-space: normal;\">Manubri regolabili Core fitness personalizzati<\/p>\n<p style=\"white-space: normal;\">\n<h1 style=\"white-space: normal;\"><span style=\"font-size: 20px;\">Perch\u00e9 dovreste avere i vostri manubri con logo personalizzato?<\/span><\/h1>\n<h3 style=\"white-space: normal;\"><strong><span style=\"font-size: 16px;\">I loghi personalizzati contribuiscono a creare l'immagine di un marchio.<\/span><\/strong><\/h3>\n<p style=\"white-space: normal;\">Se avete manubri personalizzati a Wavar, significa che avete a cuore l'influenza del marchio e dell'immagine. Potreste avere una vostra catena di negozi di manubri o di attrezzature per il fitness, ma non avete un produttore dedicato. Wavar pu\u00f2 aiutarvi a creare un grande logo personalizzato che possa aiutarvi a sviluppare un'immagine di marca. Per le catene di negozi di articoli sportivi o i migliori fitness club che vogliono costruire l'immagine del loro marchio o fare la differenza nella loro attivit\u00e0, Wavar \u00e8 la scelta migliore per voi.<\/p>\n<p style=\"white-space: normal;\">\n<h3 style=\"white-space: normal;\"><strong><span style=\"font-size: 16px;\">I loghi personalizzati conferiscono alla vostra azienda una buona reputazione.<\/span><\/strong><\/h3>\n<p style=\"white-space: normal;\">Un gran numero di studi ha dimostrato che i consumatori preferiscono i prodotti di marca, che sono sempre collegati alla qualit\u00e0 del prodotto e alla fedelt\u00e0 del cliente. Quando i potenziali clienti vedono un logo e un packaging di alta qualit\u00e0, lo collegano automaticamente a \"qualit\u00e0 e professionalit\u00e0\". Questo \u00e8 il potere del marchio, che pu\u00f2 anche spingerli a scegliere il vostro prodotto.<\/p>\n<p style=\"white-space: normal;\">\n<h3 style=\"white-space: normal;\"><strong><span style=\"font-size: 16px;\">I loghi personalizzati favoriscono la coesione del team.<\/span><\/strong><\/h3>\n<p style=\"white-space: normal;\">Un logo rappresentativo pu\u00f2 portare coesione e orgoglio alla vostra squadra, pu\u00f2 portare motivazione a tutto il team.<\/p>\n<p style=\"white-space: normal;\">\n<p style=\"white-space: normal;\">Le strutture Wavar possono anche migliorare la sicurezza generale e l'aspetto dei vostri prodotti, in modo da richiedere una manutenzione limitata nel post-vendita.<\/p>\n<p style=\"white-space: normal;\">\n<h3 style=\"white-space: normal;\"><strong>Informazioni su Dumbbell:<\/strong><\/h3>\n<p style=\"white-space: normal;\">Perch\u00e9 scegliere un manubrio regolabile?<\/p>\n<p style=\"white-space: normal;\">Ottimo strumento di esercizio per vari allenamenti di forza e di peso.<\/p>\n<p style=\"white-space: normal;\">\n<p style=\"white-space: normal;\">Quanto peso di un manubrio devo scegliere?<br \/>\nI manubri pesanti sono ideali per la costruzione di muscoli massicci nelle braccia e nelle spalle, per la stabilit\u00e0 e la forza del core. I manubri leggeri sono un'ottima aggiunta a sessioni di allenamento intense come squat, affondi, allenamenti aerobici e molto altro.<\/p>\n<p>&nbsp;<\/p>\n<h4><span style=\"color: #000000;\"><strong><span style=\"font-size: 18px;\">Articoli sui manubri<\/span><\/strong><strong><span style=\"font-size: 18px;\">:<\/span><\/strong><\/span><\/h4>\n<p><span style=\"color: #000000;\">Come scegliere i manubri giusti per l'allenamento della forza<\/span><\/p>\n<p>&nbsp;<\/p>\n<p><span style=\"color: #000000;\">I migliori consigli per l'acquisto di pesi liberi: Guida all'acquisto<\/span><\/p>\n<p><span style=\"color: #000000; text-decoration: underline;\">\u00a0<\/span><\/p>\n<p><span style=\"color: #000000;\">Come allenarsi con un paio di manubri? Guardate a Joe Biden per un consiglio<\/span><\/p>\n<p>&nbsp;<\/p>","protected":false},"excerpt":{"rendered":"<p>Numero articolo: PN-AJ-008<\/p>\n<p>Dimensioni: 12,5*16,5*33,5 cm<\/p>\n<p>Gamma di peso: 5-25 libbre<\/p>\n<p>Materiale: Ferro + plastica<\/p>","protected":false},"featured_media":1524,"template":"","meta":[],"product_cat":[56,18,38],"product_tag":[2187,2216,2223,88,91,2215,90,89],"class_list":{"0":"post-1525","1":"product","2":"type-product","3":"status-publish","4":"has-post-thumbnail","6":"product_cat-adjustable-dumbbells-manufacturer","7":"product_cat-fitness","8":"product_cat-free-weights","9":"product_tag-adjustable-dumbbell","10":"product_tag-compact-adjustable-dumbbell","11":"product_tag-custom-dumbbell","12":"product_tag-durable-exercise-weights","13":"product_tag-home-gym-equipment","14":"product_tag-multi-weight-dumbbell","15":"product_tag-non-slip-dumbbells","16":"product_tag-strength-training-dumbbells","18":"first","19":"instock","20":"shipping-taxable","21":"product-type-simple"},"_links":{"self":[{"href":"https:\/\/gofitstrength.com\/it\/wp-json\/wp\/v2\/product\/1525","targetHints":{"allow":["GET"]}}],"collection":[{"href":"https:\/\/gofitstrength.com\/it\/wp-json\/wp\/v2\/product"}],"about":[{"href":"https:\/\/gofitstrength.com\/it\/wp-json\/wp\/v2\/types\/product"}],"wp:featuredmedia":[{"embeddable":true,"href":"https:\/\/gofitstrength.com\/it\/wp-json\/wp\/v2\/media\/1524"}],"wp:attachment":[{"href":"https:\/\/gofitstrength.com\/it\/wp-json\/wp\/v2\/media?parent=1525"}],"wp:term":[{"taxonomy":"product_cat","embeddable":true,"href":"https:\/\/gofitstrength.com\/it\/wp-json\/wp\/v2\/product_cat?post=1525"},{"taxonomy":"product_tag","embeddable":true,"href":"https:\/\/gofitstrength.com\/it\/wp-json\/wp\/v2\/product_tag?post=1525"}],"curies":[{"name":"wp","href":"https:\/\/api.w.org\/{rel}","templated":true}]}}