{"id":946,"date":"2024-05-31T10:29:28","date_gmt":"2024-05-31T10:29:28","guid":{"rendered":"https:\/\/gofit.laozhanzhang.com\/product\/birch-fitness-rings-gym-rings\/"},"modified":"2024-07-09T13:09:47","modified_gmt":"2024-07-09T13:09:47","slug":"birch-fitness-rings-gym-rings","status":"publish","type":"product","link":"https:\/\/gofitstrength.com\/fr\/produit\/anneaux-de-gymnastique-en-bouleau-anneaux-de-gymnastique\/","title":{"rendered":"Anneaux de gymnastique en bouleau Anneaux de gymnastique"},"content":{"rendered":"<h2 style=\"white-space: normal; margin-bottom: 5px; text-align: left;\"><span style=\"color: #282828;\"><strong>Anneaux de gymnastique en bois de bouleau de premi\u00e8re qualit\u00e9 pour l'entra\u00eenement physique<\/strong><\/span><\/h2>\n<p>&nbsp;<\/p>\n<p><span style=\"font-size: 110%;\">\u3010Bois de bouleau de haute qualit\u00e9\u3011 : Fabriqu\u00e9 en bois de bouleau durable et de haute qualit\u00e9, offrant une prise en main solide et confortable.<\/span><br \/>\n<span style=\"font-size: 110%;\">\u3010Ergonomic Design\u3011 : Conception ergonomique avec rainures pour les doigts pour une prise s\u00fbre et confortable pendant les s\u00e9ances d'entra\u00eenement.<\/span><br \/>\n<span style=\"font-size: 110%;\">\u3010Adjustable Straps\u3011 : Livr\u00e9 avec des sangles r\u00e9glables et r\u00e9sistantes pour modifier facilement la hauteur et s\u00e9curiser les anneaux en place.<\/span><br \/>\n<span style=\"font-size: 110%;\">\u3010Versatile Use\u3011 : Id\u00e9al pour une vari\u00e9t\u00e9 d'exercices, y compris les tractions, les dips, les pompes, et plus encore, adapt\u00e9 \u00e0 tous les niveaux de forme physique.<\/span><br \/>\n<span style=\"font-size: 110%;\">\u3010Portable et l\u00e9ger\u3011 : Facile \u00e0 transporter et \u00e0 installer, parfait pour les salles de sport \u00e0 domicile, les s\u00e9ances d'entra\u00eenement en plein air ou les voyages.<\/span><br \/>\n<span style=\"font-size: 110%;\">\u3010Enhanced Strength Training\u3011 : Aide \u00e0 am\u00e9liorer la force du haut du corps, la stabilit\u00e9 du tronc et la condition physique g\u00e9n\u00e9rale.<\/span><br \/>\n<span style=\"font-size: 110%;\">\u3010Non-Slip Surface\u3011 : Finition lisse avec des propri\u00e9t\u00e9s antid\u00e9rapantes pour plus de s\u00e9curit\u00e9 et de confort pendant les s\u00e9ances d'entra\u00eenement intenses.<\/span><\/p>\n<p style=\"white-space: normal;\">\n<p style=\"white-space: normal;\"><img decoding=\"async\" title=\"Anneaux de gymnastique en bouleau Anneaux de gymnastique\" src=\"https:\/\/www.wavar.com\/data\/upload\/ueditor\/20221214\/639926c9d07dc.jpg\" alt=\"Anneaux de gymnastique en bouleau Anneaux de gymnastique\" \/><\/p>\n<p style=\"white-space: normal;\"><img decoding=\"async\" title=\"Anneaux de gymnastique en bouleau Anneaux de gymnastique\" src=\"https:\/\/www.wavar.com\/data\/upload\/ueditor\/20221214\/639926d8c631d.jpg\" alt=\"Anneaux de gymnastique en bouleau Anneaux de gymnastique\" \/><\/p>\n<p style=\"white-space: normal;\"><img decoding=\"async\" title=\"Anneaux de gymnastique en bouleau Anneaux de gymnastique\" src=\"https:\/\/www.wavar.com\/data\/upload\/ueditor\/20221214\/639926e1d0dee.jpg\" alt=\"Anneaux de gymnastique en bouleau Anneaux de gymnastique\" \/><\/p>\n<p style=\"white-space: normal;\"><img decoding=\"async\" title=\"Anneaux de gymnastique en bouleau Anneaux de gymnastique\" src=\"https:\/\/www.wavar.com\/data\/upload\/ueditor\/20221214\/639926e958d7c.jpg\" alt=\"Anneaux de gymnastique en bouleau Anneaux de gymnastique\" \/><\/p>\n<p>&nbsp;<\/p>","protected":false},"excerpt":{"rendered":"<div>Num\u00e9ro d'article : PN-YA-005<\/div>\n<div><\/div>\n<div>Mat\u00e9riau : Bouleau massif + sangle polyester<\/div>\n<div><\/div>\n<div>Couleurs : Couleur bois<\/div>\n<p>&nbsp;<\/p>","protected":false},"featured_media":945,"template":"","meta":[],"product_cat":[26,44],"product_tag":[1848,1854,1850,1852,1851,1853,1849],"class_list":{"0":"post-946","1":"product","2":"type-product","3":"status-publish","4":"has-post-thumbnail","6":"product_cat-yoga","7":"product_cat-yoga-accessories-manufacturer","8":"product_tag-birch-fitness-rings","9":"product_tag-durable-gym-rings","10":"product_tag-exercise-rings","11":"product_tag-fitness-training-rings","12":"product_tag-gymnastics-rings","13":"product_tag-home-workout-rings","14":"product_tag-wooden-gym-rings","16":"first","17":"instock","18":"shipping-taxable","19":"product-type-simple"},"_links":{"self":[{"href":"https:\/\/gofitstrength.com\/fr\/wp-json\/wp\/v2\/product\/946","targetHints":{"allow":["GET"]}}],"collection":[{"href":"https:\/\/gofitstrength.com\/fr\/wp-json\/wp\/v2\/product"}],"about":[{"href":"https:\/\/gofitstrength.com\/fr\/wp-json\/wp\/v2\/types\/product"}],"wp:featuredmedia":[{"embeddable":true,"href":"https:\/\/gofitstrength.com\/fr\/wp-json\/wp\/v2\/media\/945"}],"wp:attachment":[{"href":"https:\/\/gofitstrength.com\/fr\/wp-json\/wp\/v2\/media?parent=946"}],"wp:term":[{"taxonomy":"product_cat","embeddable":true,"href":"https:\/\/gofitstrength.com\/fr\/wp-json\/wp\/v2\/product_cat?post=946"},{"taxonomy":"product_tag","embeddable":true,"href":"https:\/\/gofitstrength.com\/fr\/wp-json\/wp\/v2\/product_tag?post=946"}],"curies":[{"name":"wp","href":"https:\/\/api.w.org\/{rel}","templated":true}]}}