{"id":920,"date":"2024-05-31T10:29:15","date_gmt":"2024-05-31T10:29:15","guid":{"rendered":"https:\/\/gofit.laozhanzhang.com\/product\/multifunctional-squat-rack\/"},"modified":"2024-07-10T15:24:08","modified_gmt":"2024-07-10T15:24:08","slug":"multifunctional-squat-rack","status":"publish","type":"product","link":"https:\/\/gofitstrength.com\/fr\/produit\/rack-a-squat-multifonctionnel\/","title":{"rendered":"Rack \u00e0 squat multifonctionnel"},"content":{"rendered":"<h2 style=\"white-space: normal; text-align: left;\"><span style=\"color: #282828;\"><strong>\u00a0 Rack de squat multifonctionnel r\u00e9glable et robuste pour la salle de sport et l'usage commercial<\/strong><\/span><\/h2>\n<p>&nbsp;<\/p>\n<p><span style=\"font-size: 110%;\">\u3010Adjustable Height\u3011 : Comprend des r\u00e9glages de hauteur pour s'adapter aux diff\u00e9rents exercices et \u00e0 la taille des utilisateurs, garantissant des performances et une s\u00e9curit\u00e9 optimales.<\/span><br \/>\n<span style=\"font-size: 110%;\">\u3010Heavy-Duty Construction\u3011 : Construit en acier de haute qualit\u00e9 pour la durabilit\u00e9 et la stabilit\u00e9, capable de supporter des poids importants.<\/span><br \/>\n<span style=\"font-size: 110%;\">\u3010Multi-Functional Design\u3011 : Convient \u00e0 divers exercices de musculation, y compris les squats, les presses \u00e0 banc, et plus encore.<\/span><br \/>\n<span style=\"font-size: 110%;\">\u3010Safety Spotter Arms\u3011 : \u00c9quip\u00e9 de bras de rep\u00e9rage de s\u00e9curit\u00e9 pour fournir une s\u00e9curit\u00e9 suppl\u00e9mentaire pendant les lev\u00e9es lourdes, r\u00e9duisant ainsi le risque de blessure.<\/span><br \/>\n<span style=\"font-size: 110%;\">\u3010Compact Footprint\u3011 : Con\u00e7u pour \u00e9conomiser de l'espace, il est id\u00e9al pour les salles de sport \u00e0 domicile, les garages ou les centres de remise en forme commerciaux.<\/span><br \/>\n<span style=\"font-size: 110%;\">\u3010Dip Bar Attachments\u3011 : Livr\u00e9 avec des fixations de barre de trempage pour une plus grande polyvalence d'exercice.<\/span><br \/>\n<span style=\"font-size: 110%;\">\u3010Non-Slip Base\u3011 : Comprend une base antid\u00e9rapante pour assurer la stabilit\u00e9 et emp\u00eacher les mouvements pendant les s\u00e9ances d'entra\u00eenement.<\/span><br \/>\n<span style=\"font-size: 110%;\">\u3010Portable Design\u3011 : Facile \u00e0 d\u00e9placer et \u00e0 ranger, parfait pour une utilisation polyvalente \u00e0 la maison ou en salle de sport.<\/span><br \/>\n<span style=\"font-size: 110%;\">\u3010Easy Assembly\u3011 : Livr\u00e9 avec tout le mat\u00e9riel n\u00e9cessaire et des instructions claires pour un assemblage rapide et facile.<\/span><\/p>\n<p>&nbsp;<\/p>\n<p>&nbsp;<\/p>\n<p><img decoding=\"async\" title=\"Rack \u00e0 squat multifonctionnel\" src=\"https:\/\/www.wavar.com\/data\/upload\/ueditor\/20221206\/638edf8c5b496.jpg\" alt=\"Rack \u00e0 squat multifonctionnel\" \/><\/p>\n<p><img decoding=\"async\" title=\"Rack \u00e0 squat multifonctionnel\" src=\"https:\/\/www.wavar.com\/data\/upload\/ueditor\/20221206\/638edf8bbf889.jpg\" alt=\"Rack \u00e0 squat multifonctionnel\" \/><\/p>\n<p><img decoding=\"async\" title=\"Rack \u00e0 squat multifonctionnel\" src=\"https:\/\/www.wavar.com\/data\/upload\/ueditor\/20221206\/638edf8c9b6a8.jpg\" alt=\"Rack \u00e0 squat multifonctionnel\" \/><\/p>\n<p><img decoding=\"async\" title=\"Rack \u00e0 squat multifonctionnel\" src=\"https:\/\/www.wavar.com\/data\/upload\/ueditor\/20221206\/638edf8c9a92d.jpg\" alt=\"Rack \u00e0 squat multifonctionnel\" \/><\/p>\n<p><img decoding=\"async\" title=\"Rack \u00e0 squat multifonctionnel\" src=\"https:\/\/www.wavar.com\/data\/upload\/ueditor\/20221206\/638edf8ec300c.jpg\" alt=\"Rack \u00e0 squat multifonctionnel\" \/><\/p>\n<p><img decoding=\"async\" title=\"Rack \u00e0 squat multifonctionnel\" src=\"https:\/\/www.wavar.com\/data\/upload\/ueditor\/20221206\/638edf8f9669c.jpg\" alt=\"Rack \u00e0 squat multifonctionnel\" \/><\/p>\n<p>&nbsp;<\/p>\n<p>&nbsp;<\/p>","protected":false},"excerpt":{"rendered":"<div>Num\u00e9ro d'article : PN-PR-003<\/div>\n<div><\/div>\n<div>Mat\u00e9riau : Tube d'acier+PVC+PP<\/div>\n<div><\/div>\n<div>Poids : 12,5 kg<\/div>\n<div><\/div>\n<div>Mat\u00e9riau principal : Q195<\/div>\n<div><\/div>\n<div>Taille : 880*580*1400mm<\/div>\n<div><\/div>\n<div>Capacit\u00e9 de poids : 200 kg<\/div>","protected":false},"featured_media":919,"template":"","meta":[],"product_cat":[18,65,21],"product_tag":[2460,2497,2438,2435,2495,2499,2498,2496],"class_list":{"0":"post-920","1":"product","2":"type-product","3":"status-publish","4":"has-post-thumbnail","6":"product_cat-fitness","7":"product_cat-power-rack-manufacturer","8":"product_cat-strength-equipment","9":"product_tag-adjustable-squat-rack","10":"product_tag-fitness-squat-rack","11":"product_tag-heavy-duty-squat-rack","12":"product_tag-home-gym-squat-rack","13":"product_tag-multifunctional-squat-rack","14":"product_tag-portable-squat-rack","15":"product_tag-powerlifting-squat-rack","16":"product_tag-strength-training-squat-rack","18":"first","19":"instock","20":"shipping-taxable","21":"product-type-simple"},"_links":{"self":[{"href":"https:\/\/gofitstrength.com\/fr\/wp-json\/wp\/v2\/product\/920","targetHints":{"allow":["GET"]}}],"collection":[{"href":"https:\/\/gofitstrength.com\/fr\/wp-json\/wp\/v2\/product"}],"about":[{"href":"https:\/\/gofitstrength.com\/fr\/wp-json\/wp\/v2\/types\/product"}],"wp:featuredmedia":[{"embeddable":true,"href":"https:\/\/gofitstrength.com\/fr\/wp-json\/wp\/v2\/media\/919"}],"wp:attachment":[{"href":"https:\/\/gofitstrength.com\/fr\/wp-json\/wp\/v2\/media?parent=920"}],"wp:term":[{"taxonomy":"product_cat","embeddable":true,"href":"https:\/\/gofitstrength.com\/fr\/wp-json\/wp\/v2\/product_cat?post=920"},{"taxonomy":"product_tag","embeddable":true,"href":"https:\/\/gofitstrength.com\/fr\/wp-json\/wp\/v2\/product_tag?post=920"}],"curies":[{"name":"wp","href":"https:\/\/api.w.org\/{rel}","templated":true}]}}