{"id":870,"date":"2024-05-31T10:28:48","date_gmt":"2024-05-31T10:28:48","guid":{"rendered":"https:\/\/gofit.laozhanzhang.com\/product\/suede-rubber-yoga-mat\/"},"modified":"2024-07-08T13:10:15","modified_gmt":"2024-07-08T13:10:15","slug":"suede-rubber-yoga-mat","status":"publish","type":"product","link":"https:\/\/gofitstrength.com\/fr\/produit\/tapis-de-yoga-en-caoutchouc-suede\/","title":{"rendered":"Tapis de yoga en daim et caoutchouc"},"content":{"rendered":"<h2 style=\"margin-bottom: 10px; text-align: left;\"><span style=\"color: #282828;\"><strong>Tapis de yoga en daim et caoutchouc<\/strong><\/span><\/h2>\n<p>&nbsp;<\/p>\n<p><span style=\"font-size: 110%;\">\u3010Mat\u00e9riau en daim et caoutchouc\u3011 : Combine daim de haute qualit\u00e9 et caoutchouc naturel, offrant une sensation de douceur et une excellente durabilit\u00e9.<\/span><br \/>\n<span style=\"font-size: 110%;\">\u3010Printed Design\u3011 : Comporte un magnifique design imprim\u00e9, ajoutant une touche de style et de personnalisation \u00e0 votre pratique du yoga.<\/span><br \/>\n<span style=\"font-size: 110%;\">\u3010Non-slip Surface\u3011 : Fournit une prise s\u00fbre pour \u00e9viter de glisser, assurant la stabilit\u00e9 m\u00eame pendant les s\u00e9ances d'entra\u00eenement intenses et les conditions de transpiration.<\/span><br \/>\n<span style=\"font-size: 110%;\">\u3010High-density Cushioning\u3011 : Offre un confort sup\u00e9rieur et une protection des articulations pendant les diff\u00e9rentes poses et exercices de yoga.<\/span><br \/>\n<span style=\"font-size: 110%;\">\u3010Durable Construction\u3011 : Les mat\u00e9riaux de haute qualit\u00e9 garantissent une performance et une r\u00e9silience durables.<\/span><br \/>\n<span style=\"font-size: 110%;\">\u3010Eco-friendly\u3011 : Construit \u00e0 partir de mat\u00e9riaux respectueux de l'environnement, ce qui en fait un choix durable pour les amateurs de yoga.<\/span><br \/>\n<span style=\"font-size: 110%;\">\u3010Easy to Clean\u3011 : Simple \u00e0 nettoyer et \u00e0 entretenir, il garantit l'hygi\u00e8ne et la long\u00e9vit\u00e9.<\/span><br \/>\n<span style=\"font-size: 110%;\">\u3010Portable et l\u00e9ger\u3011 : L\u00e9ger et facile \u00e0 enrouler, il est pratique pour le stockage et le transport.<\/span><\/p>\n<p style=\"text-align: center;\"><img decoding=\"async\" title=\"Tapis de yoga en daim et caoutchouc\" src=\"https:\/\/www.wavar.com\/data\/upload\/ueditor\/20230213\/63e9e3e123c40.jpg\" alt=\"Tapis de yoga en daim et caoutchouc\" \/><\/p>\n<p style=\"text-align: center;\"><img decoding=\"async\" title=\"Tapis de yoga en daim et caoutchouc\" src=\"https:\/\/www.wavar.com\/data\/upload\/ueditor\/20230213\/63e9e3e786c61.jpg\" alt=\"Tapis de yoga en daim et caoutchouc\" \/><\/p>","protected":false},"excerpt":{"rendered":"<div>Num\u00e9ro d'article : PN-YM-037<\/div>\n<div><\/div>\n<div>Mati\u00e8re : Daim + caoutchouc naturel<\/div>\n<div><\/div>\n<div>Personnalisable : Logo, motif<\/div>\n<div><\/div>\n<div>Taille : 183cm x 68cm, 1.5\/3\/4\/5mm<\/div>","protected":false},"featured_media":869,"template":"","meta":[],"product_cat":[26,37],"product_tag":[1528,1428,1415,1503,1411,1414,1497,1496],"class_list":{"0":"post-870","1":"product","2":"type-product","3":"status-publish","4":"has-post-thumbnail","6":"product_cat-yoga","7":"product_cat-yoga-mat-manufacturer","8":"product_tag-comfortable-yoga-mat","9":"product_tag-durable-yoga-mat","10":"product_tag-eco-friendly-yoga-mat","11":"product_tag-high-density-yoga-mat","12":"product_tag-non-slip-yoga-mat","13":"product_tag-printed-yoga-mat","14":"product_tag-rubber-yoga-mat","15":"product_tag-suede-yoga-mat","17":"first","18":"instock","19":"shipping-taxable","20":"product-type-simple"},"_links":{"self":[{"href":"https:\/\/gofitstrength.com\/fr\/wp-json\/wp\/v2\/product\/870","targetHints":{"allow":["GET"]}}],"collection":[{"href":"https:\/\/gofitstrength.com\/fr\/wp-json\/wp\/v2\/product"}],"about":[{"href":"https:\/\/gofitstrength.com\/fr\/wp-json\/wp\/v2\/types\/product"}],"wp:featuredmedia":[{"embeddable":true,"href":"https:\/\/gofitstrength.com\/fr\/wp-json\/wp\/v2\/media\/869"}],"wp:attachment":[{"href":"https:\/\/gofitstrength.com\/fr\/wp-json\/wp\/v2\/media?parent=870"}],"wp:term":[{"taxonomy":"product_cat","embeddable":true,"href":"https:\/\/gofitstrength.com\/fr\/wp-json\/wp\/v2\/product_cat?post=870"},{"taxonomy":"product_tag","embeddable":true,"href":"https:\/\/gofitstrength.com\/fr\/wp-json\/wp\/v2\/product_tag?post=870"}],"curies":[{"name":"wp","href":"https:\/\/api.w.org\/{rel}","templated":true}]}}