{"id":818,"date":"2024-05-31T10:28:21","date_gmt":"2024-05-31T10:28:21","guid":{"rendered":"https:\/\/gofit.laozhanzhang.com\/product\/indoor-pedal-cycling-bike\/"},"modified":"2024-07-09T15:21:24","modified_gmt":"2024-07-09T15:21:24","slug":"indoor-pedal-cycling-bike","status":"publish","type":"product","link":"https:\/\/gofitstrength.com\/fr\/produit\/velo-dinterieur-a-pedales\/","title":{"rendered":"V\u00e9lo d'int\u00e9rieur \u00e0 p\u00e9dales"},"content":{"rendered":"<h2 style=\"text-align: left;\"><span style=\"color: #282828;\"><strong>V\u00e9lo d'int\u00e9rieur \u00e0 p\u00e9dales \u00e0 r\u00e9sistance r\u00e9glable avec moniteur num\u00e9rique pour les s\u00e9ances d'entra\u00eenement cardio \u00e0 domicile<\/strong><\/span><\/h2>\n<p><span style=\"font-size: 110%;\">\u3010Adjustable Resistance\u3011 : Ajustez facilement les niveaux de r\u00e9sistance pour personnaliser l'intensit\u00e9 de votre entra\u00eenement, id\u00e9al pour les d\u00e9butants et les cyclistes avanc\u00e9s.<\/span><br \/>\n<span style=\"font-size: 110%;\">\u3010Comfortable Design\u3011 : Si\u00e8ge et guidon ergonomiques, r\u00e9glables pour un confort optimal et un ajustement personnalis\u00e9.<\/span><br \/>\n<span style=\"font-size: 110%;\">\u3010Moniteur num\u00e9rique\u3011 : Suivez les progr\u00e8s de votre entra\u00eenement gr\u00e2ce \u00e0 l'affichage num\u00e9rique int\u00e9gr\u00e9, qui indique l'heure, la vitesse, la distance, les calories br\u00fbl\u00e9es et la fr\u00e9quence cardiaque.<\/span><br \/>\n<span style=\"font-size: 110%;\">\u3010Quiet Belt Drive\u3011 : Profitez d'une conduite souple et silencieuse gr\u00e2ce au syst\u00e8me d'entra\u00eenement par courroie, garantissant un minimum de bruit et une concentration maximale sur votre entra\u00eenement.<\/span><br \/>\n<span style=\"font-size: 110%;\">\u3010Sturdy Construction\u3011 : Fabriqu\u00e9 en acier de haute qualit\u00e9, ce v\u00e9lo offre durabilit\u00e9 et stabilit\u00e9 pour une exp\u00e9rience d'entra\u00eenement s\u00fbre et efficace.<\/span><br \/>\n<span style=\"font-size: 110%;\">\u3010Portable et compact\u3011 : Comprend des roues de transport pour faciliter le d\u00e9placement et le stockage, ce qui le rend parfait pour les salles de sport \u00e0 domicile et les espaces limit\u00e9s.<\/span><\/p>\n<p><img decoding=\"async\" title=\"\u672a\u6807\u9898-2_01_compressed.jpg\" src=\"https:\/\/www.wavar.com\/data\/upload\/ueditor\/20230512\/645dac010d082.jpg\" alt=\"\u672a\u6807\u9898-2_01_compressed.jpg\" \/><\/p>\n<p><img decoding=\"async\" title=\"\u672a\u6807\u9898-2_02_compressed.jpg\" src=\"https:\/\/www.wavar.com\/data\/upload\/ueditor\/20230512\/645dac30da1c0.jpg\" alt=\"\u672a\u6807\u9898-2_02_compressed.jpg\" \/><\/p>\n<p><img decoding=\"async\" title=\"\u672a\u6807\u9898-2_03_compressed.jpg\" src=\"https:\/\/www.wavar.com\/data\/upload\/ueditor\/20230512\/645dac3e818f8.jpg\" alt=\"\u672a\u6807\u9898-2_03_compressed.jpg\" \/><\/p>\n<p>&nbsp;<\/p>\n<p>&nbsp;<\/p>","protected":false},"excerpt":{"rendered":"<p>Num\u00e9ro d'article : PN-SPB-015<\/p>\n<p>Taille du produit : 101*50*114cm<\/p>\n<p>Capacit\u00e9 de charge maximale : 120 kg<\/p>\n<p>Mat\u00e9riau : tube d'acier pulv\u00e9ris\u00e9, cadre principal : 1.3 d'\u00e9paisseur, accoudoir 1.5 d'\u00e9paisseur<\/p>\n<p>Type de paquet complet, volant d'inertie : 6,0 kg *avec petit compteur \u00e9lectronique<\/p>\n<p>M\u00e9thode de transmission : transmission par courroie<\/p>\n<p>Syst\u00e8me de freinage : Feutre de laine<\/p>\n<p>Affichage \u00e9lectronique des compteurs : Scan, vitesse, temps, distance, calories, Odo, pouls<\/p>\n<p>Coussin : coussin souple<\/p>","protected":false},"featured_media":817,"template":"","meta":[],"product_cat":[23,18,34],"product_tag":[1777,2025,2024,2023,2004,2026,2019],"class_list":{"0":"post-818","1":"product","2":"type-product","3":"status-publish","4":"has-post-thumbnail","6":"product_cat-cardio-training-manufacturer","7":"product_cat-fitness","8":"product_cat-spin-bike-manufacturer","9":"product_tag-adjustable-resistance-bike","10":"product_tag-cardio-workout-machine","11":"product_tag-home-gym-fitness-bike","12":"product_tag-indoor-pedal-cycling-bike","13":"product_tag-quiet-belt-drive-bike","14":"product_tag-spin-bike-with-digital-monitor","15":"product_tag-stationary-exercise-bike","17":"first","18":"instock","19":"shipping-taxable","20":"product-type-simple"},"_links":{"self":[{"href":"https:\/\/gofitstrength.com\/fr\/wp-json\/wp\/v2\/product\/818","targetHints":{"allow":["GET"]}}],"collection":[{"href":"https:\/\/gofitstrength.com\/fr\/wp-json\/wp\/v2\/product"}],"about":[{"href":"https:\/\/gofitstrength.com\/fr\/wp-json\/wp\/v2\/types\/product"}],"wp:featuredmedia":[{"embeddable":true,"href":"https:\/\/gofitstrength.com\/fr\/wp-json\/wp\/v2\/media\/817"}],"wp:attachment":[{"href":"https:\/\/gofitstrength.com\/fr\/wp-json\/wp\/v2\/media?parent=818"}],"wp:term":[{"taxonomy":"product_cat","embeddable":true,"href":"https:\/\/gofitstrength.com\/fr\/wp-json\/wp\/v2\/product_cat?post=818"},{"taxonomy":"product_tag","embeddable":true,"href":"https:\/\/gofitstrength.com\/fr\/wp-json\/wp\/v2\/product_tag?post=818"}],"curies":[{"name":"wp","href":"https:\/\/api.w.org\/{rel}","templated":true}]}}