{"id":814,"date":"2024-05-31T10:28:19","date_gmt":"2024-05-31T10:28:19","guid":{"rendered":"https:\/\/gofit.laozhanzhang.com\/product\/variable-speed-commercial-spin-bike\/"},"modified":"2024-07-09T15:52:34","modified_gmt":"2024-07-09T15:52:34","slug":"variable-speed-commercial-spin-bike","status":"publish","type":"product","link":"https:\/\/gofitstrength.com\/fr\/produit\/velo-dappartement-a-vitesse-variable\/","title":{"rendered":"V\u00e9lo d'entra\u00eenement commercial \u00e0 vitesse variable"},"content":{"rendered":"<h2><span style=\"color: #282828;\"><strong>V\u00e9lo d'entra\u00eenement robuste \u00e0 vitesse variable pour les s\u00e9ances d'entra\u00eenement en salle de sport professionnelle<\/strong><\/span><\/h2>\n<p><span style=\"font-size: 110%;\">\u3010Variable Speed Control\u3011 : Ajustez facilement la vitesse et la r\u00e9sistance pour r\u00e9pondre aux diff\u00e9rentes intensit\u00e9s d'entra\u00eenement.<\/span><br \/>\n<span style=\"font-size: 110%;\">\u3010Professional Grade\u3011 : Con\u00e7u pour une utilisation commerciale dans les gymnases et les centres de remise en forme, avec une construction robuste.<\/span><br \/>\n<span style=\"font-size: 110%;\">\u3010Ergonomic Handlebar\u3011 : Le guidon multipositions offre de multiples options de prise en main pour des postures cyclistes vari\u00e9es.<\/span><br \/>\n<span style=\"font-size: 110%;\">\u3010Robust Flywheel\u3011 : Le volant d'inertie lisse et stable garantit une exp\u00e9rience de conduite coh\u00e9rente.<\/span><br \/>\n<span style=\"font-size: 110%;\">\u3010Selle r\u00e9glable\u3011 : Hauteur et position de la selle personnalisables pour s'adapter aux diff\u00e9rentes morphologies.<\/span><br \/>\n<span style=\"font-size: 110%;\">\u3010Durable Frame\u3011 : Construit avec des mat\u00e9riaux de haute qualit\u00e9 pour r\u00e9sister \u00e0 une utilisation intense et prolong\u00e9e.<\/span><br \/>\n<span style=\"font-size: 110%;\">\u3010Digital Display\u3011 : Surveillez le temps, la vitesse, la distance, les calories br\u00fbl\u00e9es et la fr\u00e9quence cardiaque sur un \u00e9cran LCD clair.<\/span><br \/>\n<span style=\"font-size: 110%;\">\u3010Non-Slip Pedals\u3011 : Placement s\u00fbr des pieds gr\u00e2ce \u00e0 des sangles r\u00e9glables pour un cyclisme s\u00fbr et efficace.<\/span><\/p>\n<p><img decoding=\"async\" title=\"\u672a\u6807\u9898-2_01_compressed.jpg\" src=\"https:\/\/www.wavar.com\/data\/upload\/ueditor\/20230512\/645e032d5dc30.jpg\" alt=\"\u672a\u6807\u9898-2_01_compressed.jpg\" \/><\/p>\n<p><img decoding=\"async\" title=\"\u672a\u6807\u9898-2_02_compressed.jpg\" src=\"https:\/\/www.wavar.com\/data\/upload\/ueditor\/20230512\/645e0352e5947.jpg\" alt=\"\u672a\u6807\u9898-2_02_compressed.jpg\" \/><\/p>\n<p><img decoding=\"async\" title=\"\u672a\u6807\u9898-2_03_compressed.jpg\" src=\"https:\/\/www.wavar.com\/data\/upload\/ueditor\/20230512\/645e03643cbfd.jpg\" alt=\"\u672a\u6807\u9898-2_03_compressed.jpg\" \/><\/p>\n<p>&nbsp;<\/p>\n<p>&nbsp;<\/p>","protected":false},"excerpt":{"rendered":"<p>Num\u00e9ro d'article : PN-SPB-024<\/p>\n<p>Taille : 102*60*114cm<\/p>\n<p>Capacit\u00e9 de charge : 150 kg<\/p>\n<p>Syst\u00e8me de r\u00e9sistance : r\u00e9sistance magn\u00e9tique de contr\u00f4le<\/p>\n<p>Mode de transmission : par courroie (sept rainures)<\/p>\n<p>Couleur : noir et rouge, jaune et noir<\/p>\n<p>Nombre d'armoires charg\u00e9es : Conteneur de 40 pieds de haut 318 unit\u00e9s<\/p>","protected":false},"featured_media":813,"template":"","meta":[],"product_cat":[23,18,34],"product_tag":[2008,1985,2137,2140,2031,1969,2139,2138],"class_list":{"0":"post-814","1":"product","2":"type-product","3":"status-publish","4":"has-post-thumbnail","6":"product_cat-cardio-training-manufacturer","7":"product_cat-fitness","8":"product_cat-spin-bike-manufacturer","9":"product_tag-adjustable-resistance-spin-bike","10":"product_tag-cardio-fitness-bike","11":"product_tag-commercial-spin-bike","12":"product_tag-gym-spin-bike","13":"product_tag-heavy-duty-spin-bike","14":"product_tag-indoor-cycling-bike","15":"product_tag-professional-spin-bike","16":"product_tag-variable-speed-spin-bike","18":"first","19":"instock","20":"shipping-taxable","21":"product-type-simple"},"_links":{"self":[{"href":"https:\/\/gofitstrength.com\/fr\/wp-json\/wp\/v2\/product\/814","targetHints":{"allow":["GET"]}}],"collection":[{"href":"https:\/\/gofitstrength.com\/fr\/wp-json\/wp\/v2\/product"}],"about":[{"href":"https:\/\/gofitstrength.com\/fr\/wp-json\/wp\/v2\/types\/product"}],"wp:featuredmedia":[{"embeddable":true,"href":"https:\/\/gofitstrength.com\/fr\/wp-json\/wp\/v2\/media\/813"}],"wp:attachment":[{"href":"https:\/\/gofitstrength.com\/fr\/wp-json\/wp\/v2\/media?parent=814"}],"wp:term":[{"taxonomy":"product_cat","embeddable":true,"href":"https:\/\/gofitstrength.com\/fr\/wp-json\/wp\/v2\/product_cat?post=814"},{"taxonomy":"product_tag","embeddable":true,"href":"https:\/\/gofitstrength.com\/fr\/wp-json\/wp\/v2\/product_tag?post=814"}],"curies":[{"name":"wp","href":"https:\/\/api.w.org\/{rel}","templated":true}]}}