{"id":719,"date":"2024-05-31T10:27:28","date_gmt":"2024-05-31T10:27:28","guid":{"rendered":"https:\/\/gofit.laozhanzhang.com\/product\/frosted-plastic-dipped-hex-dumbbell-with-flat-head\/"},"modified":"2024-07-10T05:26:57","modified_gmt":"2024-07-10T05:26:57","slug":"frosted-plastic-dipped-hex-dumbbell-with-flat-head","status":"publish","type":"product","link":"https:\/\/gofitstrength.com\/fr\/produit\/frosted-plastic-dipped-hex-dumbbell-with-flat-head\/","title":{"rendered":"High-Quality Frosted Plastic Dipped Hex Dumbbell With Flat Head"},"content":{"rendered":"<h2 style=\"text-align: center;\"><span style=\"color: #282828;\"><strong>High-Quality Frosted Plastic Dipped Hex Dumbbell With Flat Head for Strength Training and Home Gym<\/strong><\/span><\/h2>\n<p style=\"text-align: left;\">\n<p style=\"text-align: left;\"><span style=\"font-size: 110%;\">\u00a0 \u00a0 \u00a0 \u00a0 \u00a0 \u00a0 \u00a0 \u00a0 \u00a0 \u00a0 \u00a0 \u00a0 \u00a0 \u00a0 \u00a0 \u00a0 \u00a0 \u00a0 \u00a0 \u00a0 \u00a0 \u00a0 \u00a0 \u00a0 \u00a0 \u00a0 \u00a0 \u00a0 \u00a0 \u00a0 \u00a0 \u00a0 \u00a0 \u00a0 \u00a0 \u00a0 \u00a0 \u00a0 \u00a0 \u00a0 \u00a0 \u00a0 \u3010High-Quality Material\u3011: Made from premium-grade materials with a frosted plastic dip coating that provides a durable, long-lasting finish and ensures a comfortable grip.<\/span><br \/>\n<span style=\"font-size: 110%;\">\u00a0 \u00a0 \u00a0 \u00a0 \u00a0 \u00a0 \u00a0 \u00a0 \u00a0 \u00a0 \u00a0 \u00a0 \u00a0 \u00a0 \u00a0 \u00a0 \u00a0 \u00a0 \u00a0 \u00a0 \u00a0 \u00a0 \u00a0 \u00a0 \u00a0 \u00a0 \u00a0 \u00a0 \u00a0 \u00a0 \u00a0 \u00a0 \u00a0 \u00a0 \u00a0 \u00a0 \u00a0 \u00a0 \u00a0 \u00a0 \u00a0 \u00a0 \u3010Non-Slip Grip\u3011: The frosted plastic coating provides a non-slip surface, ensuring a secure and comfortable grip even during intense workouts.<\/span><br \/>\n<span style=\"font-size: 110%;\">\u00a0 \u00a0 \u00a0 \u00a0 \u00a0 \u00a0 \u00a0 \u00a0 \u00a0 \u00a0 \u00a0 \u00a0 \u00a0 \u00a0 \u00a0 \u00a0 \u00a0 \u00a0 \u00a0 \u00a0 \u00a0 \u00a0 \u00a0 \u00a0 \u00a0 \u00a0 \u00a0 \u00a0 \u00a0 \u00a0 \u00a0 \u00a0 \u00a0 \u00a0 \u00a0 \u00a0 \u00a0 \u00a0 \u00a0 \u00a0 \u00a0 \u00a0 \u3010Hexagonal Design with Flat Head\u3011: The unique hexagonal design with flat heads prevents rolling and ensures stability when placed on the floor, making it safer and more convenient for workouts.<\/span><br \/>\n<span style=\"font-size: 110%;\">\u00a0 \u00a0 \u00a0 \u00a0 \u00a0 \u00a0 \u00a0 \u00a0 \u00a0 \u00a0 \u00a0 \u00a0 \u00a0 \u00a0 \u00a0 \u00a0 \u00a0 \u00a0 \u00a0 \u00a0 \u00a0 \u00a0 \u00a0 \u00a0 \u00a0 \u00a0 \u00a0 \u00a0 \u00a0 \u00a0 \u00a0 \u00a0 \u00a0 \u00a0 \u00a0 \u00a0 \u00a0 \u00a0 \u00a0 \u00a0 \u00a0 \u00a0 \u3010Versatile Usage\u3011: Ideal for a variety of exercises including strength training, muscle building, aerobic workouts, and physical therapy, suitable for all fitness levels.<\/span><br \/>\n<span style=\"font-size: 110%;\">\u00a0 \u00a0 \u00a0 \u00a0 \u00a0 \u00a0 \u00a0 \u00a0 \u00a0 \u00a0 \u00a0 \u00a0 \u00a0 \u00a0 \u00a0 \u00a0 \u00a0 \u00a0 \u00a0 \u00a0 \u00a0 \u00a0 \u00a0 \u00a0 \u00a0 \u00a0 \u00a0 \u00a0 \u00a0 \u00a0 \u00a0 \u00a0 \u00a0 \u00a0 \u00a0 \u00a0 \u00a0 \u00a0 \u00a0 \u00a0 \u00a0 \u00a0 \u3010Clear Weight Markings\u3011: Each dumbbell has clear, easy-to-read weight markings for quick identification, streamlining your workout sessions.<\/span><br \/>\n<span style=\"font-size: 110%;\">\u00a0 \u00a0 \u00a0 \u00a0 \u00a0 \u00a0 \u00a0 \u00a0 \u00a0 \u00a0 \u00a0 \u00a0 \u00a0 \u00a0 \u00a0 \u00a0 \u00a0 \u00a0 \u00a0 \u00a0 \u00a0 \u00a0 \u00a0 \u00a0 \u00a0 \u00a0 \u00a0 \u00a0 \u00a0 \u00a0 \u00a0 \u00a0 \u00a0 \u00a0 \u00a0 \u00a0 \u00a0 \u00a0 \u00a0 \u00a0 \u00a0 \u00a0 \u3010Easy to Clean\u3011: The plastic coating is simple to clean and maintain, ensuring hygiene and longevity of the dumbbells.<\/span><br \/>\n<span style=\"font-size: 110%;\">\u00a0 \u00a0 \u00a0 \u00a0 \u00a0 \u00a0 \u00a0 \u00a0 \u00a0 \u00a0 \u00a0 \u00a0 \u00a0 \u00a0 \u00a0 \u00a0 \u00a0 \u00a0 \u00a0 \u00a0 \u00a0 \u00a0 \u00a0 \u00a0 \u00a0 \u00a0 \u00a0 \u00a0 \u00a0 \u00a0 \u00a0 \u00a0 \u00a0 \u00a0 \u00a0 \u00a0 \u00a0 \u00a0 \u00a0 \u00a0 \u00a0 \u00a0 \u3010Durable Construction\u3011 : Construits avec des mat\u00e9riaux de haute qualit\u00e9 et renforc\u00e9s pour la solidit\u00e9, ces halt\u00e8res sont con\u00e7us pour r\u00e9sister \u00e0 une utilisation fr\u00e9quente et intense sans dommage.<\/span><br \/>\n<span style=\"font-size: 110%;\">\u00a0 \u00a0 \u00a0 \u00a0 \u00a0 \u00a0 \u00a0 \u00a0 \u00a0 \u00a0 \u00a0 \u00a0 \u00a0 \u00a0 \u00a0 \u00a0 \u00a0 \u00a0 \u00a0 \u00a0 \u00a0 \u00a0 \u00a0 \u00a0 \u00a0 \u00a0 \u00a0 \u00a0 \u00a0 \u00a0 \u00a0 \u00a0 \u00a0 \u00a0 \u00a0 \u00a0 \u00a0 \u00a0 \u00a0 \u00a0 \u00a0 \u00a0 \u3010Protects Floors\u3011: The plastic coating not only adds durability but also protects your floors from scratches and damage when the weights are placed down.<\/span><br \/>\n<span style=\"font-size: 110%;\">\u00a0 \u00a0 \u00a0 \u00a0 \u00a0 \u00a0 \u00a0 \u00a0 \u00a0 \u00a0 \u00a0 \u00a0 \u00a0 \u00a0 \u00a0 \u00a0 \u00a0 \u00a0 \u00a0 \u00a0 \u00a0 \u00a0 \u00a0 \u00a0 \u00a0 \u00a0 \u00a0 \u00a0 \u00a0 \u00a0 \u00a0 \u00a0 \u00a0 \u00a0 \u00a0 \u00a0 \u00a0 \u00a0 \u00a0 \u00a0 \u00a0 \u00a0 \u3010Compact et peu encombrant\u3011 : La conception compacte permet un stockage facile et une utilisation efficace de l'espace dans votre salle de sport \u00e0 domicile ou votre zone d'entra\u00eenement.<\/span><\/p>\n<p style=\"text-align: center;\"><img decoding=\"async\" class=\"aligncenter\" title=\"Frosted Plastic Dipped Dumbbell With Flat Head\" src=\"https:\/\/www.wavar.com\/data\/upload\/ueditor\/20230718\/64b63d113b94b.jpg\" alt=\"Frosted Plastic Dipped Dumbbell With Flat Head\" \/><\/p>\n<p style=\"text-align: center;\"><img decoding=\"async\" class=\"aligncenter\" title=\"Frosted Plastic Dipped Dumbbell With Flat Head\" src=\"https:\/\/www.wavar.com\/data\/upload\/ueditor\/20230718\/64b63d8093622.jpg\" alt=\"Frosted Plastic Dipped Dumbbell With Flat Head\" \/><\/p>\n<p style=\"text-align: center;\"><img decoding=\"async\" class=\"aligncenter\" title=\"Frosted Plastic Dipped Dumbbell With Flat Head\" src=\"https:\/\/www.wavar.com\/data\/upload\/ueditor\/20230718\/64b63d5d462fb.jpg\" alt=\"Frosted Plastic Dipped Dumbbell With Flat Head\" \/><\/p>\n<p style=\"text-align: center;\"><img decoding=\"async\" title=\"Frosted Plastic Dipped Dumbbell With Flat Head\" src=\"https:\/\/www.wavar.com\/data\/upload\/ueditor\/20230718\/64b63da84d802.jpg\" alt=\"Frosted Plastic Dipped Dumbbell With Flat Head\" \/><\/p>\n<p>&nbsp;<\/p>\n<p><span style=\"color: #333333; font-family: arial; text-wrap: wrap; background-color: #ffffff;\">\u00a0<\/span><\/p>","protected":false},"excerpt":{"rendered":"<p>tem No: PN-DB-008<\/p>\n<p>Material: PVC Material+ Cast Iron<\/p>\n<p>Weight: 0.5kg, 1kg, 1.5kg, 2kg, 3kg, 4kg, 5kg, 6kg, 8kg, 9kg, 10kg<\/p>\n<p>Packing: Customized packing<\/p>\n<p>Customization: Customized Logo and Color<\/p>","protected":false},"featured_media":4506,"template":"","meta":[],"product_cat":[40,18,38,41],"product_tag":[88,2156,2162,2163,91,90,2164,89],"class_list":{"0":"post-719","1":"product","2":"type-product","3":"status-publish","4":"has-post-thumbnail","6":"product_cat-dumbbells-manufacturer","7":"product_cat-fitness","8":"product_cat-free-weights","9":"product_cat-women-dumbbell","10":"product_tag-durable-exercise-weights","11":"product_tag-fitness-dumbbells","12":"product_tag-frosted-plastic-dipped-dumbbell","13":"product_tag-hex-dumbbell-with-flat-head","14":"product_tag-home-gym-equipment","15":"product_tag-non-slip-dumbbells","16":"product_tag-plastic-coated-weights","17":"product_tag-strength-training-dumbbells","19":"first","20":"instock","21":"shipping-taxable","22":"product-type-simple"},"_links":{"self":[{"href":"https:\/\/gofitstrength.com\/fr\/wp-json\/wp\/v2\/product\/719","targetHints":{"allow":["GET"]}}],"collection":[{"href":"https:\/\/gofitstrength.com\/fr\/wp-json\/wp\/v2\/product"}],"about":[{"href":"https:\/\/gofitstrength.com\/fr\/wp-json\/wp\/v2\/types\/product"}],"wp:featuredmedia":[{"embeddable":true,"href":"https:\/\/gofitstrength.com\/fr\/wp-json\/wp\/v2\/media\/4506"}],"wp:attachment":[{"href":"https:\/\/gofitstrength.com\/fr\/wp-json\/wp\/v2\/media?parent=719"}],"wp:term":[{"taxonomy":"product_cat","embeddable":true,"href":"https:\/\/gofitstrength.com\/fr\/wp-json\/wp\/v2\/product_cat?post=719"},{"taxonomy":"product_tag","embeddable":true,"href":"https:\/\/gofitstrength.com\/fr\/wp-json\/wp\/v2\/product_tag?post=719"}],"curies":[{"name":"wp","href":"https:\/\/api.w.org\/{rel}","templated":true}]}}