{"id":639,"date":"2024-05-31T10:26:46","date_gmt":"2024-05-31T10:26:46","guid":{"rendered":"https:\/\/gofit.laozhanzhang.com\/product\/jaw-trainer\/"},"modified":"2024-07-02T11:07:04","modified_gmt":"2024-07-02T11:07:04","slug":"jaw-trainer","status":"publish","type":"product","link":"https:\/\/gofitstrength.com\/fr\/produit\/entraineur-de-machoire\/","title":{"rendered":"Entra\u00eeneur de m\u00e2choire"},"content":{"rendered":"<h2 style=\"text-align: left;\"><strong>Exerciseur complet pour la m\u00e2choire et renforcement des muscles faciaux pour un meilleur amincissement du visage<\/strong><\/h2>\n<p>&nbsp;<\/p>\n<p><span style=\"font-size: 110%;\">\u3010Mat\u00e9riel de haute qualit\u00e9\u3011 : Fabriqu\u00e9 \u00e0 partir de mat\u00e9riaux non toxiques de premi\u00e8re qualit\u00e9 pour une utilisation quotidienne s\u00fbre et efficace.<\/span><br \/>\n<span style=\"font-size: 110%;\">\u3010Jawline Definition\u3011 : Aide \u00e0 d\u00e9finir et \u00e0 sculpter la ligne de la m\u00e2choire en renfor\u00e7ant les muscles de la m\u00e2choire par une utilisation r\u00e9guli\u00e8re.<\/span><br \/>\n<span style=\"font-size: 110%;\">\u3010Exercice des muscles faciaux\u3011 : Fournit un exercice cibl\u00e9 pour les muscles du visage, favorisant l'amincissement du visage et r\u00e9duisant les rides.<\/span><br \/>\n<span style=\"font-size: 110%;\">\u3010Ergonomic Design\u3011 : Conception ergonomique pour le confort et l'efficacit\u00e9, s'adaptant parfaitement \u00e0 la bouche.<\/span><br \/>\n<span style=\"font-size: 110%;\">\u3010Portable et l\u00e9ger\u3011 : Le design compact et l\u00e9ger le rend facile \u00e0 transporter et \u00e0 utiliser n'importe o\u00f9, n'importe quand.<\/span><br \/>\n<span style=\"font-size: 110%;\">\u3010Vari\u00e9t\u00e9 de niveaux de r\u00e9sistance\u3011 : Disponible en diff\u00e9rents niveaux de r\u00e9sistance pour r\u00e9pondre aux diff\u00e9rents besoins et objectifs de remise en forme.<\/span><\/p>\n<p style=\"text-align: center; line-height: 150%;\"><span style=\"font-family: \u5b8b\u4f53; line-height: 150%; font-size: 14px;\">\u00a0<img decoding=\"async\" title=\"Entra\u00eeneur de m\u00e2choire\" src=\"https:\/\/www.wavar.com\/data\/upload\/ueditor\/20230816\/64dc7775d1902.jpg\" alt=\"Entra\u00eeneur de m\u00e2choire\" \/><\/span><\/p>\n<p style=\"text-align: center; line-height: 150%;\"><span style=\"font-family: \u5b8b\u4f53; line-height: 150%; font-size: 14px;\"><img decoding=\"async\" title=\"Entra\u00eeneur de m\u00e2choire\" src=\"https:\/\/www.wavar.com\/data\/upload\/ueditor\/20230816\/64dc777dc16db.jpg\" alt=\"Entra\u00eeneur de m\u00e2choire\" \/><\/span><\/p>\n<p style=\"text-align: center; line-height: 150%;\"><span style=\"font-family: \u5b8b\u4f53; line-height: 150%; font-size: 14px;\"><img decoding=\"async\" title=\"Entra\u00eeneur de m\u00e2choire\" src=\"https:\/\/www.wavar.com\/data\/upload\/ueditor\/20230816\/64dc77849adbd.jpg\" alt=\"Entra\u00eeneur de m\u00e2choire\" \/><\/span><\/p>\n<p style=\"text-align: center; line-height: 150%;\"><span style=\"font-family: \u5b8b\u4f53; line-height: 150%; font-size: 14px;\"><img decoding=\"async\" title=\"Entra\u00eeneur de m\u00e2choire\" src=\"https:\/\/www.wavar.com\/data\/upload\/ueditor\/20230816\/64dc779b9e311.jpg\" alt=\"Entra\u00eeneur de m\u00e2choire\" \/><\/span><\/p>","protected":false},"excerpt":{"rendered":"<div>Num\u00e9ro d'article : PN-JE-003<\/div>\n<div><\/div>\n<div>Mat\u00e9riau principal : silicone de qualit\u00e9 alimentaire<\/div>\n<div><\/div>\n<div>Poids :<\/div>\n<div><\/div>\n<div>(Mod\u00e8le \u00e0 deux g\u00e9n\u00e9rations)32g<\/div>\n<div><\/div>\n<div>(Mod\u00e8le \u00e0 six g\u00e9n\u00e9rations)28g<\/div>\n<div><\/div>\n<div>Taille :<\/div>\n<div><\/div>\n<div>(Mod\u00e8le \u00e0 deux g\u00e9n\u00e9rations) 3*3.6*4.3cm<\/div>\n<div><\/div>\n<div>(Mod\u00e8le \u00e0 six g\u00e9n\u00e9rations) 3*3.5*3.5cm<\/div>","protected":false},"featured_media":638,"template":"","meta":[],"product_cat":[18,19,49],"product_tag":[450,448,447,446,444,449,451],"class_list":{"0":"post-639","1":"product","2":"type-product","3":"status-publish","4":"has-post-thumbnail","6":"product_cat-fitness","7":"product_cat-fitness-accessories","8":"product_cat-jawline-exerciser-manufacturer","9":"product_tag-anti-aging-facial-trainer","10":"product_tag-customizable-jaw-exercise-device","11":"product_tag-face-slimming-tool","12":"product_tag-facial-muscle-strengthener","13":"product_tag-jaw-trainer","14":"product_tag-jawline-exerciser","15":"product_tag-portable-face-workout","17":"first","18":"instock","19":"shipping-taxable","20":"product-type-simple"},"_links":{"self":[{"href":"https:\/\/gofitstrength.com\/fr\/wp-json\/wp\/v2\/product\/639","targetHints":{"allow":["GET"]}}],"collection":[{"href":"https:\/\/gofitstrength.com\/fr\/wp-json\/wp\/v2\/product"}],"about":[{"href":"https:\/\/gofitstrength.com\/fr\/wp-json\/wp\/v2\/types\/product"}],"wp:featuredmedia":[{"embeddable":true,"href":"https:\/\/gofitstrength.com\/fr\/wp-json\/wp\/v2\/media\/638"}],"wp:attachment":[{"href":"https:\/\/gofitstrength.com\/fr\/wp-json\/wp\/v2\/media?parent=639"}],"wp:term":[{"taxonomy":"product_cat","embeddable":true,"href":"https:\/\/gofitstrength.com\/fr\/wp-json\/wp\/v2\/product_cat?post=639"},{"taxonomy":"product_tag","embeddable":true,"href":"https:\/\/gofitstrength.com\/fr\/wp-json\/wp\/v2\/product_tag?post=639"}],"curies":[{"name":"wp","href":"https:\/\/api.w.org\/{rel}","templated":true}]}}