{"id":635,"date":"2024-05-31T10:26:44","date_gmt":"2024-05-31T10:26:44","guid":{"rendered":"https:\/\/gofit.laozhanzhang.com\/product\/fourth-generation-jaw-trainer\/"},"modified":"2024-07-01T11:54:25","modified_gmt":"2024-07-01T11:54:25","slug":"fourth-generation-jaw-trainer","status":"publish","type":"product","link":"https:\/\/gofitstrength.com\/fr\/produit\/fourth-generation-jaw-trainer\/","title":{"rendered":"Entra\u00eeneur de m\u00e2choire de quatri\u00e8me g\u00e9n\u00e9ration"},"content":{"rendered":"<h2 style=\"text-align: left;\"><strong>Advanced Jawline Exerciser and Facial Muscle Strengthener for Effective Face Slimming<\/strong><\/h2>\n<p>&nbsp;<\/p>\n<p><span style=\"font-size: 110%;\">\u3010High-Quality Material\u3011: Made from premium, durable materials for safe and effective use.<\/span><br \/>\n<span style=\"font-size: 110%;\">\u3010Jawline Definition\u3011: Enhances jawline definition by strengthening and toning jaw muscles.<\/span><br \/>\n<span style=\"font-size: 110%;\">\u3010Facial Muscle Exercise\u3011: Provides comprehensive exercise for facial muscles, aiding in face slimming and reducing signs of aging.<\/span><br \/>\n<span style=\"font-size: 110%;\">\u3010Ergonomic Design\u3011: Features an ergonomic design for comfortable and efficient use.<\/span><br \/>\n<span style=\"font-size: 110%;\">\u3010Portable and Lightweight\u3011: Compact and lightweight, making it easy to carry and use anywhere.<\/span><\/p>\n<p style=\"text-align: center;\"><strong><span style=\"text-align: center;\"><img decoding=\"async\" title=\"Entra\u00eeneur de m\u00e2choire de quatri\u00e8me g\u00e9n\u00e9ration\" src=\"https:\/\/www.wavar.com\/data\/upload\/ueditor\/20230816\/64dc85be76b32.jpg\" alt=\"Entra\u00eeneur de m\u00e2choire de quatri\u00e8me g\u00e9n\u00e9ration\" \/><\/span><\/strong><\/p>\n<p style=\"text-align: center;\"><strong><span style=\"text-align: center;\"><img decoding=\"async\" title=\"Entra\u00eeneur de m\u00e2choire de quatri\u00e8me g\u00e9n\u00e9ration\" src=\"https:\/\/www.wavar.com\/data\/upload\/ueditor\/20230816\/64dc85c57cf43.jpg\" alt=\"Entra\u00eeneur de m\u00e2choire de quatri\u00e8me g\u00e9n\u00e9ration\" \/><\/span><\/strong><\/p>\n<p style=\"text-align: center;\"><strong><span style=\"text-align: center;\"><img decoding=\"async\" title=\"Entra\u00eeneur de m\u00e2choire de quatri\u00e8me g\u00e9n\u00e9ration\" src=\"https:\/\/www.wavar.com\/data\/upload\/ueditor\/20230816\/64dc85d03fa2d.jpg\" alt=\"Entra\u00eeneur de m\u00e2choire de quatri\u00e8me g\u00e9n\u00e9ration\" \/><\/span><\/strong><\/p>\n<p style=\"text-align: center;\"><strong><span style=\"text-align: center;\"><img decoding=\"async\" title=\"Entra\u00eeneur de m\u00e2choire de quatri\u00e8me g\u00e9n\u00e9ration\" src=\"https:\/\/www.wavar.com\/data\/upload\/ueditor\/20230816\/64dc85e5cbc82.jpg\" alt=\"Entra\u00eeneur de m\u00e2choire de quatri\u00e8me g\u00e9n\u00e9ration\" \/><\/span><\/strong><\/p>","protected":false},"excerpt":{"rendered":"<div>Item No: PN-JE-002<\/div>\n<div><\/div>\n<div>Main Material: food grade silicone<\/div>\n<div><\/div>\n<div>Weight: 5g<\/div>\n<div><\/div>\n<div>Size: 3*1.6*1.5CM<\/div>","protected":false},"featured_media":634,"template":"","meta":[],"product_cat":[18,19,49],"product_tag":[448,447,446,445,444],"class_list":{"0":"post-635","1":"product","2":"type-product","3":"status-publish","4":"has-post-thumbnail","6":"product_cat-fitness","7":"product_cat-fitness-accessories","8":"product_cat-jawline-exerciser-manufacturer","9":"product_tag-customizable-jaw-exercise-device","10":"product_tag-face-slimming-tool","11":"product_tag-facial-muscle-strengthener","12":"product_tag-fourth-generation-jawline-exerciser","13":"product_tag-jaw-trainer","15":"first","16":"instock","17":"shipping-taxable","18":"product-type-simple"},"_links":{"self":[{"href":"https:\/\/gofitstrength.com\/fr\/wp-json\/wp\/v2\/product\/635","targetHints":{"allow":["GET"]}}],"collection":[{"href":"https:\/\/gofitstrength.com\/fr\/wp-json\/wp\/v2\/product"}],"about":[{"href":"https:\/\/gofitstrength.com\/fr\/wp-json\/wp\/v2\/types\/product"}],"wp:featuredmedia":[{"embeddable":true,"href":"https:\/\/gofitstrength.com\/fr\/wp-json\/wp\/v2\/media\/634"}],"wp:attachment":[{"href":"https:\/\/gofitstrength.com\/fr\/wp-json\/wp\/v2\/media?parent=635"}],"wp:term":[{"taxonomy":"product_cat","embeddable":true,"href":"https:\/\/gofitstrength.com\/fr\/wp-json\/wp\/v2\/product_cat?post=635"},{"taxonomy":"product_tag","embeddable":true,"href":"https:\/\/gofitstrength.com\/fr\/wp-json\/wp\/v2\/product_tag?post=635"}],"curies":[{"name":"wp","href":"https:\/\/api.w.org\/{rel}","templated":true}]}}