{"id":5223,"date":"2024-07-11T16:15:44","date_gmt":"2024-07-11T16:15:44","guid":{"rendered":"https:\/\/gofitstrength.com\/?post_type=product&#038;p=5223"},"modified":"2024-07-11T16:18:20","modified_gmt":"2024-07-11T16:18:20","slug":"maple-oak-gyrotonic-machine","status":"publish","type":"product","link":"https:\/\/gofitstrength.com\/fr\/produit\/machine-gyrotonique-en-chene-erable\/","title":{"rendered":"Machine gyrotonique en \u00e9rable\/ch\u00eane"},"content":{"rendered":"<h2 style=\"white-space: normal; text-align: left;\"><span style=\"color: #282828;\"><strong>Machine gyrotonique en \u00e9rable et en ch\u00eane de premi\u00e8re qualit\u00e9 pour un usage professionnel ou domestique<\/strong><\/span><\/h2>\n<p style=\"white-space: normal; text-align: left;\">\u3010Construction en bois de haute qualit\u00e9\u3011 : Fabriqu\u00e9 \u00e0 partir de bois d'\u00e9rable et de ch\u00eane de premi\u00e8re qualit\u00e9, offrant une durabilit\u00e9 et une apparence \u00e9l\u00e9gante.<br \/>\n\u3010Adjustable Resistance\u3011 : La r\u00e9sistance est r\u00e9glable pour s'adapter aux diff\u00e9rents niveaux de forme physique et aux besoins d'exercice.<br \/>\n\u3010Ergonomic Design\u3011 : Con\u00e7u pour favoriser un alignement correct et r\u00e9duire le risque de blessure pendant les s\u00e9ances d'entra\u00eenement.<br \/>\n\u3010Smooth Motion System\u3011 : Con\u00e7u pour un fonctionnement silencieux et continu, garantissant une exp\u00e9rience d'entra\u00eenement fluide et efficace.<br \/>\n\u3010Versatile Exercise Options\u3011 : Convient \u00e0 une large gamme d'exercices gyrotoniques, ciblant plusieurs groupes musculaires pour un entra\u00eenement complet.<br \/>\n\u3010Comfortable Upholstery\u3011 : \u00c9quip\u00e9 d'un rembourrage en mousse haute densit\u00e9 pour un confort maximal pendant les longues s\u00e9ances d'exercice.<br \/>\n\u3010Stable Base\u3011 : Offre une excellente stabilit\u00e9, ce qui en fait un outil id\u00e9al pour une utilisation \u00e0 domicile ou en studio professionnel.<br \/>\n\u3010Compact et peu encombrant\u3011 : Con\u00e7u pour s'int\u00e9grer dans des espaces plus restreints sans compromettre la fonctionnalit\u00e9.<br \/>\n\u3010Easy Maintenance\u3011 : Fabriqu\u00e9 \u00e0 partir de mat\u00e9riaux faciles \u00e0 nettoyer et \u00e0 entretenir, ce qui garantit sa long\u00e9vit\u00e9.<br \/>\n\u3010Options de personnalisation\u3011 : Disponible avec diverses options de personnalisation pour r\u00e9pondre aux pr\u00e9f\u00e9rences personnelles ou aux besoins en mati\u00e8re de marque.<\/p>\n<p>&nbsp;<\/p>\n<p>&nbsp;<\/p>\n<p>&nbsp;<\/p>","protected":false},"excerpt":{"rendered":"<p>Num\u00e9ro d'article : PN-P-045<\/p>\n<p>Mat\u00e9riau du cadre : \u00e9rable blanc\/ch\u00eane<\/p>\n<p>Ressort:Normal\/Standard\/Top<\/p>\n<p>Couleur du cuir:Noir,Gris,Blanc Autre option de couleur<\/p>\n<p>Taille du produit : 1700*1400*1850mm 1550*550*750mm<\/p>","protected":false},"featured_media":5224,"template":"","meta":[],"product_cat":[28],"product_tag":[3069,3068,3071,3070,3065,3066,3067],"class_list":{"0":"post-5223","1":"product","2":"type-product","3":"status-publish","4":"has-post-thumbnail","6":"product_cat-pilates-equipment-factory","7":"product_tag-adjustable-resistance-gyrotonic","8":"product_tag-full-body-workout-gyrotonic","9":"product_tag-home-and-studio-gyrotonic-machine","10":"product_tag-luxury-gyrotonic-equipment","11":"product_tag-maple-gyrotonic-machine","12":"product_tag-oak-gyrotonic-equipment","13":"product_tag-professional-gyrotonic-machine","15":"first","16":"instock","17":"shipping-taxable","18":"product-type-simple"},"_links":{"self":[{"href":"https:\/\/gofitstrength.com\/fr\/wp-json\/wp\/v2\/product\/5223","targetHints":{"allow":["GET"]}}],"collection":[{"href":"https:\/\/gofitstrength.com\/fr\/wp-json\/wp\/v2\/product"}],"about":[{"href":"https:\/\/gofitstrength.com\/fr\/wp-json\/wp\/v2\/types\/product"}],"wp:featuredmedia":[{"embeddable":true,"href":"https:\/\/gofitstrength.com\/fr\/wp-json\/wp\/v2\/media\/5224"}],"wp:attachment":[{"href":"https:\/\/gofitstrength.com\/fr\/wp-json\/wp\/v2\/media?parent=5223"}],"wp:term":[{"taxonomy":"product_cat","embeddable":true,"href":"https:\/\/gofitstrength.com\/fr\/wp-json\/wp\/v2\/product_cat?post=5223"},{"taxonomy":"product_tag","embeddable":true,"href":"https:\/\/gofitstrength.com\/fr\/wp-json\/wp\/v2\/product_tag?post=5223"}],"curies":[{"name":"wp","href":"https:\/\/api.w.org\/{rel}","templated":true}]}}