{"id":1611,"date":"2024-05-31T10:35:24","date_gmt":"2024-05-31T10:35:24","guid":{"rendered":"https:\/\/gofit.laozhanzhang.com\/product\/pvc-yoga-mat\/"},"modified":"2024-07-08T12:51:49","modified_gmt":"2024-07-08T12:51:49","slug":"pvc-yoga-mat","status":"publish","type":"product","link":"https:\/\/gofitstrength.com\/fr\/produit\/tapis-de-yoga-en-pvc\/","title":{"rendered":"Tapis de yoga en PVC"},"content":{"rendered":"<h2 style=\"margin: 0px 0px 5px; padding: 0px; color: #666666; font-family: Poppins-Regular, arial, helvetica, sans-serif; white-space: normal; text-align: left;\"><span style=\"color: #282828;\"><strong>Tapis de yoga \u00e9cologique en PVC haute densit\u00e9 avec surface antid\u00e9rapante pour un confort et une durabilit\u00e9 accrus<\/strong><\/span><\/h2>\n<h3><\/h3>\n<h3 style=\"margin-bottom: 5px;\"><span style=\"font-size: 20px;\"><strong>Sp\u00e9cification :\u00a0<\/strong><\/span><\/h3>\n<table cellspacing=\"0\">\n<tbody>\n<tr>\n<td style=\"word-break: break-all;\">Nom du produit : Tapis de yoga en PVC<\/td>\n<td style=\"word-break: break-all;\">Num\u00e9ro d'article : PN-YM-031<\/td>\n<\/tr>\n<tr>\n<td style=\"word-break: break-all;\">Taille : (L*L) : 173*61<\/td>\n<td style=\"word-break: break-all;\">Capacit\u00e9 d'approvisionnement : 10000 par mois<\/td>\n<\/tr>\n<tr>\n<td style=\"word-break: break-all;\">Couleur et motif : Possibilit\u00e9 de personnalisation<\/td>\n<td style=\"word-break: break-all;\">MOQ : \u00e0 n\u00e9gocier<\/td>\n<\/tr>\n<tr>\n<td style=\"word-break: break-all;\">Mat\u00e9riau : PVC s\u00fbr<\/td>\n<td style=\"word-break: break-all;\">Graphique : Personnalis\u00e9<\/td>\n<\/tr>\n<tr>\n<td style=\"word-break: break-all;\">Fonction : Yoga, exercices, fitness<\/td>\n<td style=\"word-break: break-all;\">Emballage : Personnalis\u00e9<\/td>\n<\/tr>\n<tr>\n<td style=\"word-break: break-all;\">D\u00e9lai de livraison : n\u00e9gociable<\/td>\n<td style=\"word-break: break-all;\">LOGO :<span style=\"background-color: #edf5fa;\">\u00a0<\/span>Sur mesure<\/td>\n<\/tr>\n<\/tbody>\n<\/table>\n<p>&nbsp;<\/p>\n<p><span style=\"font-size: 110%;\">\u3010Mat\u00e9riau PVC de haute qualit\u00e9\u3011 : Fabriqu\u00e9 en PVC de haute qualit\u00e9, il offre un excellent amorti et un bon soutien.<\/span><br \/>\n<span style=\"font-size: 110%;\">\u3010Non-slip Surface\u3011 : Comporte une surface antid\u00e9rapante qui assure la stabilit\u00e9 et l'adh\u00e9rence, m\u00eame lors d'entra\u00eenements intenses et en cas de transpiration.<\/span><br \/>\n<span style=\"font-size: 110%;\">\u3010High-density Cushioning\u3011 : Offre un confort sup\u00e9rieur et une protection des articulations pendant les diff\u00e9rentes poses et exercices de yoga.<\/span><br \/>\n<span style=\"font-size: 110%;\">\u3010Durable Construction\u3011 : Le mat\u00e9riau PVC de haute qualit\u00e9 garantit une performance et une r\u00e9silience durables.<\/span><br \/>\n<span style=\"font-size: 110%;\">\u3010Eco-friendly\u3011 : Construit \u00e0 partir de mat\u00e9riaux respectueux de l'environnement, ce qui en fait un choix durable pour les amateurs de yoga.<\/span><br \/>\n<span style=\"font-size: 110%;\">\u3010Easy to Clean\u3011 : Simple \u00e0 nettoyer et \u00e0 entretenir, il garantit l'hygi\u00e8ne et la long\u00e9vit\u00e9.<\/span><br \/>\n<span style=\"font-size: 110%;\">\u3010Portable et l\u00e9ger\u3011 : L\u00e9ger et facile \u00e0 enrouler, il est pratique pour le stockage et le transport.<\/span><br \/>\n<span style=\"font-size: 110%;\">\u3010Disponible en plusieurs couleurs\u3011 : Disponible en plusieurs couleurs pour s'adapter aux pr\u00e9f\u00e9rences personnelles ou \u00e0 l'esth\u00e9tique du studio.<\/span><\/p>\n<p>&nbsp;<\/p>\n<p>&nbsp;<\/p>\n<p>&nbsp;<\/p>\n<p>&nbsp;<\/p>","protected":false},"excerpt":{"rendered":"<p>Num\u00e9ro d'article : PN-YM-031<br \/>\nmat\u00e9riau : PVC<br \/>\nOEM\/ODM : acceptable<\/p>","protected":false},"featured_media":1610,"template":"","meta":[],"product_cat":[26,37],"product_tag":[1528,1428,1415,1495,1503,1411,1523],"class_list":{"0":"post-1611","1":"product","2":"type-product","3":"status-publish","4":"has-post-thumbnail","6":"product_cat-yoga","7":"product_cat-yoga-mat-manufacturer","8":"product_tag-comfortable-yoga-mat","9":"product_tag-durable-yoga-mat","10":"product_tag-eco-friendly-yoga-mat","11":"product_tag-exercise-mat","12":"product_tag-high-density-yoga-mat","13":"product_tag-non-slip-yoga-mat","14":"product_tag-pvc-yoga-mat","16":"first","17":"instock","18":"shipping-taxable","19":"product-type-simple"},"_links":{"self":[{"href":"https:\/\/gofitstrength.com\/fr\/wp-json\/wp\/v2\/product\/1611","targetHints":{"allow":["GET"]}}],"collection":[{"href":"https:\/\/gofitstrength.com\/fr\/wp-json\/wp\/v2\/product"}],"about":[{"href":"https:\/\/gofitstrength.com\/fr\/wp-json\/wp\/v2\/types\/product"}],"wp:featuredmedia":[{"embeddable":true,"href":"https:\/\/gofitstrength.com\/fr\/wp-json\/wp\/v2\/media\/1610"}],"wp:attachment":[{"href":"https:\/\/gofitstrength.com\/fr\/wp-json\/wp\/v2\/media?parent=1611"}],"wp:term":[{"taxonomy":"product_cat","embeddable":true,"href":"https:\/\/gofitstrength.com\/fr\/wp-json\/wp\/v2\/product_cat?post=1611"},{"taxonomy":"product_tag","embeddable":true,"href":"https:\/\/gofitstrength.com\/fr\/wp-json\/wp\/v2\/product_tag?post=1611"}],"curies":[{"name":"wp","href":"https:\/\/api.w.org\/{rel}","templated":true}]}}