{"id":1541,"date":"2024-05-31T10:34:44","date_gmt":"2024-05-31T10:34:44","guid":{"rendered":"https:\/\/gofit.laozhanzhang.com\/product\/figure-8-resistance-band-resistance-chest-stretch-bands\/"},"modified":"2024-07-10T13:51:42","modified_gmt":"2024-07-10T13:51:42","slug":"single-resistance-band-exercise-tube-with-handle","status":"publish","type":"product","link":"https:\/\/gofitstrength.com\/fr\/produit\/single-resistance-band-exercise-tube-with-handle\/","title":{"rendered":"Single Resistance Band Exercise Tube with handle"},"content":{"rendered":"<h2 style=\"margin-top: 0px; white-space: normal; padding: 0px; color: #666666; font-family: Poppins-Regular, arial, helvetica, sans-serif; text-align: left;\"><span style=\"color: #282828;\"><strong>Durable Single Resistance Band Exercise Tube with Comfortable Handle for Strength Training and Full-Body Workouts &#8211; Wholesale Available<\/strong><\/span><\/h2>\n<h3 style=\"white-space: normal;\"><strong>Sp\u00e9cification :<\/strong><\/h3>\n<table>\n<tbody>\n<tr>\n<td style=\"word-break: break-all;\" valign=\"top\" width=\"811\">Item No: PN-LA-008<\/td>\n<td style=\"word-break: break-all;\" valign=\"top\" width=\"811\">Origine : Chine Chine<\/td>\n<\/tr>\n<tr>\n<td style=\"word-break: break-all;\" valign=\"top\" width=\"811\">Material: Latex+Foam<\/td>\n<td style=\"word-break: break-all;\" valign=\"top\" width=\"811\">OEM \/ ODM : Acceptable<\/td>\n<\/tr>\n<tr>\n<td style=\"word-break: break-all;\" valign=\"top\" width=\"811\">Couleur : jaune\/rouge\/bleu\/vert\/noir ou personnalis\u00e9e<\/td>\n<td style=\"word-break: break-all;\" valign=\"top\" width=\"811\">Logo : Personnalis\u00e9<\/td>\n<\/tr>\n<tr>\n<td style=\"word-break: break-all;\" valign=\"top\" width=\"811\">Size(L x W): 15.7&#8243; x 4&#8243;<\/td>\n<td style=\"word-break: break-all;\" valign=\"top\" width=\"811\">Emballage : 1 jeu \/ sac en nylon<\/td>\n<\/tr>\n<tr>\n<td style=\"word-break: break-all;\" colspan=\"1\" rowspan=\"1\" valign=\"top\">?Maximum Stretch: 5&#8242; 4&#8243;<\/td>\n<td style=\"word-break: break-all;\" colspan=\"1\" rowspan=\"1\" valign=\"top\">Function :\u00a0Body Slimming,Stay Healthy,Relieve Fatigue<\/td>\n<\/tr>\n<\/tbody>\n<\/table>\n<p style=\"white-space: normal;\"><span style=\"font-size: 110%;\">\u3010Mat\u00e9riel de haute qualit\u00e9\u3011 : Fabriqu\u00e9 en latex de premi\u00e8re qualit\u00e9 et durable qui assure une r\u00e9sistance constante et une utilisation de longue dur\u00e9e.<\/span><br \/>\n<span style=\"font-size: 110%;\">\u3010Versatile Usage\u3011: Ideal for strength training, muscle toning, and full-body workouts, suitable for all fitness levels.<\/span><br \/>\n<span style=\"font-size: 110%;\">\u3010Comfortable Handles\u3011: Equipped with ergonomic foam handles that provide a secure and comfortable grip during workouts.<\/span><br \/>\n<span style=\"font-size: 110%;\">\u3010Multiple Resistance Levels\u3011: Available in different resistance levels (black, blue, red, yellow, green) to cater to various exercises and fitness goals.<\/span><br \/>\n<span style=\"font-size: 110%;\">\u3010Portable et l\u00e9ger\u3011 : Compact et facile \u00e0 transporter, parfait pour une utilisation \u00e0 la maison, \u00e0 la salle de sport ou en voyage.<\/span><br \/>\n<span style=\"font-size: 110%;\">\u3010Easy to Clean\u3011 : Simple \u00e0 nettoyer et \u00e0 entretenir, garantissant l'hygi\u00e8ne apr\u00e8s chaque utilisation.<\/span><br \/>\n<span style=\"font-size: 110%;\">\u3010Durable Construction\u3011 : Des coutures renforc\u00e9es et des mat\u00e9riaux de haute qualit\u00e9 garantissent que les bandes r\u00e9sistent \u00e0 des s\u00e9ances d'entra\u00eenement intenses sans perdre leur \u00e9lasticit\u00e9.<\/span><\/p>","protected":false},"excerpt":{"rendered":"<div>Item No: PN-LA-008<\/div>\n<div>\n<div><\/div>\n<div>Mati\u00e8re : TPE\/Latex<\/div>\n<div><\/div>\n<div>Size:5*8*1200mm<\/div>\n<div>\u00a0 \u00a0 \u00a05*9*1200mm<\/div>\n<div>\u00a0 \u00a0 \u00a06*10*1200mm<\/div>\n<div>\u00a0 \u00a0 \u00a07*11*1200mm<\/div>\n<div>\u00a0 \u00a0 \u00a06*11*1200mm<\/div>\n<div><\/div>\n<div>Couleur : rose, vert, jaune, bleu, violet<\/div>\n<div><\/div>\n<div>Personnalis\u00e9 disponible<\/div>\n<\/div>\n<p style=\"text-align: justify;\">","protected":false},"featured_media":1540,"template":"","meta":[],"product_cat":[33,26],"product_tag":[1723,1724,1731,1729,1728,1725,1726,1730,1727,1722],"class_list":{"0":"post-1541","1":"product","2":"type-product","3":"status-publish","4":"has-post-thumbnail","6":"product_cat-resistance-band-manufacturer","7":"product_cat-yoga","8":"product_tag-adjustable-suspension-trainer","9":"product_tag-bodyweight-resistance-straps","10":"product_tag-custom-logo-suspension-straps","11":"product_tag-durable-exercise-straps","12":"product_tag-full-body-workout-straps","13":"product_tag-home-gym-suspension-straps","14":"product_tag-portable-fitness-trainer","15":"product_tag-professional-suspension-system","16":"product_tag-strength-training-straps","17":"product_tag-suspension-training-straps","19":"first","20":"instock","21":"shipping-taxable","22":"product-type-simple"},"_links":{"self":[{"href":"https:\/\/gofitstrength.com\/fr\/wp-json\/wp\/v2\/product\/1541","targetHints":{"allow":["GET"]}}],"collection":[{"href":"https:\/\/gofitstrength.com\/fr\/wp-json\/wp\/v2\/product"}],"about":[{"href":"https:\/\/gofitstrength.com\/fr\/wp-json\/wp\/v2\/types\/product"}],"wp:featuredmedia":[{"embeddable":true,"href":"https:\/\/gofitstrength.com\/fr\/wp-json\/wp\/v2\/media\/1540"}],"wp:attachment":[{"href":"https:\/\/gofitstrength.com\/fr\/wp-json\/wp\/v2\/media?parent=1541"}],"wp:term":[{"taxonomy":"product_cat","embeddable":true,"href":"https:\/\/gofitstrength.com\/fr\/wp-json\/wp\/v2\/product_cat?post=1541"},{"taxonomy":"product_tag","embeddable":true,"href":"https:\/\/gofitstrength.com\/fr\/wp-json\/wp\/v2\/product_tag?post=1541"}],"curies":[{"name":"wp","href":"https:\/\/api.w.org\/{rel}","templated":true}]}}