{"id":1451,"date":"2024-05-31T10:33:59","date_gmt":"2024-05-31T10:33:59","guid":{"rendered":"https:\/\/gofit.laozhanzhang.com\/product\/bearing-steel-wire-skipping-rope\/"},"modified":"2024-07-07T13:18:08","modified_gmt":"2024-07-07T13:18:08","slug":"bearing-steel-wire-skipping-rope","status":"publish","type":"product","link":"https:\/\/gofitstrength.com\/fr\/produit\/corde-a-sauter-en-fil-dacier-porteur\/","title":{"rendered":"Corde \u00e0 sauter en fil d'acier"},"content":{"rendered":"<h2 style=\"margin: 0px 0px 5px; padding: 0px; color: #666666; font-family: Poppins-Regular, arial, helvetica, sans-serif; white-space: normal; text-align: left;\"><span style=\"color: #282828;\"><strong>Corde \u00e0 sauter en fil d'acier et palier \u00e0 grande vitesse pour l'entra\u00eenement physique professionnel<\/strong><\/span><\/h2>\n<p><span style=\"font-size: 110%;\">\u3010High-Speed Bearings\u3011 : Rotation fluide et efficace pour les entra\u00eenements de saut \u00e0 la corde \u00e0 grande vitesse.<\/span><br \/>\n<span style=\"font-size: 110%;\">\u3010Durable Steel Wire\u3011 : Fil d'acier enduit pour une durabilit\u00e9 et une long\u00e9vit\u00e9 accrues.<\/span><br \/>\n<span style=\"font-size: 110%;\">\u3010Adjustable Length\u3011 : Facilement r\u00e9glable pour s'adapter aux diff\u00e9rentes tailles d'utilisateurs et aux besoins d'entra\u00eenement.<\/span><br \/>\n<span style=\"font-size: 110%;\">\u3010Ergonomic Handles\u3011 : Poign\u00e9es confortables et antid\u00e9rapantes con\u00e7ues pour une prise en main s\u00fbre.<\/span><br \/>\n<span style=\"font-size: 110%;\">\u3010Portable et l\u00e9ger\u3011 : Conception compacte pour un transport et un stockage faciles.<\/span><br \/>\n<span style=\"font-size: 110%;\">\u3010Versatile Use\u3011 : Convient \u00e0 diverses s\u00e9ances d'entra\u00eenement, y compris les exercices de cardio, de musculation et d'agilit\u00e9.<\/span><br \/>\n<span style=\"font-size: 110%;\">\u3010Tangle-Free Design\u3011 : Assure un saut en douceur et ininterrompu sans enchev\u00eatrement.<\/span><\/p>\n<h3 style=\"margin: 0px; padding: 0px; color: #666666; font-family: Poppins-Regular, arial, helvetica, sans-serif; white-space: normal;\"><span style=\"color: #000000;\">Sp\u00e9cification :<\/span><\/h3>\n<table>\n<tbody>\n<tr>\n<td style=\"word-break: break-all;\" valign=\"top\" width=\"811\"><span style=\"color: #000000;\">Num\u00e9ro d'article : PN-JR-004<\/span><\/td>\n<td style=\"word-break: break-all;\" valign=\"top\" width=\"811\">OEM \/ ODM : acceptables<\/td>\n<\/tr>\n<tr>\n<td style=\"word-break: break-all;\" valign=\"top\" width=\"811\">Mat\u00e9riau : Plastique, EVA, PVC+corde m\u00e9tallique<\/td>\n<td style=\"word-break: break-all;\" valign=\"top\" width=\"811\">\n<p style=\"white-space: normal;\">Emballage : Chaque produit est emball\u00e9 dans un sac OPP, ou personnalis\u00e9<\/p>\n<\/td>\n<\/tr>\n<tr>\n<td style=\"word-break: break-all;\" valign=\"top\" width=\"811\">Couleur : noir, bleu, rouge, vert<\/td>\n<td style=\"word-break: break-all;\" valign=\"top\" width=\"811\">Taille de la poign\u00e9e : 3.5cm*15.5cm<\/td>\n<\/tr>\n<tr>\n<td style=\"word-break: break-all;\" valign=\"top\" width=\"811\">Taille de la corde : 4.5mm*2.8m<\/td>\n<td style=\"word-break: break-all;\" valign=\"top\" width=\"811\"><span class=\"attr-name J-attr-name\" style=\"box-sizing: content-box; margin: 0px; padding: 0px; border: 0px; font: inherit; vertical-align: baseline;\" title=\"Utilisation\" data-spm-anchor-id=\"a2700.wholesale.prilinga1e.i0.92ed717f2kU9Bn\">Utilisation :\u00a0<\/span><span style=\"font-family: inherit; font-size: inherit; font-style: inherit; font-variant-ligatures: inherit; font-variant-caps: inherit; font-weight: inherit;\">Amincissement\/Entra\u00eenement\/Formation\/Divertissement<\/span><\/td>\n<\/tr>\n<\/tbody>\n<\/table>\n<p>&nbsp;<\/p>\n<p><img decoding=\"async\" title=\"Palier\" src=\"https:\/\/www.wavar.com\/data\/upload\/ueditor\/20230308\/6407f6b24c993.jpg\" alt=\"Palier\" \/><\/p>\n<p><img decoding=\"async\" title=\"Palier\" src=\"https:\/\/www.wavar.com\/data\/upload\/ueditor\/20230308\/6407f6cfc02a6.jpg\" alt=\"Palier\" \/><\/p>\n<p><img decoding=\"async\" title=\"Palier\" src=\"https:\/\/www.wavar.com\/data\/upload\/ueditor\/20230308\/6407f6de0ed91.jpg\" alt=\"Palier\" \/><\/p>\n<p><img decoding=\"async\" title=\"Palier\" src=\"https:\/\/www.wavar.com\/data\/upload\/ueditor\/20230308\/6407f6eb6fe93.jpg\" alt=\"Palier\" \/><\/p>\n<p><img decoding=\"async\" title=\"Palier\" src=\"https:\/\/www.wavar.com\/data\/upload\/ueditor\/20230308\/6407f6fe74d00.jpg\" alt=\"Palier\" \/><\/p>\n<p><img decoding=\"async\" title=\"Palier\" src=\"https:\/\/www.wavar.com\/data\/upload\/ueditor\/20230308\/6407f719f02f1.jpg\" alt=\"Palier\" \/><\/p>\n<p>&nbsp;<\/p>\n<p>Sur mesure <strong>Fabricant de cordes \u00e0 sauter<\/strong> et grossiste \u00e0 des prix comp\u00e9titifs, wavar <strong>cordes \u00e0 sauter en gros<\/strong>Nous proposons la meilleure corde \u00e0 sauter \u00e0 des prix avantageux aux clients qui souhaitent l'acheter en gros et nous acceptons les OEM et les fournisseurs. <strong>corde \u00e0 sauter de marque<\/strong>\u00a0et corde \u00e0 sauter personnalis\u00e9e.<\/p>\n<p>&nbsp;<\/p>","protected":false},"excerpt":{"rendered":"<div>Num\u00e9ro d'article : PN-JR-004<\/div>\n<div><\/div>\n<div>Mat\u00e9riau : Plastique, EVA, PVC+corde m\u00e9tallique<\/div>\n<div><\/div>\n<div>Couleur : noir, bleu, rouge, vert<\/div>\n<div><\/div>\n<div>Longueur de la corde : 3M (r\u00e9glable)<\/div>\n<div><\/div>\n<div>OEM \/ ODM : acceptables<\/div>","protected":false},"featured_media":4019,"template":"","meta":[],"product_cat":[23,18,32],"product_tag":[1375,1398,1402,1400,1404,1401,1403,1399],"class_list":{"0":"post-1451","1":"product","2":"type-product","3":"status-publish","4":"has-post-thumbnail","6":"product_cat-cardio-training-manufacturer","7":"product_cat-fitness","8":"product_cat-jump-ropes-manufacturer","9":"product_tag-adjustable-jump-rope","10":"product_tag-bearing-skipping-rope","11":"product_tag-durable-exercise-rope","12":"product_tag-fitness-skipping-rope","13":"product_tag-heavy-duty-jump-rope","14":"product_tag-high-speed-skipping-rope","15":"product_tag-professional-skipping-rope","16":"product_tag-steel-wire-jump-rope","18":"first","19":"instock","20":"shipping-taxable","21":"product-type-simple"},"_links":{"self":[{"href":"https:\/\/gofitstrength.com\/fr\/wp-json\/wp\/v2\/product\/1451","targetHints":{"allow":["GET"]}}],"collection":[{"href":"https:\/\/gofitstrength.com\/fr\/wp-json\/wp\/v2\/product"}],"about":[{"href":"https:\/\/gofitstrength.com\/fr\/wp-json\/wp\/v2\/types\/product"}],"wp:featuredmedia":[{"embeddable":true,"href":"https:\/\/gofitstrength.com\/fr\/wp-json\/wp\/v2\/media\/4019"}],"wp:attachment":[{"href":"https:\/\/gofitstrength.com\/fr\/wp-json\/wp\/v2\/media?parent=1451"}],"wp:term":[{"taxonomy":"product_cat","embeddable":true,"href":"https:\/\/gofitstrength.com\/fr\/wp-json\/wp\/v2\/product_cat?post=1451"},{"taxonomy":"product_tag","embeddable":true,"href":"https:\/\/gofitstrength.com\/fr\/wp-json\/wp\/v2\/product_tag?post=1451"}],"curies":[{"name":"wp","href":"https:\/\/api.w.org\/{rel}","templated":true}]}}