{"id":1249,"date":"2024-05-31T10:32:12","date_gmt":"2024-05-31T10:32:12","guid":{"rendered":"https:\/\/gofit.laozhanzhang.com\/product\/vinyl-dipping-kettlebell\/"},"modified":"2024-07-10T08:47:46","modified_gmt":"2024-07-10T08:47:46","slug":"premium-vinyl-dipping-curved-surface-kettlebell","status":"publish","type":"product","link":"https:\/\/gofitstrength.com\/fr\/produit\/premium-vinyl-dipping-curved-surface-kettlebell\/","title":{"rendered":"Premium Vinyl Dipping Curved Surface Kettlebell"},"content":{"rendered":"<h2 style=\"white-space: normal; text-align: left;\"><span style=\"color: #282828;\"><strong>Premium Vinyl Dipping Curved Surface Kettlebell for Strength Training and Home Gym &#8211; Hot Sale and Wholesale Available<\/strong><\/span><\/h2>\n<p><span style=\"font-size: 110%;\">\u3010Premium Quality Material\u3011: Made from high-grade cast iron with a durable and smooth vinyl dipping that ensures long-lasting use and a professional look.<\/span><br \/>\n<span style=\"font-size: 110%;\">\u3010Ergonomic Curved Design\u3011: Features an ergonomic curved surface that fits comfortably against your arm, providing a secure and stable grip during workouts.<\/span><br \/>\n<span style=\"font-size: 110%;\">\u3010Versatile Usage\u3011 : Id\u00e9al pour un large \u00e9ventail d'exercices, y compris la formation de force, le renforcement musculaire, les routines de fitness fonctionnel et les exercices de conditionnement, adapt\u00e9 \u00e0 tous les niveaux de forme physique.<\/span><br \/>\n<span style=\"font-size: 110%;\">\u3010Non-Slip Handle\u3011: The textured handle provides a secure and comfortable grip, preventing slippage during intense workouts.<\/span><br \/>\n<span style=\"font-size: 110%;\">\u3010Color-Coded Weights\u3011: Available in various vibrant colors, each weight is clearly marked and color-coded for easy identification and quick selection.<\/span><br \/>\n<span style=\"font-size: 110%;\">\u3010Compact et peu encombrant\u3011 : Le design compact le rend facile \u00e0 ranger et parfait pour les salles de sport \u00e0 domicile avec un espace limit\u00e9.<\/span><br \/>\n<span style=\"font-size: 110%;\">\u3010Durable Construction\u3011: Built with premium materials and reinforced for strength, this kettlebell is designed to withstand frequent and intense usage without damage.<\/span><br \/>\n<span style=\"font-size: 110%;\">\u3010Floor Protection\u3011: The vinyl coating not only adds durability but also protects your floors from scratches and damage when the kettlebell is placed down.<\/span><br \/>\n<span style=\"font-size: 110%;\">\u3010Aesthetic Appeal\u3011: The sleek, modern design with vibrant colors adds a professional and elegant look to your home gym or workout space.<\/span><\/p>\n<h3 style=\"white-space: normal;\"><strong>Sp\u00e9cification :<\/strong><\/h3>\n<table width=\"-830\" data-sort=\"sortDisabled\">\n<tbody>\n<tr>\n<td style=\"word-break: break-all;\" valign=\"top\" width=\"394\">Item No: PN-KET-006<\/td>\n<td style=\"word-break: break-all;\" valign=\"top\" width=\"394\">Origine : Chine Chine<\/td>\n<\/tr>\n<tr>\n<td style=\"word-break: break-all;\" valign=\"top\" width=\"394\"><span style=\"background-color: #ffffff;\">OEM\/ODM : acceptable\u00a0<\/span><\/td>\n<td style=\"word-break: break-all;\" valign=\"top\" width=\"394\">Type : Entra\u00eenement de la force\/du poids<\/td>\n<\/tr>\n<tr>\n<td style=\"word-break: break-all;\" colspan=\"2\" rowspan=\"1\" valign=\"top\">Weight: 2\/4\/6&#8230;\/32KG (2KG Increment) or 5\/10\/15\/20&#8230; 50LB (5LB Increment)<\/td>\n<\/tr>\n<\/tbody>\n<\/table>\n<p style=\"white-space: normal;\">\n<p style=\"white-space: normal;\"><img decoding=\"async\" style=\"white-space: normal;\" title=\"Rubber Coated Kettlebell\" src=\"https:\/\/www.wavar.com\/data\/upload\/ueditor\/20210802\/61074d3c7c49d.jpg\" alt=\"Rubber Coated Kettlebell\" \/><\/p>\n<p style=\"white-space: normal;\"><img decoding=\"async\" style=\"white-space: normal;\" title=\"Rubber Coated Kettlebell\" src=\"https:\/\/www.wavar.com\/data\/upload\/ueditor\/20210802\/61074d4304c6f.jpg\" alt=\"Rubber Coated Kettlebell\" \/><\/p>\n<p style=\"white-space: normal;\"><img decoding=\"async\" style=\"white-space: normal;\" title=\"Rubber Coated Kettlebell\" src=\"https:\/\/www.wavar.com\/data\/upload\/ueditor\/20210802\/61074d536dcc4.jpg\" alt=\"Rubber Coated Kettlebell\" \/><\/p>\n<p style=\"white-space: normal;\"><img decoding=\"async\" style=\"white-space: normal;\" title=\"Rubber Coated Kettlebell\" src=\"https:\/\/www.wavar.com\/data\/upload\/ueditor\/20210802\/61074d5493a74.jpg\" alt=\"Rubber Coated Kettlebell\" \/><\/p>","protected":false},"excerpt":{"rendered":"<p>Item No: PN-KET-006<\/p>\n<p>Material: Cast Iron + Vinyl Coating<\/p>\n<p>Weight: 4\/6\/8\/10..\/30\/32KG or customized<\/p>\n<p>OEM\/ODM : acceptable<\/p>","protected":false},"featured_media":1248,"template":"","meta":[],"product_cat":[18,38,43],"product_tag":[2271,2274,88,2272,91,2259,2270,437,2273],"class_list":{"0":"post-1249","1":"product","2":"type-product","3":"status-publish","4":"has-post-thumbnail","6":"product_cat-fitness","7":"product_cat-free-weights","8":"product_cat-kettlebell-factory","9":"product_tag-colorful-kettlebells","10":"product_tag-curved-surface-kettlebell","11":"product_tag-durable-exercise-weights","12":"product_tag-ergonomic-kettlebell","13":"product_tag-home-gym-equipment","14":"product_tag-non-slip-kettlebells","15":"product_tag-single-kettlebell","16":"product_tag-strength-training-equipment","17":"product_tag-vinyl-dipping-kettlebell","19":"first","20":"instock","21":"shipping-taxable","22":"product-type-simple"},"_links":{"self":[{"href":"https:\/\/gofitstrength.com\/fr\/wp-json\/wp\/v2\/product\/1249","targetHints":{"allow":["GET"]}}],"collection":[{"href":"https:\/\/gofitstrength.com\/fr\/wp-json\/wp\/v2\/product"}],"about":[{"href":"https:\/\/gofitstrength.com\/fr\/wp-json\/wp\/v2\/types\/product"}],"wp:featuredmedia":[{"embeddable":true,"href":"https:\/\/gofitstrength.com\/fr\/wp-json\/wp\/v2\/media\/1248"}],"wp:attachment":[{"href":"https:\/\/gofitstrength.com\/fr\/wp-json\/wp\/v2\/media?parent=1249"}],"wp:term":[{"taxonomy":"product_cat","embeddable":true,"href":"https:\/\/gofitstrength.com\/fr\/wp-json\/wp\/v2\/product_cat?post=1249"},{"taxonomy":"product_tag","embeddable":true,"href":"https:\/\/gofitstrength.com\/fr\/wp-json\/wp\/v2\/product_tag?post=1249"}],"curies":[{"name":"wp","href":"https:\/\/api.w.org\/{rel}","templated":true}]}}