{"id":1189,"date":"2024-05-31T10:31:40","date_gmt":"2024-05-31T10:31:40","guid":{"rendered":"https:\/\/gofit.laozhanzhang.com\/product\/black-rubber-coated-hex-dumbbell\/"},"modified":"2024-07-15T13:03:57","modified_gmt":"2024-07-15T13:03:57","slug":"black-rubber-coated-hex-dumbbell","status":"publish","type":"product","link":"https:\/\/gofitstrength.com\/fr\/produit\/haltere-hexagonal-revetu-de-caoutchouc-noir\/","title":{"rendered":"Halt\u00e8res hexagonaux recouverts de caoutchouc noir"},"content":{"rendered":"<h1>Halt\u00e8res hexagonaux recouverts de caoutchouc noir de haute qualit\u00e9 pour la musculation et la gym \u00e0 domicile<\/h1>\n<h3 style=\"white-space: normal;\"><strong>Sp\u00e9cification de l'halt\u00e8re hexagonal rev\u00eatu de caoutchouc :<\/strong><\/h3>\n<table width=\"-830\">\n<tbody>\n<tr>\n<td style=\"word-break: break-all;\" valign=\"top\" width=\"394\">Num\u00e9ro d'article : PN-DB-001<\/td>\n<td style=\"word-break: break-all;\" valign=\"top\" width=\"394\">OEM\/ODM : acceptable<\/td>\n<\/tr>\n<tr>\n<td style=\"word-break: break-all;\" valign=\"top\" width=\"394\">Couleur : noir ou personnalis\u00e9<\/td>\n<td style=\"word-break: break-all;\" valign=\"top\" width=\"394\">Origine : Chine Chine<\/td>\n<\/tr>\n<tr>\n<td style=\"word-break: break-all;\" valign=\"top\" width=\"394\">Poids : 1kg-50kg\/personnalis\u00e9<\/td>\n<td style=\"word-break: break-all;\" valign=\"top\" width=\"394\">Logo : Logo personnalis\u00e9 disponible<\/td>\n<\/tr>\n<tr>\n<td style=\"word-break: break-all;\" valign=\"top\" width=\"394\">Mat\u00e9riau : Fonte + caoutchouc<\/td>\n<td style=\"word-break: break-all;\" valign=\"top\" width=\"394\">Type : Entra\u00eenement de la force\/du poids<\/td>\n<\/tr>\n<tr>\n<td style=\"word-break: break-all;\" valign=\"top\" width=\"394\">Caract\u00e9ristique : Forme hexagonale<\/td>\n<td style=\"word-break: break-all;\" valign=\"top\" width=\"394\">Dimensions de l'emballage : Personnalis\u00e9es<\/td>\n<\/tr>\n<\/tbody>\n<\/table>\n<h3 style=\"white-space: normal;\"><strong>Caract\u00e9ristiques de l'halt\u00e8re hexagonal recouvert de caoutchouc noir :\u00a0<\/strong><\/h3>\n<p style=\"white-space: normal;\">\u3010Mat\u00e9riau de haute qualit\u00e9\u3011 : Fabriqu\u00e9 en caoutchouc durable de premi\u00e8re qualit\u00e9 avec un rev\u00eatement antid\u00e9rapant pour assurer une prise en main s\u00fbre.<br \/>\n\u3010Versatile Usage\u3011 : Id\u00e9al pour l'entra\u00eenement de la force, le renforcement musculaire et les s\u00e9ances d'entra\u00eenement de la salle de sport \u00e0 domicile, adapt\u00e9 \u00e0 tous les niveaux de remise en forme.<br \/>\n\u3010Hexagonal Design\u3011 : Emp\u00eache le roulement et assure la stabilit\u00e9 pendant l'utilisation, ce qui le rend plus s\u00fbr pour vos s\u00e9ances d'entra\u00eenement.<br \/>\n\u3010Portable et l\u00e9ger\u3011 : Le design compact le rend facile \u00e0 ranger et \u00e0 transporter, parfait pour une utilisation \u00e0 la maison ou \u00e0 la salle de sport.<br \/>\n\u3010Easy to Clean\u3011 : Simple \u00e0 nettoyer et \u00e0 entretenir, garantissant l'hygi\u00e8ne apr\u00e8s chaque utilisation.<br \/>\n\u3010Durable Construction\u3011 : Les mat\u00e9riaux renforc\u00e9s garantissent que l'halt\u00e8re r\u00e9siste aux entra\u00eenements intenses sans \u00eatre endommag\u00e9.<\/p>\n<p>&nbsp;<\/p>\n<p><img decoding=\"async\" title=\"Halt\u00e8res hexagonaux recouverts de caoutchouc noir (LB)\" src=\"https:\/\/www.wavar.com\/data\/upload\/ueditor\/20230216\/63ed9bbeb0c1c.jpg\" alt=\"Halt\u00e8res hexagonaux recouverts de caoutchouc noir (LB)\" \/><\/p>\n<p><img decoding=\"async\" title=\"Halt\u00e8res hexagonaux recouverts de caoutchouc noir (LB)\" src=\"https:\/\/www.wavar.com\/data\/upload\/ueditor\/20230216\/63ed9bc8244b6.jpg\" alt=\"Halt\u00e8res hexagonaux recouverts de caoutchouc noir (LB)\" \/><\/p>\n<p><img decoding=\"async\" title=\"Halt\u00e8res hexagonaux recouverts de caoutchouc noir (LB)\" src=\"https:\/\/www.wavar.com\/data\/upload\/ueditor\/20230216\/63ed9bd09876d.jpg\" alt=\"Halt\u00e8res hexagonaux recouverts de caoutchouc noir (LB)\" \/><\/p>\n<p><img decoding=\"async\" title=\"Halt\u00e8res hexagonaux recouverts de caoutchouc noir (LB)\" src=\"https:\/\/www.wavar.com\/data\/upload\/ueditor\/20210709\/60e80c8c83554.jpg\" alt=\"Halt\u00e8res hexagonaux recouverts de caoutchouc noir (LB)\" \/><\/p>\n<p>&nbsp;<\/p>\n<p>&nbsp;<\/p>","protected":false},"excerpt":{"rendered":"<p>Num\u00e9ro d'article : PN-DB-001<\/p>\n<p>Mat\u00e9riau : Fonte + caoutchouc<\/p>\n<p>OEM\/ODM : acceptable<\/p>","protected":false},"featured_media":1188,"template":"","meta":[],"product_cat":[38,40,54,18],"product_tag":[87,88,91,90,92,89,93],"class_list":{"0":"post-1189","1":"product","2":"type-product","3":"status-publish","4":"has-post-thumbnail","6":"product_cat-free-weights","7":"product_cat-dumbbells-manufacturer","8":"product_cat-encased-dumbbell","9":"product_cat-fitness","10":"product_tag-black-rubber-coated-hex-dumbbell","11":"product_tag-durable-exercise-weights","12":"product_tag-home-gym-equipment","13":"product_tag-non-slip-dumbbells","14":"product_tag-rubber-coated-weights","15":"product_tag-strength-training-dumbbells","16":"product_tag-wholesale-dumbbells","18":"first","19":"instock","20":"shipping-taxable","21":"product-type-simple"},"_links":{"self":[{"href":"https:\/\/gofitstrength.com\/fr\/wp-json\/wp\/v2\/product\/1189","targetHints":{"allow":["GET"]}}],"collection":[{"href":"https:\/\/gofitstrength.com\/fr\/wp-json\/wp\/v2\/product"}],"about":[{"href":"https:\/\/gofitstrength.com\/fr\/wp-json\/wp\/v2\/types\/product"}],"wp:featuredmedia":[{"embeddable":true,"href":"https:\/\/gofitstrength.com\/fr\/wp-json\/wp\/v2\/media\/1188"}],"wp:attachment":[{"href":"https:\/\/gofitstrength.com\/fr\/wp-json\/wp\/v2\/media?parent=1189"}],"wp:term":[{"taxonomy":"product_cat","embeddable":true,"href":"https:\/\/gofitstrength.com\/fr\/wp-json\/wp\/v2\/product_cat?post=1189"},{"taxonomy":"product_tag","embeddable":true,"href":"https:\/\/gofitstrength.com\/fr\/wp-json\/wp\/v2\/product_tag?post=1189"}],"curies":[{"name":"wp","href":"https:\/\/api.w.org\/{rel}","templated":true}]}}