{"id":1185,"date":"2024-05-31T10:31:38","date_gmt":"2024-05-31T10:31:38","guid":{"rendered":"https:\/\/gofit.laozhanzhang.com\/product\/rubber-round-head-dumbbell\/"},"modified":"2024-07-10T06:21:29","modified_gmt":"2024-07-10T06:21:29","slug":"rubber-round-head-dumbbell","status":"publish","type":"product","link":"https:\/\/gofitstrength.com\/fr\/produit\/rubber-round-head-dumbbell\/","title":{"rendered":"Halt\u00e8res \u00e0 t\u00eate ronde en caoutchouc de haute qualit\u00e9"},"content":{"rendered":"<h2 style=\"white-space: normal; margin-bottom: 5px; text-align: left;\"><span style=\"color: #282828;\"><strong>High-Quality Rubber Round Head Dumbbell for Strength Training and Home Gym<\/strong><\/span><\/h2>\n<p style=\"white-space: normal; text-align: center;\">\n<p><span style=\"font-size: 110%;\">\u3010High-Quality Material\u3011: Made from premium-grade materials with a durable rubber coating that provides a long-lasting, protective finish.<\/span><br \/>\n<span style=\"font-size: 110%;\">\u3010Round Head Design\u3011: The round head design offers a sleek, modern look and ensures stability when placed on the floor, preventing rolling and making workouts safer and more convenient.<\/span><br \/>\n<span style=\"font-size: 110%;\">\u3010Non-Slip Grip\u3011 : La poign\u00e9e ergonomique avec un motif molet\u00e9 offre une prise s\u00fbre et confortable, emp\u00eachant le glissement pendant les s\u00e9ances d'entra\u00eenement intenses.<\/span><br \/>\n<span style=\"font-size: 110%;\">\u3010Versatile Usage\u3011 : Id\u00e9al pour un large \u00e9ventail d'exercices, y compris l'entra\u00eenement de la force, le renforcement musculaire et les routines de conditionnement physique fonctionnel, adapt\u00e9 \u00e0 tous les niveaux de forme physique.<\/span><br \/>\n<span style=\"font-size: 110%;\">\u3010Compact and Space-Saving\u3011: Designed to be compact and space-saving, these dumbbells are easy to store and transport, perfect for home gyms with limited space.<\/span><br \/>\n<span style=\"font-size: 110%;\">\u3010Easy to Clean\u3011: The smooth rubber coating is easy to clean and maintain, ensuring hygiene and longevity of the dumbbells.<\/span><br \/>\n<span style=\"font-size: 110%;\">\u3010Durable Construction\u3011 : Construits avec des mat\u00e9riaux de haute qualit\u00e9 et renforc\u00e9s pour la solidit\u00e9, ces halt\u00e8res sont con\u00e7us pour r\u00e9sister \u00e0 une utilisation fr\u00e9quente et intense sans dommage.<\/span><br \/>\n<span style=\"font-size: 110%;\">\u3010Protects Floors\u3011: The rubber coating not only adds durability but also protects your floors from scratches and damage when the weights are placed down.<\/span><br \/>\n<span style=\"font-size: 110%;\">\u3010Clear Weight Markings\u3011: Each dumbbell features clear weight markings for easy identification and quick selection, streamlining your workout sessions.<\/span><\/p>\n<h3 style=\"white-space: normal;\"><strong>Sp\u00e9cification :<\/strong><\/h3>\n<table width=\"-830\">\n<tbody>\n<tr>\n<td style=\"word-break: break-all;\" valign=\"top\" width=\"394\">Item No: PN-DB-020<\/td>\n<td style=\"word-break: break-all;\" valign=\"top\" width=\"394\">OEM\/ODM : acceptable<\/td>\n<\/tr>\n<tr>\n<td style=\"word-break: break-all;\" valign=\"top\" width=\"394\">Couleur : noir ou personnalis\u00e9<\/td>\n<td style=\"word-break: break-all;\" valign=\"top\" width=\"394\">Origine : Chine Chine<\/td>\n<\/tr>\n<tr>\n<td style=\"word-break: break-all;\" valign=\"top\" width=\"394\">Weight:\u00a02.5kg to 50kg or customized<\/td>\n<td style=\"word-break: break-all;\" valign=\"top\" width=\"394\">Logo : Logo personnalis\u00e9 disponible<\/td>\n<\/tr>\n<tr>\n<td style=\"word-break: break-all;\" valign=\"top\" width=\"394\">Mat\u00e9riau : Fonte + rev\u00eatement en caoutchouc<\/td>\n<td style=\"word-break: break-all;\" valign=\"top\" width=\"394\">Type : Entra\u00eenement de la force\/du poids<\/td>\n<\/tr>\n<tr>\n<td style=\"word-break: break-all;\" valign=\"top\" width=\"394\">Feature: Round Shape + Rubber Coating<\/td>\n<td style=\"word-break: break-all;\" valign=\"top\" width=\"394\">Dimensions de l'emballage : Personnalis\u00e9<\/td>\n<\/tr>\n<\/tbody>\n<\/table>\n<p>&nbsp;<\/p>\n<p><img decoding=\"async\" title=\"Round Head Dumbbell\" src=\"https:\/\/www.wavar.com\/data\/upload\/ueditor\/20210712\/60ebfe069c4d5.jpg\" alt=\"Round Head Dumbbell\" \/><\/p>\n<p><img decoding=\"async\" title=\"Round Head Dumbbell\" src=\"https:\/\/www.wavar.com\/data\/upload\/ueditor\/20210712\/60ec00848302e.jpg\" alt=\"Round Head Dumbbell\" \/><\/p>","protected":false},"excerpt":{"rendered":"<p>Item No.:PN-DB-020<\/p>\n<p>Material: Rubber+ Cast Iron<\/p>\n<p>OEM\/ODM : acceptable<\/p>","protected":false},"featured_media":1184,"template":"","meta":[],"product_cat":[40,54,18,38],"product_tag":[98,88,91,90,2199,92,2198,89],"class_list":{"0":"post-1185","1":"product","2":"type-product","3":"status-publish","4":"has-post-thumbnail","6":"product_cat-dumbbells-manufacturer","7":"product_cat-encased-dumbbell","8":"product_cat-fitness","9":"product_cat-free-weights","10":"product_tag-commercial-gym-dumbbells","11":"product_tag-durable-exercise-weights","12":"product_tag-home-gym-equipment","13":"product_tag-non-slip-dumbbells","14":"product_tag-round-head-dumbbells","15":"product_tag-rubber-coated-weights","16":"product_tag-rubber-round-head-dumbbell","17":"product_tag-strength-training-dumbbells","19":"first","20":"instock","21":"shipping-taxable","22":"product-type-simple"},"_links":{"self":[{"href":"https:\/\/gofitstrength.com\/fr\/wp-json\/wp\/v2\/product\/1185","targetHints":{"allow":["GET"]}}],"collection":[{"href":"https:\/\/gofitstrength.com\/fr\/wp-json\/wp\/v2\/product"}],"about":[{"href":"https:\/\/gofitstrength.com\/fr\/wp-json\/wp\/v2\/types\/product"}],"wp:featuredmedia":[{"embeddable":true,"href":"https:\/\/gofitstrength.com\/fr\/wp-json\/wp\/v2\/media\/1184"}],"wp:attachment":[{"href":"https:\/\/gofitstrength.com\/fr\/wp-json\/wp\/v2\/media?parent=1185"}],"wp:term":[{"taxonomy":"product_cat","embeddable":true,"href":"https:\/\/gofitstrength.com\/fr\/wp-json\/wp\/v2\/product_cat?post=1185"},{"taxonomy":"product_tag","embeddable":true,"href":"https:\/\/gofitstrength.com\/fr\/wp-json\/wp\/v2\/product_tag?post=1185"}],"curies":[{"name":"wp","href":"https:\/\/api.w.org\/{rel}","templated":true}]}}