{"id":1181,"date":"2024-05-31T10:31:36","date_gmt":"2024-05-31T10:31:36","guid":{"rendered":"https:\/\/gofit.laozhanzhang.com\/product\/adjustable-kettlebell\/"},"modified":"2024-07-10T08:20:54","modified_gmt":"2024-07-10T08:20:54","slug":"wholesale-adjustable-kettlebell","status":"publish","type":"product","link":"https:\/\/gofitstrength.com\/fr\/produit\/wholesale-adjustable-kettlebell\/","title":{"rendered":"Wholesale Adjustable Kettlebell"},"content":{"rendered":"<h2 style=\"white-space: normal; text-align: left;\"><span style=\"color: #282828;\"><strong>High-Quality Adjustable Kettlebell for Strength Training and Home Gym<\/strong><\/span><\/h2>\n<p style=\"white-space: normal;\"><span style=\"font-size: 20px;\"><strong>\u00a0<\/strong><\/span><\/p>\n<p><span style=\"font-size: 110%;\">\u3010High-Quality Material\u3011: Made from premium-grade materials with a durable finish that ensures long-lasting durability and a sleek, professional look.<\/span><br \/>\n<span style=\"font-size: 110%;\">\u3010Adjustable Weight Design\u3011 : La conception r\u00e9glable innovante vous permet de passer facilement d'un poids \u00e0 l'autre, offrant une polyvalence pour divers exercices et niveaux de forme physique.<\/span><br \/>\n<span style=\"font-size: 110%;\">\u3010Non-Slip Grip\u3011 : La poign\u00e9e ergonomique avec un motif textur\u00e9 offre une prise s\u00fbre et confortable, emp\u00eachant le glissement pendant les s\u00e9ances d'entra\u00eenement intenses.<\/span><br \/>\n<span style=\"font-size: 110%;\">\u3010Compact et peu encombrant\u3011 : Combine plusieurs poids en une seule unit\u00e9 compacte, ce qui permet d'\u00e9conomiser de l'espace et le rend parfait pour les salles de sport \u00e0 domicile dont l'espace est limit\u00e9.<\/span><br \/>\n<span style=\"font-size: 110%;\">\u3010Versatile Usage\u3011 : Id\u00e9al pour un large \u00e9ventail d'exercices, y compris l'entra\u00eenement de la force, le renforcement musculaire et les routines de conditionnement physique fonctionnel, adapt\u00e9 \u00e0 tous les niveaux de forme physique.<\/span><br \/>\n<span style=\"font-size: 110%;\">\u3010Easy Adjustment Mechanism\u3011 : Comprend un m\u00e9canisme de r\u00e9glage convivial qui permet de changer de poids rapidement et en toute transparence, rationalisant ainsi vos s\u00e9ances d'entra\u00eenement.<\/span><br \/>\n<span style=\"font-size: 110%;\">\u3010Clear Weight Markings\u3011 : Chaque plaque de poids a des marques claires pour une identification facile et une s\u00e9lection rapide.<\/span><br \/>\n<span style=\"font-size: 110%;\">\u3010Durable Construction\u3011: Built with high-quality materials and reinforced for strength, these kettlebells are designed to withstand frequent and intense usage without damage.<\/span><br \/>\n<span style=\"font-size: 110%;\">\u3010Protections des sols\u3011 : La finition lisse ajoute non seulement \u00e0 la durabilit\u00e9, mais prot\u00e8ge \u00e9galement vos sols des rayures et des dommages lorsque les poids sont plac\u00e9s vers le bas.<\/span><br \/>\n<span style=\"font-size: 110%;\">\u3010Aspect esth\u00e9tique\u3011 : Le design \u00e9pur\u00e9 et moderne ajoute un aspect professionnel et \u00e9l\u00e9gant \u00e0 votre salle de sport \u00e0 domicile ou \u00e0 votre espace d'entra\u00eenement.<\/span><\/p>\n<p>&nbsp;<\/p>\n<h3 style=\"white-space: normal; margin-bottom: 5px;\"><span style=\"font-size: 20px;\"><strong>Sp\u00e9cification :\u00a0<\/strong><\/span><\/h3>\n<table cellspacing=\"0\">\n<tbody>\n<tr>\n<td style=\"word-break: break-all;\">Item No: PN-KET-001<\/td>\n<td style=\"word-break: break-all;\">Material:\u00a0Cast Iron+Latex<\/td>\n<\/tr>\n<tr>\n<td style=\"word-break: break-all;\">Couleur : personnalisable<\/td>\n<td style=\"word-break: break-all;\">Min. Commande : N\u00e9gociable<\/td>\n<\/tr>\n<tr>\n<td style=\"word-break: break-all;\">Emballage : Personnalis\u00e9<\/td>\n<td style=\"word-break: break-all;\">Port:\u00a0Shanghai, Ningbo, Shenzhen, etc<\/td>\n<\/tr>\n<tr>\n<td style=\"word-break: break-all;\">Brand Name: GOFITSTRENGHTH<\/td>\n<td style=\"word-break: break-all;\">Graphic: Customized<\/td>\n<\/tr>\n<tr>\n<td style=\"word-break: break-all;\">D\u00e9lai de livraison : n\u00e9gociable<\/td>\n<td style=\"word-break: break-all;\">Logo :<span style=\"background-color: #edf5fa;\">\u00a0<\/span>Sur mesure<\/td>\n<\/tr>\n<\/tbody>\n<\/table>\n<p>&nbsp;<\/p>","protected":false},"excerpt":{"rendered":"<p>Item No: PN-KET-001<\/p>\n<p>Material: Cast Iron+Latex<\/p>\n<p>OEM\/ODM:Acceptable<\/p>","protected":false},"featured_media":1180,"template":"","meta":[],"product_cat":[18,38,43],"product_tag":[2257,2261,88,91,2258,2259,437,2260],"class_list":{"0":"post-1181","1":"product","2":"type-product","3":"status-publish","4":"has-post-thumbnail","6":"product_cat-fitness","7":"product_cat-free-weights","8":"product_cat-kettlebell-factory","9":"product_tag-adjustable-kettlebell","10":"product_tag-compact-adjustable-kettlebell","11":"product_tag-durable-exercise-weights","12":"product_tag-home-gym-equipment","13":"product_tag-multi-weight-kettlebell","14":"product_tag-non-slip-kettlebells","15":"product_tag-strength-training-equipment","16":"product_tag-versatile-kettlebell","18":"first","19":"instock","20":"shipping-taxable","21":"product-type-simple"},"_links":{"self":[{"href":"https:\/\/gofitstrength.com\/fr\/wp-json\/wp\/v2\/product\/1181","targetHints":{"allow":["GET"]}}],"collection":[{"href":"https:\/\/gofitstrength.com\/fr\/wp-json\/wp\/v2\/product"}],"about":[{"href":"https:\/\/gofitstrength.com\/fr\/wp-json\/wp\/v2\/types\/product"}],"wp:featuredmedia":[{"embeddable":true,"href":"https:\/\/gofitstrength.com\/fr\/wp-json\/wp\/v2\/media\/1180"}],"wp:attachment":[{"href":"https:\/\/gofitstrength.com\/fr\/wp-json\/wp\/v2\/media?parent=1181"}],"wp:term":[{"taxonomy":"product_cat","embeddable":true,"href":"https:\/\/gofitstrength.com\/fr\/wp-json\/wp\/v2\/product_cat?post=1181"},{"taxonomy":"product_tag","embeddable":true,"href":"https:\/\/gofitstrength.com\/fr\/wp-json\/wp\/v2\/product_tag?post=1181"}],"curies":[{"name":"wp","href":"https:\/\/api.w.org\/{rel}","templated":true}]}}