{"id":1175,"date":"2024-05-31T10:31:33","date_gmt":"2024-05-31T10:31:33","guid":{"rendered":"https:\/\/gofit.laozhanzhang.com\/product\/single-colour-tpe-yoga-mat\/"},"modified":"2024-07-08T13:03:58","modified_gmt":"2024-07-08T13:03:58","slug":"single-colour-tpe-yoga-mat","status":"publish","type":"product","link":"https:\/\/gofitstrength.com\/fr\/produit\/single-colour-tpe-yoga-mat\/","title":{"rendered":"Single Colour TPE Yoga Mat"},"content":{"rendered":"<h2 style=\"margin: 0px 0px 5px; padding: 0px; color: #666666; font-family: Poppins-Regular, arial, helvetica, sans-serif; white-space: normal; text-align: left;\"><span style=\"color: #282828;\"><strong>Eco-friendly Single Colour TPE Yoga Mat with Non-slip Surface and High-density Cushioning for Superior Comfort and Durability<\/strong><\/span><\/h2>\n<h3 style=\"margin-bottom: 5px;\"><span style=\"font-size: 20px;\"><strong>Sp\u00e9cification :<\/strong><\/span><\/h3>\n<table border=\"0\" cellpadding=\"0\">\n<colgroup>\n<col width=\"284\" \/>\n<col width=\"489\" \/><\/colgroup>\n<tbody>\n<tr>\n<td style=\"word-break: break-all;\" width=\"340\">Product Name: Single Colour TPE Yoga Mat<\/td>\n<td width=\"454\">Item Number:PN-YM-035<\/td>\n<\/tr>\n<tr>\n<td width=\"56\">Size: 183*61*1cm, or Customized<\/td>\n<td width=\"454\">Material: High Quality TPE<\/td>\n<\/tr>\n<tr>\n<td width=\"56\">Color &amp; Pattern: Customized<\/td>\n<td width=\"454\">Min. Commande : N\u00e9gociable<\/td>\n<\/tr>\n<tr>\n<td width=\"56\">Logo : Personnalis\u00e9<\/td>\n<td width=\"454\">Non-toxic, Eco-Friendly, Durable<\/td>\n<\/tr>\n<\/tbody>\n<\/table>\n<p>&nbsp;<\/p>\n<p style=\"margin-bottom: 5px;\"><span style=\"font-size: 110%;\">\u3010High-quality TPE Material\u3011: Made from high-quality TPE providing excellent cushioning and support.<\/span><br \/>\n<span style=\"font-size: 110%;\">\u3010Non-slip Surface\u3011 : Comporte une surface antid\u00e9rapante qui assure la stabilit\u00e9 et l'adh\u00e9rence, m\u00eame lors d'entra\u00eenements intenses et en cas de transpiration.<\/span><br \/>\n<span style=\"font-size: 110%;\">\u3010High-density Cushioning\u3011 : Offre un confort sup\u00e9rieur et une protection des articulations pendant les diff\u00e9rentes poses et exercices de yoga.<\/span><br \/>\n<span style=\"font-size: 110%;\">\u3010Durable Construction\u3011: High-quality TPE material ensures long-lasting performance and resilience.<\/span><br \/>\n<span style=\"font-size: 110%;\">\u3010Eco-friendly\u3011 : Construit \u00e0 partir de mat\u00e9riaux respectueux de l'environnement, ce qui en fait un choix durable pour les amateurs de yoga.<\/span><br \/>\n<span style=\"font-size: 110%;\">\u3010Easy to Clean\u3011 : Simple \u00e0 nettoyer et \u00e0 entretenir, il garantit l'hygi\u00e8ne et la long\u00e9vit\u00e9.<\/span><br \/>\n<span style=\"font-size: 110%;\">\u3010Portable et l\u00e9ger\u3011 : L\u00e9ger et facile \u00e0 enrouler, il est pratique pour le stockage et le transport.<\/span><br \/>\n<span style=\"font-size: 110%;\">\u3010Available in Multiple Colors\u3011: Comes in various single colors to match personal preferences or studio aesthetics.<\/span><\/p>\n<p>&nbsp;<\/p>\n<p>&nbsp;<\/p>\n<p style=\"text-align: center;\"><img decoding=\"async\" title=\"Tapis de yoga TPE\" src=\"https:\/\/www.wavar.com\/data\/upload\/ueditor\/20210618\/60cc7226a08c0.jpg\" alt=\"Tapis de yoga TPE\" \/><\/p>\n<p style=\"text-align: center;\"><img decoding=\"async\" title=\"Tapis de yoga TPE\" src=\"https:\/\/www.wavar.com\/data\/upload\/ueditor\/20210618\/60cc7226cbc0a.jpg\" alt=\"Tapis de yoga TPE\" \/><\/p>\n<p style=\"text-align: center;\"><img decoding=\"async\" title=\"Tapis de yoga TPE\" src=\"https:\/\/www.wavar.com\/data\/upload\/ueditor\/20210618\/60cc7226cc528.jpg\" alt=\"Tapis de yoga TPE\" \/><\/p>\n<p style=\"text-align: center;\"><img decoding=\"async\" title=\"Tapis de yoga TPE\" src=\"https:\/\/www.wavar.com\/data\/upload\/ueditor\/20210618\/60cc722707f5c.jpg\" alt=\"Tapis de yoga TPE\" \/><\/p>\n<p style=\"text-align: center;\"><img decoding=\"async\" title=\"Tapis de yoga TPE\" src=\"https:\/\/www.wavar.com\/data\/upload\/ueditor\/20210618\/60cc72270d915.jpg\" alt=\"Tapis de yoga TPE\" \/><\/p>\n<p style=\"text-align: center;\"><img decoding=\"async\" title=\"Tapis de yoga TPE\" src=\"https:\/\/www.wavar.com\/data\/upload\/ueditor\/20210618\/60cc7227100ba.jpg\" alt=\"Tapis de yoga TPE\" \/><\/p>","protected":false},"excerpt":{"rendered":"<div>Item No.: PN-YM-035<\/div>\n<div>Size: 183*61*1cm<\/div>\n<div>Material: TPE<\/div>\n<div>OEM\/ODM : acceptable<\/div>","protected":false},"featured_media":1174,"template":"","meta":[],"product_cat":[26,37],"product_tag":[1528,1428,1415,1495,1503,1411,1540,1436],"class_list":{"0":"post-1175","1":"product","2":"type-product","3":"status-publish","4":"has-post-thumbnail","6":"product_cat-yoga","7":"product_cat-yoga-mat-manufacturer","8":"product_tag-comfortable-yoga-mat","9":"product_tag-durable-yoga-mat","10":"product_tag-eco-friendly-yoga-mat","11":"product_tag-exercise-mat","12":"product_tag-high-density-yoga-mat","13":"product_tag-non-slip-yoga-mat","14":"product_tag-single-colour-yoga-mat","15":"product_tag-tpe-yoga-mat","17":"first","18":"instock","19":"shipping-taxable","20":"product-type-simple"},"_links":{"self":[{"href":"https:\/\/gofitstrength.com\/fr\/wp-json\/wp\/v2\/product\/1175","targetHints":{"allow":["GET"]}}],"collection":[{"href":"https:\/\/gofitstrength.com\/fr\/wp-json\/wp\/v2\/product"}],"about":[{"href":"https:\/\/gofitstrength.com\/fr\/wp-json\/wp\/v2\/types\/product"}],"wp:featuredmedia":[{"embeddable":true,"href":"https:\/\/gofitstrength.com\/fr\/wp-json\/wp\/v2\/media\/1174"}],"wp:attachment":[{"href":"https:\/\/gofitstrength.com\/fr\/wp-json\/wp\/v2\/media?parent=1175"}],"wp:term":[{"taxonomy":"product_cat","embeddable":true,"href":"https:\/\/gofitstrength.com\/fr\/wp-json\/wp\/v2\/product_cat?post=1175"},{"taxonomy":"product_tag","embeddable":true,"href":"https:\/\/gofitstrength.com\/fr\/wp-json\/wp\/v2\/product_tag?post=1175"}],"curies":[{"name":"wp","href":"https:\/\/api.w.org\/{rel}","templated":true}]}}