{"id":1112,"date":"2024-05-31T10:30:56","date_gmt":"2024-05-31T10:30:56","guid":{"rendered":"https:\/\/gofit.laozhanzhang.com\/product\/fordable-pilates-exercise-ball\/"},"modified":"2024-07-07T05:00:52","modified_gmt":"2024-07-07T05:00:52","slug":"fordable-pilates-exercise-ball","status":"publish","type":"product","link":"https:\/\/gofitstrength.com\/fr\/produit\/fordable-pilates-exercise-ball\/","title":{"rendered":"Ballon d'exercice Fordable Pilates"},"content":{"rendered":"<h2 style=\"white-space: normal; text-align: left;\"><span style=\"color: #282828;\"><strong>Portable and Foldable Pilates Exercise Ball for Yoga, Core Training, and Stability Exercises<\/strong><\/span><\/h2>\n<p><span style=\"color: #333333; font-family: arial; text-wrap: wrap; background-color: #ffffff;\">\u00a0<\/span><\/p>\n<p><span style=\"font-size: 110%;\">\u3010Foldable Design\u3011: Easily foldable for convenient storage and portability, perfect for on-the-go workouts.<\/span><br \/>\n<span style=\"font-size: 110%;\">\u3010Durable Material\u3011: Made from high-quality, anti-burst PVC material to ensure durability and safety.<\/span><br \/>\n<span style=\"font-size: 110%;\">\u3010Versatile Use\u3011: Ideal for a variety of exercises including yoga, pilates, core training, and balance exercises.<\/span><br \/>\n<span style=\"font-size: 110%;\">\u3010Enhanced Stability\u3011: Provides excellent stability and support for users of all fitness levels.<\/span><br \/>\n<span style=\"font-size: 110%;\">\u3010Lightweight and Portable\u3011: Compact and lightweight design makes it easy to carry and use anywhere.<\/span><br \/>\n<span style=\"font-size: 110%;\">\u3010Improves Core Strength\u3011: Helps improve core strength, balance, and flexibility through various exercises.<\/span><br \/>\n<span style=\"font-size: 110%;\">\u3010Easy to Inflate\u3011 : Livr\u00e9 avec une pompe facile \u00e0 utiliser pour un gonflage et un d\u00e9gonflage rapides.<\/span><\/p>\n<p>&nbsp;<\/p>\n<p style=\"text-align: center;\"><img decoding=\"async\" title=\"Ballon d&#039;exercice Fordable Pilates\" src=\"https:\/\/www.wavar.com\/data\/upload\/ueditor\/20221109\/636b71d18e84c.jpg\" alt=\"Ballon d&#039;exercice Fordable Pilates\" \/><\/p>\n<p style=\"text-align: center;\"><img decoding=\"async\" title=\"Ballon d&#039;exercice Fordable Pilates\" src=\"https:\/\/www.wavar.com\/data\/upload\/ueditor\/20221109\/636b71e7d83bb.jpg\" alt=\"Ballon d&#039;exercice Fordable Pilates\" \/><\/p>\n<p style=\"text-align: center;\"><img decoding=\"async\" title=\"Ballon d&#039;exercice Fordable Pilates\" src=\"https:\/\/www.wavar.com\/data\/upload\/ueditor\/20221109\/636b71f3a1212.jpg\" alt=\"Ballon d&#039;exercice Fordable Pilates\" \/><\/p>\n<p style=\"text-align: center;\"><img decoding=\"async\" title=\"Ballon d&#039;exercice Fordable Pilates\" src=\"https:\/\/www.wavar.com\/data\/upload\/ueditor\/20221109\/636b720773753.jpg\" alt=\"Ballon d&#039;exercice Fordable Pilates\" \/><\/p>","protected":false},"excerpt":{"rendered":"<p>IItem No.: PN-YBA-005<br \/>\nMat : PVC<br \/>\nDiam\u00e8tre : 25 cm<br \/>\nOEM\/ODM : acceptable<\/p>","protected":false},"featured_media":1111,"template":"","meta":[],"product_cat":[26,75],"product_tag":[1182,1193,1194,1192,1195,1196,1190],"class_list":{"0":"post-1112","1":"product","2":"type-product","3":"status-publish","4":"has-post-thumbnail","6":"product_cat-yoga","7":"product_cat-yoga-ball-manufacturer","8":"product_tag-core-workout-ball","9":"product_tag-exercise-ball","10":"product_tag-fitness-yoga-ball","11":"product_tag-foldable-pilates-ball","12":"product_tag-portable-pilates-ball","13":"product_tag-stability-training-ball","14":"product_tag-yoga-accessory","16":"first","17":"instock","18":"shipping-taxable","19":"product-type-simple"},"_links":{"self":[{"href":"https:\/\/gofitstrength.com\/fr\/wp-json\/wp\/v2\/product\/1112","targetHints":{"allow":["GET"]}}],"collection":[{"href":"https:\/\/gofitstrength.com\/fr\/wp-json\/wp\/v2\/product"}],"about":[{"href":"https:\/\/gofitstrength.com\/fr\/wp-json\/wp\/v2\/types\/product"}],"wp:featuredmedia":[{"embeddable":true,"href":"https:\/\/gofitstrength.com\/fr\/wp-json\/wp\/v2\/media\/1111"}],"wp:attachment":[{"href":"https:\/\/gofitstrength.com\/fr\/wp-json\/wp\/v2\/media?parent=1112"}],"wp:term":[{"taxonomy":"product_cat","embeddable":true,"href":"https:\/\/gofitstrength.com\/fr\/wp-json\/wp\/v2\/product_cat?post=1112"},{"taxonomy":"product_tag","embeddable":true,"href":"https:\/\/gofitstrength.com\/fr\/wp-json\/wp\/v2\/product_tag?post=1112"}],"curies":[{"name":"wp","href":"https:\/\/api.w.org\/{rel}","templated":true}]}}