{"id":1098,"date":"2024-05-31T10:30:49","date_gmt":"2024-05-31T10:30:49","guid":{"rendered":"https:\/\/gofit.laozhanzhang.com\/product\/wholesale-ball-bearing-steel-wire-jump-ropes-with-two-weighted-blocks-factory\/"},"modified":"2024-07-07T14:00:22","modified_gmt":"2024-07-07T14:00:22","slug":"wholesale-ball-bearing-steel-wire-jump-ropes-with-two-weighted-blocks-factory","status":"publish","type":"product","link":"https:\/\/gofitstrength.com\/fr\/produit\/corde-a-sauter-en-fil-dacier-avec-roulement-a-billes-avec-deux-blocs-lestes-usine-de-gros\/","title":{"rendered":"Cordes \u00e0 sauter en fil d'acier avec roulements \u00e0 billes et deux blocs lest\u00e9s Factory"},"content":{"rendered":"<h2 style=\"text-align: left;\"><span style=\"color: #282828;\"><strong>Corde \u00e0 sauter r\u00e9glable en fil d'acier avec deux blocs lest\u00e9s pour un meilleur entra\u00eenement physique<\/strong><\/span><\/h2>\n<p><span style=\"font-size: 110%;\">\u3010Roulements de haute qualit\u00e9\u3011 : Syst\u00e8me de roulement \u00e0 billes lisse pour une rotation rapide et sans effort.<\/span><br \/>\n<span style=\"font-size: 110%;\">\u3010Adjustable Length\u3011 : Longueur facilement r\u00e9glable pour s'adapter aux diff\u00e9rentes tailles et pr\u00e9f\u00e9rences des utilisateurs.<\/span><br \/>\n<span style=\"font-size: 110%;\">\u3010Weighted Blocks\u3011 : Comprend deux blocs lest\u00e9s amovibles pour une r\u00e9sistance accrue et une meilleure intensit\u00e9 de l'entra\u00eenement.<\/span><br \/>\n<span style=\"font-size: 110%;\">\u3010Durable Steel Wire\u3011 : Construction robuste en fil d'acier enduit pour la durabilit\u00e9 et la long\u00e9vit\u00e9.<\/span><br \/>\n<span style=\"font-size: 110%;\">\u3010Comfortable Handles\u3011 : Poign\u00e9es ergonomiques en mousse pour une prise en main s\u00fbre et confortable.<\/span><br \/>\n<span style=\"font-size: 110%;\">\u3010Versatile Use\u3011 : Convient pour l'entra\u00eenement cardio, le renforcement de l'endurance et les s\u00e9ances d'entra\u00eenement de l'ensemble du corps.<\/span><br \/>\n<span style=\"font-size: 110%;\">\u3010Tangle-Free Design\u3011 : Con\u00e7u pour \u00e9viter l'enchev\u00eatrement, garantissant une exp\u00e9rience d'exercice fluide et efficace.<\/span><\/p>\n<p><img decoding=\"async\" title=\"Cordes \u00e0 sauter en fil d&#039;acier avec roulements \u00e0 billes et deux blocs lest\u00e9s Factory\" src=\"https:\/\/www.wavar.com\/data\/upload\/ueditor\/20221215\/639acc40d4e53.jpg\" alt=\"Cordes \u00e0 sauter en fil d&#039;acier avec roulements \u00e0 billes et deux blocs lest\u00e9s Factory\" \/><\/p>\n<p><img decoding=\"async\" title=\"Cordes \u00e0 sauter en fil d&#039;acier avec roulements \u00e0 billes et deux blocs lest\u00e9s Factory\" src=\"https:\/\/www.wavar.com\/data\/upload\/ueditor\/20221215\/639acc4f55301.jpg\" alt=\"Cordes \u00e0 sauter en fil d&#039;acier avec roulements \u00e0 billes et deux blocs lest\u00e9s Factory\" \/><\/p>\n<p><img decoding=\"async\" title=\"Cordes \u00e0 sauter en fil d&#039;acier avec roulements \u00e0 billes et deux blocs lest\u00e9s Factory\" src=\"https:\/\/www.wavar.com\/data\/upload\/ueditor\/20221215\/639acc5885429.jpg\" alt=\"Cordes \u00e0 sauter en fil d&#039;acier avec roulements \u00e0 billes et deux blocs lest\u00e9s Factory\" \/><\/p>\n<p><img decoding=\"async\" title=\"Cordes \u00e0 sauter en fil d&#039;acier avec roulements \u00e0 billes et deux blocs lest\u00e9s Factory\" src=\"https:\/\/www.wavar.com\/data\/upload\/ueditor\/20221215\/639acc6431ec9.jpg\" alt=\"Cordes \u00e0 sauter en fil d&#039;acier avec roulements \u00e0 billes et deux blocs lest\u00e9s Factory\" \/><\/p>\n<p>&nbsp;<\/p>","protected":false},"excerpt":{"rendered":"<div>Num\u00e9ro d'article : PN-JR-016<\/div>\n<div>Longueur : 2,4 m<\/div>\n<div><\/div>\n<div>Poids : 120g<\/div>\n<div><\/div>\n<div>Mode : Mode sans corde et saut avec corde<\/div>\n<div><\/div>\n<div>Couleurs : Rouge\/Orange<\/div>\n<div><\/div>\n<div>OEM \/ ODM : acceptables<\/div>","protected":false},"featured_media":1097,"template":"","meta":[],"product_cat":[23,18,32],"product_tag":[1375,1505,1507,1506,1400,1404,1389,1474],"class_list":{"0":"post-1098","1":"product","2":"type-product","3":"status-publish","4":"has-post-thumbnail","6":"product_cat-cardio-training-manufacturer","7":"product_cat-fitness","8":"product_cat-jump-ropes-manufacturer","9":"product_tag-adjustable-jump-rope","10":"product_tag-bearing-steel-wire-jump-rope","11":"product_tag-cardio-training-rope","12":"product_tag-exercise-rope-with-weights","13":"product_tag-fitness-skipping-rope","14":"product_tag-heavy-duty-jump-rope","15":"product_tag-weighted-jump-rope","16":"product_tag-wholesale-jump-rope","18":"first","19":"instock","20":"shipping-taxable","21":"product-type-simple"},"_links":{"self":[{"href":"https:\/\/gofitstrength.com\/fr\/wp-json\/wp\/v2\/product\/1098","targetHints":{"allow":["GET"]}}],"collection":[{"href":"https:\/\/gofitstrength.com\/fr\/wp-json\/wp\/v2\/product"}],"about":[{"href":"https:\/\/gofitstrength.com\/fr\/wp-json\/wp\/v2\/types\/product"}],"wp:featuredmedia":[{"embeddable":true,"href":"https:\/\/gofitstrength.com\/fr\/wp-json\/wp\/v2\/media\/1097"}],"wp:attachment":[{"href":"https:\/\/gofitstrength.com\/fr\/wp-json\/wp\/v2\/media?parent=1098"}],"wp:term":[{"taxonomy":"product_cat","embeddable":true,"href":"https:\/\/gofitstrength.com\/fr\/wp-json\/wp\/v2\/product_cat?post=1098"},{"taxonomy":"product_tag","embeddable":true,"href":"https:\/\/gofitstrength.com\/fr\/wp-json\/wp\/v2\/product_tag?post=1098"}],"curies":[{"name":"wp","href":"https:\/\/api.w.org\/{rel}","templated":true}]}}