{"id":1087,"date":"2024-05-31T10:30:43","date_gmt":"2024-05-31T10:30:43","guid":{"rendered":"https:\/\/gofit.laozhanzhang.com\/product\/metal-d-ring-yoga-strap\/"},"modified":"2024-07-07T13:10:59","modified_gmt":"2024-07-07T13:10:59","slug":"metal-d-ring-yoga-strap","status":"publish","type":"product","link":"https:\/\/gofitstrength.com\/fr\/produit\/metal-d-ring-yoga-strap\/","title":{"rendered":"Metal D-Ring Yoga Strap"},"content":{"rendered":"<h2 style=\"margin-top: 0px; margin-bottom: 0px; padding: 0px; line-height: 30px; min-height: 30px; color: #666666; font-family: Poppins-Regular, arial, helvetica, sans-serif; white-space: normal; text-align: left;\"><span style=\"color: #282828;\"><strong>Durable Metal D-Ring Yoga Strap for Enhanced Flexibility and Stretching<\/strong><\/span><\/h2>\n<h3><\/h3>\n<h3><\/h3>\n<h3 style=\"margin: 0px; padding: 0px; font-weight: normal; color: #666666; font-family: Poppins-Regular, arial, helvetica, sans-serif; white-space: normal;\"><span style=\"margin: 0px; padding: 0px; font-size: 20px; line-height: 30px; font-family: arial, helvetica, sans-serif;\">Sp\u00e9cification :<\/span><\/h3>\n<table cellspacing=\"0\" cellpadding=\"0\">\n<tbody>\n<tr>\n<td>Item No: PN-YS-004<\/td>\n<td>Product Name: Non-Elastic Yoga \u00a0 Strap\/Stretch Band with Buckle<\/td>\n<\/tr>\n<tr>\n<td>Length: 183cm\/250cm<\/td>\n<td>Width: 3.8cm<\/td>\n<\/tr>\n<tr>\n<td>Thickness: 2mm<\/td>\n<td>Material: Polyester&amp;Cotton<\/td>\n<\/tr>\n<tr>\n<td>Logo : Logo personnalis\u00e9 disponible<\/td>\n<td>OEM \/ ODM : acceptables<\/td>\n<\/tr>\n<\/tbody>\n<\/table>\n<p>&nbsp;<\/p>\n<p style=\"margin: 0px; padding: 0px; font-weight: normal; color: #666666; font-family: Poppins-Regular, arial, helvetica, sans-serif; white-space: normal;\"><span style=\"font-size: 110%;\">\u3010Adjustable D-Ring\u3011: Features a metal D-ring buckle for easy adjustment and secure fastening during exercises.<\/span><br \/>\n<span style=\"font-size: 110%;\">\u3010Mat\u00e9riau durable\u3011 : Fabriqu\u00e9 en tissu de coton durable de haute qualit\u00e9 pour r\u00e9sister \u00e0 une utilisation r\u00e9guli\u00e8re et aux exercices d'\u00e9tirement.<\/span><br \/>\n<span style=\"font-size: 110%;\">\u3010Multi-purpose Use\u3011 : Id\u00e9al pour le yoga, les pilates, les \u00e9tirements, la th\u00e9rapie physique et les routines g\u00e9n\u00e9rales de remise en forme.<\/span><br \/>\n<span style=\"font-size: 110%;\">\u3010Enhanced Flexibility\u3011 : Aide \u00e0 am\u00e9liorer la flexibilit\u00e9, l'amplitude des mouvements et la mobilit\u00e9 globale gr\u00e2ce \u00e0 divers exercices d'\u00e9tirement.<\/span><br \/>\n<span style=\"font-size: 110%;\">\u3010Comfortable Grip\u3011: Soft and comfortable fabric with secure loops for a firm grip during exercises.<\/span><br \/>\n<span style=\"font-size: 110%;\">\u3010Portable et l\u00e9ger\u3011 : Le design l\u00e9ger le rend facile \u00e0 transporter et \u00e0 utiliser partout, parfait pour la maison, le studio ou l'utilisation en voyage.<\/span><br \/>\n<span style=\"font-size: 110%;\">\u3010Vari\u00e9t\u00e9 de couleurs\u3011 : Disponible en plusieurs couleurs pour s'adapter aux pr\u00e9f\u00e9rences personnelles ou aux th\u00e8mes des studios.<\/span><\/p>\n<p>&nbsp;<\/p>\n<p>&nbsp;<\/p>\n<p><img decoding=\"async\" title=\"Wholesale Non-Elastic Yoga Strap\/Stretch Band with Buckle\" src=\"https:\/\/www.wavar.com\/data\/upload\/ueditor\/20210917\/61443c99b315f.jpg\" alt=\"Wholesale Non-Elastic Yoga Strap\/Stretch Band with Buckle\" \/><\/p>\n<p><img decoding=\"async\" title=\"Wholesale Non-Elastic Yoga Strap\/Stretch Band with Buckle\" src=\"https:\/\/www.wavar.com\/data\/upload\/ueditor\/20210917\/61443cc4ad4c9.jpg\" alt=\"Wholesale Non-Elastic Yoga Strap\/Stretch Band with Buckle\" \/><\/p>\n<p><img decoding=\"async\" title=\"Wholesale Non-Elastic Yoga Strap\/Stretch Band with Buckle\" src=\"https:\/\/www.wavar.com\/data\/upload\/ueditor\/20210917\/61443cabbec73.jpg\" alt=\"Wholesale Non-Elastic Yoga Strap\/Stretch Band with Buckle\" \/><\/p>\n<p><img decoding=\"async\" title=\"Wholesale Non-Elastic Yoga Strap\/Stretch Band with Buckle\" src=\"https:\/\/www.wavar.com\/data\/upload\/ueditor\/20210917\/61443cd13e912.jpg\" alt=\"Wholesale Non-Elastic Yoga Strap\/Stretch Band with Buckle\" \/><\/p>","protected":false},"excerpt":{"rendered":"<div>Item No: PN-YS-004<\/div>\n<div><\/div>\n<div>Length: 183cm\/250cm<\/div>\n<div><\/div>\n<div>Width: 3.8cm<\/div>\n<div><\/div>\n<div>Thickness: 2mm<\/div>\n<div><\/div>\n<div>Material: Polyester&amp;Cotton<\/div>\n<div><\/div>\n<div>OEM \/ ODM : acceptables<\/div>","protected":false},"featured_media":1086,"template":"","meta":[],"product_cat":[26,73],"product_tag":[1367,1372,1369,1386,1371,1370,1255],"class_list":{"0":"post-1087","1":"product","2":"type-product","3":"status-publish","4":"has-post-thumbnail","6":"product_cat-yoga","7":"product_cat-yoga-strap-manufacturer","8":"product_tag-adjustable-yoga-strap","9":"product_tag-durable-yoga-strap","10":"product_tag-fitness-strap","11":"product_tag-metal-d-ring-yoga-strap","12":"product_tag-pilates-strap","13":"product_tag-stretching-strap","14":"product_tag-yoga-prop","16":"first","17":"instock","18":"shipping-taxable","19":"product-type-simple"},"_links":{"self":[{"href":"https:\/\/gofitstrength.com\/fr\/wp-json\/wp\/v2\/product\/1087","targetHints":{"allow":["GET"]}}],"collection":[{"href":"https:\/\/gofitstrength.com\/fr\/wp-json\/wp\/v2\/product"}],"about":[{"href":"https:\/\/gofitstrength.com\/fr\/wp-json\/wp\/v2\/types\/product"}],"wp:featuredmedia":[{"embeddable":true,"href":"https:\/\/gofitstrength.com\/fr\/wp-json\/wp\/v2\/media\/1086"}],"wp:attachment":[{"href":"https:\/\/gofitstrength.com\/fr\/wp-json\/wp\/v2\/media?parent=1087"}],"wp:term":[{"taxonomy":"product_cat","embeddable":true,"href":"https:\/\/gofitstrength.com\/fr\/wp-json\/wp\/v2\/product_cat?post=1087"},{"taxonomy":"product_tag","embeddable":true,"href":"https:\/\/gofitstrength.com\/fr\/wp-json\/wp\/v2\/product_tag?post=1087"}],"curies":[{"name":"wp","href":"https:\/\/api.w.org\/{rel}","templated":true}]}}