{"id":721,"date":"2024-05-31T10:27:29","date_gmt":"2024-05-31T10:27:29","guid":{"rendered":"https:\/\/gofit.laozhanzhang.com\/product\/dodecagonal-cpu-dumbbell\/"},"modified":"2024-07-10T05:13:15","modified_gmt":"2024-07-10T05:13:15","slug":"high-quality-dodecagonal-cpu-dumbbell","status":"publish","type":"product","link":"https:\/\/gofitstrength.com\/es\/producto\/mancuerna-dodecagonal-cpu-de-alta-calidad\/","title":{"rendered":"Mancuerna CPU dodecagonal de alta calidad"},"content":{"rendered":"<h2><span style=\"color: #282828;\"><strong>Mancuerna CPU dodecagonal de alta calidad para entrenamiento de fuerza y gimnasio en casa<\/strong><\/span><\/h2>\n<p><span style=\"font-size: 110%;\">\u3010Material de alta calidad\u3011: Hecho de caucho CPU (poliuretano) de primera calidad que proporciona un acabado duradero y resistente al desgaste.<\/span><br \/>\n<span style=\"font-size: 110%;\">\u3010Dise\u00f1o Dodecagonal\u3011: El dise\u00f1o \u00fanico de doce lados evita que ruede y garantiza la estabilidad cuando se coloca en el suelo, por lo que es m\u00e1s seguro y conveniente para los entrenamientos.<\/span><br \/>\n<span style=\"font-size: 110%;\">\u3010Non-Slip Grip\u3011: Cuenta con asas ergon\u00f3micamente dise\u00f1adas con un patr\u00f3n moleteado para garantizar un agarre seguro y c\u00f3modo, evitando el deslizamiento durante los entrenamientos intensos.<\/span><br \/>\n<span style=\"font-size: 110%;\">\u3010Uso vers\u00e1til\u3011: Ideal para una variedad de ejercicios que incluyen entrenamiento de fuerza, construcci\u00f3n muscular y rutinas de acondicionamiento f\u00edsico funcional, adecuado para todos los niveles de condici\u00f3n f\u00edsica.<\/span><br \/>\n<span style=\"font-size: 110%;\">Marcas de peso claras: Cada mancuerna tiene marcas de peso claras y f\u00e1ciles de leer para una identificaci\u00f3n r\u00e1pida, agilizando sus sesiones de entrenamiento.<\/span><br \/>\n<span style=\"font-size: 110%;\">\u3010F\u00e1cil de Limpiar\u3011: El revestimiento de CPU es f\u00e1cil de limpiar y mantener, lo que garantiza la higiene y la longevidad de las mancuernas.<\/span><br \/>\n<span style=\"font-size: 110%;\">\u3010Construcci\u00f3n Duradera\u3011: Construidas con materiales de alta calidad y reforzadas con un n\u00facleo de acero s\u00f3lido, estas mancuernas est\u00e1n dise\u00f1adas para soportar un uso frecuente e intenso sin sufrir da\u00f1os.<\/span><br \/>\n<span style=\"font-size: 110%;\">\u3010Protege los Suelos\u3011: El recubrimiento de CPU no solo agrega durabilidad, sino que tambi\u00e9n protege sus pisos de da\u00f1os cuando las pesas se colocan hacia abajo.<\/span><br \/>\n<span style=\"font-size: 110%;\">\u3010Commercial Grade\u3011: Adecuado tanto para gimnasios dom\u00e9sticos como para gimnasios comerciales debido a su construcci\u00f3n robusta y calidad profesional.<\/span><\/p>\n<p>&nbsp;<\/p>\n<p><img decoding=\"async\" title=\"Mancuerna CPU dodecagonal\" src=\"https:\/\/www.wavar.com\/data\/upload\/ueditor\/20230718\/64b63744d875a.jpg\" alt=\"Mancuerna CPU dodecagonal\" \/><\/p>\n<p><img decoding=\"async\" title=\"Mancuerna CPU dodecagonal\" src=\"https:\/\/www.wavar.com\/data\/upload\/ueditor\/20230718\/64b6376a2ad7d.jpg\" alt=\"Mancuerna CPU dodecagonal\" \/><\/p>\n<p>&nbsp;<\/p>\n<p>&nbsp;<\/p>","protected":false},"excerpt":{"rendered":"<p>N\u00ba de art\u00edculo: PN-DB-006<\/p>\n<p>Material: CPU+Acero<\/p>\n<p>Peso: 20 kg<\/p>\n<p>Tama\u00f1o del paquete: 29,2*17,3*17,3 cm<\/p>","protected":false},"featured_media":4496,"template":"","meta":[],"product_cat":[40,54,18,38],"product_tag":[98,2158,2157,88,91,90,89],"class_list":{"0":"post-721","1":"product","2":"type-product","3":"status-publish","4":"has-post-thumbnail","6":"product_cat-dumbbells-manufacturer","7":"product_cat-encased-dumbbell","8":"product_cat-fitness","9":"product_cat-free-weights","10":"product_tag-commercial-gym-dumbbells","11":"product_tag-cpu-coated-weights","12":"product_tag-dodecagonal-cpu-dumbbell","13":"product_tag-durable-exercise-weights","14":"product_tag-home-gym-equipment","15":"product_tag-non-slip-dumbbells","16":"product_tag-strength-training-dumbbells","18":"first","19":"instock","20":"shipping-taxable","21":"product-type-simple"},"_links":{"self":[{"href":"https:\/\/gofitstrength.com\/es\/wp-json\/wp\/v2\/product\/721","targetHints":{"allow":["GET"]}}],"collection":[{"href":"https:\/\/gofitstrength.com\/es\/wp-json\/wp\/v2\/product"}],"about":[{"href":"https:\/\/gofitstrength.com\/es\/wp-json\/wp\/v2\/types\/product"}],"wp:featuredmedia":[{"embeddable":true,"href":"https:\/\/gofitstrength.com\/es\/wp-json\/wp\/v2\/media\/4496"}],"wp:attachment":[{"href":"https:\/\/gofitstrength.com\/es\/wp-json\/wp\/v2\/media?parent=721"}],"wp:term":[{"taxonomy":"product_cat","embeddable":true,"href":"https:\/\/gofitstrength.com\/es\/wp-json\/wp\/v2\/product_cat?post=721"},{"taxonomy":"product_tag","embeddable":true,"href":"https:\/\/gofitstrength.com\/es\/wp-json\/wp\/v2\/product_tag?post=721"}],"curies":[{"name":"wp","href":"https:\/\/api.w.org\/{rel}","templated":true}]}}