{"id":655,"date":"2024-05-31T10:26:55","date_gmt":"2024-05-31T10:26:55","guid":{"rendered":"https:\/\/gofit.laozhanzhang.com\/product\/supine-board-weight-bench-barbell-rack-bench-press-rack\/"},"modified":"2024-07-11T14:00:49","modified_gmt":"2024-07-11T14:00:49","slug":"weight-bench-set-with-squat-rack","status":"publish","type":"product","link":"https:\/\/gofitstrength.com\/es\/producto\/banco-de-pesas-con-soporte-para-sentadillas\/","title":{"rendered":"Banco de pesas con soporte para sentadillas"},"content":{"rendered":"<h2 style=\"text-align: left;\"><span style=\"color: #282828;\"><strong>Banco de pesas ajustable todo en uno con soporte para sentadillas integrado para entrenamiento de fuerza en gimnasio en casa<\/strong><\/span><\/h2>\n<p><span style=\"font-size: 24px;\">\u00a0<\/span><\/p>\n<p>&nbsp;<\/p>\n<p><span style=\"font-size: 110%;\">Banco ajustable: M\u00faltiples posiciones ajustables para entrenamientos vers\u00e1tiles dirigidos a diferentes grupos musculares.<\/span><br \/>\n<span style=\"font-size: 110%;\">\u3010Integrated Squat Rack\u3011: Rack de sentadillas integrado para realizar varios ejercicios con barra de forma segura.<\/span><br \/>\n<span style=\"font-size: 110%;\">\u3010Construcci\u00f3n de alta resistencia\u3011: Marco de acero resistente asegura durabilidad y estabilidad durante los entrenamientos intensos.<\/span><br \/>\n<span style=\"font-size: 110%;\">\u3010C\u00f3modo acolchado\u3011: El acolchado de espuma de alta densidad proporciona comodidad y soporte durante los ejercicios.<\/span><br \/>\n<span style=\"font-size: 110%;\">Uso vers\u00e1til: Ideal para una amplia gama de ejercicios, incluyendo press de banca, sentadillas, curl de piernas y m\u00e1s.<\/span><br \/>\n<span style=\"font-size: 110%;\">\u3010Space-Saving Design\u3011: Dise\u00f1o compacto adecuado para gimnasios en casa con espacio limitado.<\/span><br \/>\n<span style=\"font-size: 110%;\">F\u00e1cil montaje: Viene con todas las herramientas necesarias e instrucciones detalladas para una configuraci\u00f3n r\u00e1pida.<\/span><\/p>\n<p>&nbsp;<\/p>\n<p style=\"text-align: center;\"><span style=\"font-size: 24px;\"><img decoding=\"async\" title=\"Supine Board Banco de pesas Barbell Rack Bench Press Rack\" src=\"https:\/\/www.wavar.com\/data\/upload\/ueditor\/20230815\/64db2e5863d54.jpg\" alt=\"Supine Board Banco de pesas Barbell Rack Bench Press Rack\" \/><\/span><\/p>\n<p style=\"text-align: center;\"><span style=\"font-size: 24px;\"><img decoding=\"async\" title=\"Supine Board Banco de pesas Barbell Rack Bench Press Rack\" src=\"https:\/\/www.wavar.com\/data\/upload\/ueditor\/20230815\/64db2e615947a.jpg\" alt=\"Supine Board Banco de pesas Barbell Rack Bench Press Rack\" \/><\/span><\/p>\n<p style=\"text-align: center;\"><span style=\"font-size: 24px;\"><img decoding=\"async\" title=\"Supine Board Banco de pesas Barbell Rack Bench Press Rack\" src=\"https:\/\/www.wavar.com\/data\/upload\/ueditor\/20230815\/64db2e6b02ccf.jpg\" alt=\"Supine Board Banco de pesas Barbell Rack Bench Press Rack\" \/><\/span><\/p>","protected":false},"excerpt":{"rendered":"<div>N\u00ba de art\u00edculo: PN-WB-016<\/div>\n<div><\/div>\n<div>Material: Metal<\/div>\n<div><\/div>\n<div>Tama\u00f1o: 170*120*110cm<\/div>\n<div><\/div>\n<div>Peso m\u00e1ximo del usuario: 300 kg<\/div>\n<p>&nbsp;<\/p>","protected":false},"featured_media":654,"template":"","meta":[],"product_cat":[18,21,22],"product_tag":[2670,91,2815,2814,2667,2813,2816],"class_list":{"0":"post-655","1":"product","2":"type-product","3":"status-publish","4":"has-post-thumbnail","6":"product_cat-fitness","7":"product_cat-strength-equipment","8":"product_cat-weight-benches-manufacturer","9":"product_tag-adjustable-weight-bench","10":"product_tag-home-gym-equipment","11":"product_tag-multifunctional-weight-bench","12":"product_tag-squat-rack","13":"product_tag-strength-training-bench","14":"product_tag-weight-bench-set","15":"product_tag-workout-bench-set","17":"first","18":"instock","19":"shipping-taxable","20":"product-type-simple"},"_links":{"self":[{"href":"https:\/\/gofitstrength.com\/es\/wp-json\/wp\/v2\/product\/655","targetHints":{"allow":["GET"]}}],"collection":[{"href":"https:\/\/gofitstrength.com\/es\/wp-json\/wp\/v2\/product"}],"about":[{"href":"https:\/\/gofitstrength.com\/es\/wp-json\/wp\/v2\/types\/product"}],"wp:featuredmedia":[{"embeddable":true,"href":"https:\/\/gofitstrength.com\/es\/wp-json\/wp\/v2\/media\/654"}],"wp:attachment":[{"href":"https:\/\/gofitstrength.com\/es\/wp-json\/wp\/v2\/media?parent=655"}],"wp:term":[{"taxonomy":"product_cat","embeddable":true,"href":"https:\/\/gofitstrength.com\/es\/wp-json\/wp\/v2\/product_cat?post=655"},{"taxonomy":"product_tag","embeddable":true,"href":"https:\/\/gofitstrength.com\/es\/wp-json\/wp\/v2\/product_tag?post=655"}],"curies":[{"name":"wp","href":"https:\/\/api.w.org\/{rel}","templated":true}]}}