{"id":1632,"date":"2024-05-31T10:35:38","date_gmt":"2024-05-31T10:35:38","guid":{"rendered":"https:\/\/gofit.laozhanzhang.com\/product\/3-in-1-foam-roller\/"},"modified":"2024-07-08T14:08:09","modified_gmt":"2024-07-08T14:08:09","slug":"3-in-1-foam-roller","status":"publish","type":"product","link":"https:\/\/gofitstrength.com\/es\/producto\/rodillo-de-espuma-3-en-1\/","title":{"rendered":"Rodillo de espuma 3 en 1"},"content":{"rendered":"<h2 style=\"text-align: left;\"><span style=\"color: #282828;\"><strong>Vers\u00e1til juego de rodillos de espuma 3 en 1 para masajes de tejido profundo y una mejor recuperaci\u00f3n muscular<\/strong><\/span><\/h2>\n<h3><strong>Descripci\u00f3n del producto:<\/strong><\/h3>\n<table cellspacing=\"0\">\n<tbody>\n<tr>\n<td style=\"word-break: break-all;\" colspan=\"1\" rowspan=\"1\">Nombre del producto<\/td>\n<td style=\"word-break: break-all;\" colspan=\"1\" rowspan=\"1\">Rodillo de espuma 3 en 1<\/td>\n<\/tr>\n<tr>\n<td style=\"word-break: break-all;\" colspan=\"1\" rowspan=\"1\">N\u00ba de art\u00edculo<\/td>\n<td style=\"word-break: break-all;\" colspan=\"1\" rowspan=\"1\">PN-FR-001<\/td>\n<\/tr>\n<tr>\n<td style=\"word-break: break-all;\" colspan=\"1\" rowspan=\"1\">Peso<\/td>\n<td style=\"word-break: break-all;\" colspan=\"1\" rowspan=\"1\">1040 g (aprox.)<\/td>\n<\/tr>\n<tr>\n<td>Talla<\/td>\n<td style=\"word-break: break-all;\">33cm (L)*14cm (Dia.) o Personalizado<\/td>\n<\/tr>\n<tr>\n<td>Material<\/td>\n<td style=\"word-break: break-all;\">Cubierta de EVA, tubo de PVC, rodillo interior de EPE, barra de ABS<\/td>\n<\/tr>\n<tr>\n<td>Color<\/td>\n<td style=\"word-break: break-all;\">Naranja o personalizado<\/td>\n<\/tr>\n<tr>\n<td style=\"word-break: break-all;\">Embalaje<\/td>\n<td style=\"word-break: break-all;\">Personalizado (MOQ: Negociable)<\/td>\n<\/tr>\n<tr>\n<td style=\"word-break: break-all;\">Logotipo<\/td>\n<td style=\"word-break: break-all;\">Personalizado (MOQ: Negociable)<\/td>\n<\/tr>\n<\/tbody>\n<\/table>\n<p><span style=\"font-size: 110%;\">\u3010Dise\u00f1o Multiusos\u3011: Incluye tres rodillos de espuma diferentes en un solo conjunto, que proporcionan varios niveles de intensidad y se dirigen a diferentes grupos musculares para una experiencia de masaje integral.<\/span><br \/>\n<span style=\"font-size: 110%;\">Espuma de alta densidad: Hecho de espuma EVA de alta calidad y duradera, lo que garantiza un uso duradero y un masaje eficaz del tejido profundo.<\/span><br \/>\n<span style=\"font-size: 110%;\">\u3010Superficie Texturizada\u3011: Presenta una superficie texturizada en los rodillos de espuma para mejorar la estimulaci\u00f3n muscular, mejorar la circulaci\u00f3n sangu\u00ednea y aliviar eficazmente la tensi\u00f3n muscular y el dolor.<\/span><br \/>\n<span style=\"font-size: 110%;\">\u3010Portable y Ligero\u3011: Compacto y f\u00e1cil de llevar, lo que lo hace conveniente para usar en casa, en el gimnasio o mientras viaja.<\/span><br \/>\n<span style=\"font-size: 110%;\">\u3010Uso Vers\u00e1til\u3011: Ideal para yoga, pilates, fisioterapia, recuperaci\u00f3n muscular y ejercicios generales de fitness, adecuado para usuarios de todos los niveles de fitness.<\/span><br \/>\n<span style=\"font-size: 110%;\">\u3010Recuperaci\u00f3n muscular mejorada\u3011: Ayuda a reducir la rigidez muscular, mejorar la flexibilidad y acelerar la recuperaci\u00f3n despu\u00e9s de entrenamientos intensos.<\/span><br \/>\n<span style=\"font-size: 110%;\">\u3010Mango ergon\u00f3mico\u3011: El palo de masaje incluido cuenta con un mango ergon\u00f3mico para un agarre c\u00f3modo y un control preciso durante el uso.<\/span><br \/>\n<span style=\"font-size: 110%;\">F\u00e1cil de limpiar: Fabricado con materiales no porosos, asegurando una f\u00e1cil limpieza y mantenimiento.<\/span><\/p>","protected":false},"excerpt":{"rendered":"<p>N\u00ba de art\u00edculo: PN-FR-001<br \/>\nOEM\/ODM: Aceptable<\/p>","protected":false},"featured_media":1631,"template":"","meta":[],"product_cat":[29,26],"product_tag":[1577,1582,1583,1581,1579,1578,1580,1585,1586,1584],"class_list":{"0":"post-1632","1":"product","2":"type-product","3":"status-publish","4":"has-post-thumbnail","6":"product_cat-foam-roller-manufacturer","7":"product_cat-yoga","8":"product_tag-3-in-1-foam-roller","9":"product_tag-deep-tissue-foam-roller","10":"product_tag-exercise-roller-kit","11":"product_tag-fitness-roller-set","12":"product_tag-massage-roller","13":"product_tag-multi-purpose-foam-roller-set","14":"product_tag-muscle-recovery-foam-roller","15":"product_tag-rehabilitation-roller","16":"product_tag-wholesale-foam-roller-set","17":"product_tag-yoga-foam-roller","19":"first","20":"instock","21":"shipping-taxable","22":"product-type-simple"},"_links":{"self":[{"href":"https:\/\/gofitstrength.com\/es\/wp-json\/wp\/v2\/product\/1632","targetHints":{"allow":["GET"]}}],"collection":[{"href":"https:\/\/gofitstrength.com\/es\/wp-json\/wp\/v2\/product"}],"about":[{"href":"https:\/\/gofitstrength.com\/es\/wp-json\/wp\/v2\/types\/product"}],"wp:featuredmedia":[{"embeddable":true,"href":"https:\/\/gofitstrength.com\/es\/wp-json\/wp\/v2\/media\/1631"}],"wp:attachment":[{"href":"https:\/\/gofitstrength.com\/es\/wp-json\/wp\/v2\/media?parent=1632"}],"wp:term":[{"taxonomy":"product_cat","embeddable":true,"href":"https:\/\/gofitstrength.com\/es\/wp-json\/wp\/v2\/product_cat?post=1632"},{"taxonomy":"product_tag","embeddable":true,"href":"https:\/\/gofitstrength.com\/es\/wp-json\/wp\/v2\/product_tag?post=1632"}],"curies":[{"name":"wp","href":"https:\/\/api.w.org\/{rel}","templated":true}]}}