{"id":1615,"date":"2024-05-31T10:35:26","date_gmt":"2024-05-31T10:35:26","guid":{"rendered":"https:\/\/gofit.laozhanzhang.com\/product\/round-cork-natural-rubber-yoga-mat\/"},"modified":"2024-07-08T13:00:30","modified_gmt":"2024-07-08T13:00:30","slug":"round-cork-natural-rubber-yoga-mat","status":"publish","type":"product","link":"https:\/\/gofitstrength.com\/es\/producto\/alfombrilla-de-yoga-redonda-de-corcho-y-caucho-natural\/","title":{"rendered":"Esterilla de yoga redonda de corcho y caucho natural"},"content":{"rendered":"<h2 style=\"margin-bottom: 5px; text-align: left;\"><span style=\"color: #282828;\"><strong>Esterilla de yoga ecol\u00f3gica redonda de corcho y caucho natural con superficie antideslizante y estampado de mandala<\/strong><\/span><\/h2>\n<p><span style=\"font-size: 20px;\"><strong>\u00a0<\/strong><\/span><\/p>\n<h3 style=\"margin-bottom: 5px;\"><span style=\"font-size: 20px;\"><strong>Especificaci\u00f3n:\u00a0<\/strong><\/span><\/h3>\n<table cellspacing=\"0\">\n<tbody>\n<tr>\n<td style=\"word-break: break-all;\">Producto<\/td>\n<td style=\"word-break: break-all;\">Esterilla de yoga redonda de goma de corcho<\/td>\n<\/tr>\n<tr>\n<td style=\"word-break: break-all;\">N\u00famero de art\u00edculo<\/td>\n<td style=\"word-break: break-all;\">PN-YM-034<\/td>\n<\/tr>\n<tr>\n<td style=\"word-break: break-all;\">Marca<\/td>\n<td style=\"word-break: break-all;\">Gofitstrength<\/td>\n<\/tr>\n<tr>\n<td style=\"word-break: break-all;\">Talla<\/td>\n<td style=\"word-break: break-all;\">60*60*0,3 cm<\/td>\n<\/tr>\n<tr>\n<td style=\"word-break: break-all;\">ODM\/OEM<\/td>\n<td style=\"word-break: break-all;\">Aceptable<\/td>\n<\/tr>\n<tr>\n<td style=\"word-break: break-all;\">Color<\/td>\n<td style=\"word-break: break-all;\">Burlywood<\/td>\n<\/tr>\n<tr>\n<td style=\"word-break: break-all;\">Material<\/td>\n<td style=\"word-break: break-all;\">\u00a0Corcho+caucho natural<\/td>\n<\/tr>\n<\/tbody>\n<\/table>\n<p>&nbsp;<\/p>\n<p style=\"white-space: normal;\"><span style=\"font-size: 110%;\">\u3010Corcho y caucho natural\u3011: Combina corcho natural con caucho natural de alta calidad para una esterilla de yoga sostenible y duradera.<\/span><br \/>\n<span style=\"font-size: 110%;\">\u3010Forma redonda\u3011: La forma redonda \u00fanica proporciona un amplio espacio para el movimiento y las poses, mejorando su pr\u00e1ctica de yoga.<\/span><br \/>\n<span style=\"font-size: 110%;\">\u3010Superficie antideslizante\u3011: Cuenta con una superficie antideslizante que garantiza la estabilidad y el agarre, incluso durante entrenamientos intensos y condiciones de sudoraci\u00f3n.<\/span><br \/>\n<span style=\"font-size: 110%;\">\u3010Mandala Print\u3011: Bellamente impreso dise\u00f1o mandala a\u00f1ade un toque de estilo y elegancia a su pr\u00e1ctica de yoga.<\/span><br \/>\n<span style=\"font-size: 110%;\">\u3010Construcci\u00f3n duradera\u3011: El caucho natural de alta densidad y los materiales de corcho garantizan un rendimiento y una resistencia duraderos.<\/span><br \/>\n<span style=\"font-size: 110%;\">\u3010Comodidad y Soporte\u3011: Ofrece una excelente amortiguaci\u00f3n y soporte para varias poses y ejercicios de yoga.<\/span><br \/>\n<span style=\"font-size: 110%;\">\u3010Eco-friendly\u3011: Construido a partir de materiales respetuosos con el medio ambiente, por lo que es una opci\u00f3n sostenible para los entusiastas del yoga.<\/span><br \/>\n<span style=\"font-size: 110%;\">F\u00e1cil de limpiar: F\u00e1cil de limpiar y mantener, lo que garantiza la higiene y la longevidad.<\/span><br \/>\n<span style=\"font-size: 110%;\">\u3010Portable y Ligero\u3011: Ligero y f\u00e1cil de enrollar, por lo que es conveniente para el almacenamiento y el transporte.<\/span><img decoding=\"async\" style=\"color: #555555; font-size: 14.4px;\" title=\"Alfombra de meditaci\u00f3n redonda de caucho corcho\" src=\"\/\/image.chukouplus.com\/upload\/C_2283\/file\/20230214\/fac8d31fd6244f6feca9f14810ac0011.jpg\" alt=\"Alfombra de meditaci\u00f3n redonda de caucho corcho\" data-cke-saved-src=\"\/\/image.chukouplus.com\/upload\/C_2283\/file\/20230214\/fac8d31fd6244f6feca9f14810ac0011.jpg\" \/><\/p>\n<p style=\"white-space: normal;\"><img decoding=\"async\" title=\"Esterilla de yoga redonda de corcho y caucho natural\" src=\"https:\/\/www.wavar.com\/data\/upload\/ueditor\/20230711\/64acefaf927fa.jpg\" alt=\"Esterilla de yoga redonda de corcho y caucho natural\" \/><\/p>\n<p style=\"white-space: normal;\"><img decoding=\"async\" title=\"Alfombra de meditaci\u00f3n redonda de caucho corcho\" src=\"\/\/image.chukouplus.com\/upload\/C_2283\/file\/20230214\/f9a40108366534a430687922e6f08fba.jpg\" alt=\"Alfombra de meditaci\u00f3n redonda de caucho corcho\" data-cke-saved-src=\"\/\/image.chukouplus.com\/upload\/C_2283\/file\/20230214\/f9a40108366534a430687922e6f08fba.jpg\" \/><\/p>\n<p style=\"white-space: normal;\"><img decoding=\"async\" title=\"Esterilla de yoga redonda de corcho y caucho natural\" src=\"https:\/\/www.wavar.com\/data\/upload\/ueditor\/20230711\/64acefc1f19de.jpg\" alt=\"Esterilla de yoga redonda de corcho y caucho natural\" \/><\/p>\n<p>&nbsp;<\/p>","protected":false},"excerpt":{"rendered":"<p>&nbsp;<\/p>\n<div>N\u00ba de art\u00edculo:PN-YM-034<\/div>\n<div><\/div>\n<div>Material: Corcho y caucho<\/div>\n<div><\/div>\n<div>Tama\u00f1o: Dia. 60cm, o personalizado<\/div>\n<div><\/div>\n<div>Grosor: 3mm, o personalizado<\/div>\n<div><\/div>\n<div>Logotipo: personalizado<\/div>\n<div><\/div>\n<div>OEM\/ODM: Aceptable<\/div>","protected":false},"featured_media":1614,"template":"","meta":[],"product_cat":[26,37],"product_tag":[1458,1428,1415,1503,1449,1411,1414,1539],"class_list":{"0":"post-1615","1":"product","2":"type-product","3":"status-publish","4":"has-post-thumbnail","6":"product_cat-yoga","7":"product_cat-yoga-mat-manufacturer","8":"product_tag-cork-yoga-mat","9":"product_tag-durable-yoga-mat","10":"product_tag-eco-friendly-yoga-mat","11":"product_tag-high-density-yoga-mat","12":"product_tag-natural-rubber-yoga-mat","13":"product_tag-non-slip-yoga-mat","14":"product_tag-printed-yoga-mat","15":"product_tag-round-yoga-mat","17":"first","18":"instock","19":"shipping-taxable","20":"product-type-simple"},"_links":{"self":[{"href":"https:\/\/gofitstrength.com\/es\/wp-json\/wp\/v2\/product\/1615","targetHints":{"allow":["GET"]}}],"collection":[{"href":"https:\/\/gofitstrength.com\/es\/wp-json\/wp\/v2\/product"}],"about":[{"href":"https:\/\/gofitstrength.com\/es\/wp-json\/wp\/v2\/types\/product"}],"wp:featuredmedia":[{"embeddable":true,"href":"https:\/\/gofitstrength.com\/es\/wp-json\/wp\/v2\/media\/1614"}],"wp:attachment":[{"href":"https:\/\/gofitstrength.com\/es\/wp-json\/wp\/v2\/media?parent=1615"}],"wp:term":[{"taxonomy":"product_cat","embeddable":true,"href":"https:\/\/gofitstrength.com\/es\/wp-json\/wp\/v2\/product_cat?post=1615"},{"taxonomy":"product_tag","embeddable":true,"href":"https:\/\/gofitstrength.com\/es\/wp-json\/wp\/v2\/product_tag?post=1615"}],"curies":[{"name":"wp","href":"https:\/\/api.w.org\/{rel}","templated":true}]}}