{"id":1501,"date":"2024-05-31T10:34:25","date_gmt":"2024-05-31T10:34:25","guid":{"rendered":"https:\/\/gofit.laozhanzhang.com\/product\/black-seven-holes-rubber-coated-barbell-weight-plate\/"},"modified":"2024-07-10T14:38:33","modified_gmt":"2024-07-10T14:38:33","slug":"black-seven-holes-rubber-coated-barbell-weight-plate","status":"publish","type":"product","link":"https:\/\/gofitstrength.com\/es\/producto\/plato-de-pesas-negro-con-siete-agujeros-recubierto-de-goma\/","title":{"rendered":"Premium Negro Siete Agujeros Recubierto de Goma Barbell Weight Plate"},"content":{"rendered":"<h2 style=\"white-space: normal; text-align: left;\"><span style=\"color: #282828;\"><strong>Plato de pesas negro de siete agujeros con revestimiento de goma para entrenamiento de fuerza y gimnasio en casa<\/strong><\/span><\/h2>\n<p style=\"white-space: normal;\">\n<p><span style=\"font-size: 110%;\">\u3010Construcci\u00f3n de alta calidad\u3011: Hecho a mano de caucho de alta densidad, estas placas de peso est\u00e1n construidas para soportar un uso intenso y repetido, asegurando una durabilidad duradera.<\/span><br \/>\n<span style=\"font-size: 110%;\">\u3010Dise\u00f1o de siete agujeros\u3011: El dise\u00f1o \u00fanico de siete agujeros proporciona un f\u00e1cil agarre y manejo, por lo que es conveniente cargar y descargar las placas de la barra.<\/span><br \/>\n<span style=\"font-size: 110%;\">\u3010Olympic Standard\u3011: Estas placas cumplen con los est\u00e1ndares ol\u00edmpicos con un orificio central de 2 pulgadas de di\u00e1metro, lo que garantiza la compatibilidad con todas las barras ol\u00edmpicas est\u00e1ndar.<\/span><br \/>\n<span style=\"font-size: 110%;\">\u3010Recubrimiento de goma\u3011: El revestimiento de goma protege sus pisos y equipos de da\u00f1os y reduce el ruido durante las ca\u00eddas, perfecto para gimnasios en casa.<\/span><br \/>\n<span style=\"font-size: 110%;\">\u3010Superficie antideslizante\u3011: La superficie texturizada proporciona un agarre seguro, evitando el deslizamiento y garantizando la seguridad durante los entrenamientos.<\/span><br \/>\n<span style=\"font-size: 110%;\">\u3010Marcas de peso claras\u3011: Cada plato cuenta con marcas de peso claras y f\u00e1ciles de leer en kilogramos (KG) para una r\u00e1pida selecci\u00f3n e identificaci\u00f3n.<\/span><br \/>\n<span style=\"font-size: 110%;\">Uso vers\u00e1til: Adecuado para varios ejercicios de entrenamiento de fuerza, incluyendo sentadillas, peso muerto, press de banca y m\u00e1s.<\/span><br \/>\n<span style=\"font-size: 110%;\">\u3010Seguro y Silencioso\u3011: La construcci\u00f3n de goma minimiza el ruido y reduce el riesgo de da\u00f1os a los pisos y equipos.<\/span><br \/>\n<span style=\"font-size: 110%;\">F\u00e1cil de mantener\u3011: La superficie lisa y no porosa es f\u00e1cil de limpiar y mantener, lo que garantiza la higiene y la longevidad.<\/span><br \/>\n<span style=\"font-size: 110%;\">Atractivo est\u00e9tico: El elegante dise\u00f1o negro a\u00f1ade un aspecto profesional a cualquier gimnasio en casa o estudio de fitness.<\/span><\/p>\n<h3 style=\"white-space: normal;\"><\/h3>\n<h3 style=\"white-space: normal; margin-bottom: 5px;\"><span style=\"font-size: 20px;\"><strong>Especificaci\u00f3n:\u00a0<\/strong><\/span><\/h3>\n<table cellspacing=\"0\">\n<tbody>\n<tr>\n<td style=\"word-break: break-all;\">N\u00ba de art\u00edculo: PN-BP-002<\/td>\n<td style=\"word-break: break-all;\">Material: Revestimiento de goma + n\u00facleo de hierro fundido<\/td>\n<\/tr>\n<tr>\n<td style=\"word-break: break-all;\">Color: Personalizable<\/td>\n<td style=\"word-break: break-all;\">M\u00edn. Order: Negociable<\/td>\n<\/tr>\n<tr>\n<td style=\"word-break: break-all;\">Embalaje: Personalizado<\/td>\n<td style=\"word-break: break-all;\">Puerto: Shanghai, Ningbo, Shenzhen, etc.<\/td>\n<\/tr>\n<tr>\n<td style=\"word-break: break-all;\">Nombre de marca: Gofitstrength<\/td>\n<td style=\"word-break: break-all;\">Gr\u00e1ficos: Personalizado<\/td>\n<\/tr>\n<tr>\n<td style=\"word-break: break-all;\">Plazo de entrega: Negociable<\/td>\n<td style=\"word-break: break-all;\">Logotipo:<span style=\"background-color: #edf5fa;\">\u00a0<\/span>Personalizado<\/td>\n<\/tr>\n<\/tbody>\n<\/table>\n<p style=\"white-space: normal;\">\n<p style=\"white-space: normal;\">\n<p style=\"white-space: normal;\">","protected":false},"excerpt":{"rendered":"<p>N\u00ba de art\u00edculo: PN-BP-002<\/p>\n<p>Material: Revestimiento de goma + n\u00facleo de hierro fundido<\/p>\n<p>Peso: 5\/10\/15\/20\/25kg o personalizado<\/p>\n<p>OEM\/ODM: Aceptable<\/p>","protected":false},"featured_media":4736,"template":"","meta":[],"product_cat":[64,18,38],"product_tag":[2381,2384,91,2385,2386,2383,2382,437],"class_list":{"0":"post-1501","1":"product","2":"type-product","3":"status-publish","4":"has-post-thumbnail","6":"product_cat-barbell-plates-manufacturer","7":"product_cat-fitness","8":"product_cat-free-weights","9":"product_tag-black-weight-plate","10":"product_tag-durable-barbell-plate","11":"product_tag-home-gym-equipment","12":"product_tag-non-slip-weight-plate","13":"product_tag-olympic-barbell-plate","14":"product_tag-rubber-coated-weight-plate","15":"product_tag-seven-holes-barbell-plate","16":"product_tag-strength-training-equipment","18":"first","19":"instock","20":"shipping-taxable","21":"product-type-simple"},"_links":{"self":[{"href":"https:\/\/gofitstrength.com\/es\/wp-json\/wp\/v2\/product\/1501","targetHints":{"allow":["GET"]}}],"collection":[{"href":"https:\/\/gofitstrength.com\/es\/wp-json\/wp\/v2\/product"}],"about":[{"href":"https:\/\/gofitstrength.com\/es\/wp-json\/wp\/v2\/types\/product"}],"wp:featuredmedia":[{"embeddable":true,"href":"https:\/\/gofitstrength.com\/es\/wp-json\/wp\/v2\/media\/4736"}],"wp:attachment":[{"href":"https:\/\/gofitstrength.com\/es\/wp-json\/wp\/v2\/media?parent=1501"}],"wp:term":[{"taxonomy":"product_cat","embeddable":true,"href":"https:\/\/gofitstrength.com\/es\/wp-json\/wp\/v2\/product_cat?post=1501"},{"taxonomy":"product_tag","embeddable":true,"href":"https:\/\/gofitstrength.com\/es\/wp-json\/wp\/v2\/product_tag?post=1501"}],"curies":[{"name":"wp","href":"https:\/\/api.w.org\/{rel}","templated":true}]}}