{"id":1381,"date":"2024-05-31T10:33:23","date_gmt":"2024-05-31T10:33:23","guid":{"rendered":"https:\/\/gofit.laozhanzhang.com\/product\/water-filled-pvc-child-inflatable-freestanding-punching-bag\/"},"modified":"2024-07-06T06:15:20","modified_gmt":"2024-07-06T06:15:20","slug":"water-filled-pvc-child-inflatable-freestanding-punching-bag","status":"publish","type":"product","link":"https:\/\/gofitstrength.com\/es\/producto\/saco-de-boxeo-hinchable-infantil-de-pvc-relleno-de-agua\/","title":{"rendered":"Saco de boxeo hinchable para ni\u00f1os de PVC relleno de agua"},"content":{"rendered":"<h2 style=\"text-align: left;\"><strong>Saco de boxeo hinchable y resistente, lleno de agua, para que los ni\u00f1os se diviertan y se pongan en forma<\/strong><\/h2>\n<h3 style=\"white-space: normal;\"><strong>Especificaci\u00f3n:<\/strong><\/h3>\n<table data-sort=\"sortDisabled\">\n<tbody>\n<tr>\n<td style=\"word-break: break-all;\" colspan=\"1\" rowspan=\"1\" valign=\"top\">Tama\u00f1o\/Color\/Logotipo\/Embalaje: Disponible a medida<\/td>\n<td style=\"word-break: break-all;\" colspan=\"1\" rowspan=\"1\" valign=\"top\">OEM\/ODM: Aceptable<\/td>\n<\/tr>\n<tr>\n<td style=\"word-break: break-all;\" valign=\"top\" width=\"811\">Funci\u00f3n: Levantamiento de pesas, entrenamiento de fuerza, entrenamiento del tronco<\/td>\n<td style=\"word-break: break-all;\" valign=\"top\" width=\"811\">Origen: China<\/td>\n<\/tr>\n<\/tbody>\n<\/table>\n<p style=\"white-space: normal;\">\n<p style=\"white-space: normal;\"><span style=\"font-size: 110%;\">\u3010Base rellena de agua\u3011: La base estable llena de agua asegura que la bolsa se mantenga en posici\u00f3n vertical durante el uso.<\/span><br \/>\n<span style=\"font-size: 110%;\">\u3010Child-Friendly Design\u3011: Dise\u00f1o seguro y divertido hecho espec\u00edficamente para ni\u00f1os.<\/span><br \/>\n<span style=\"font-size: 110%;\">Material de PVC duradero: Construcci\u00f3n de PVC de alta calidad para mayor durabilidad y uso duradero.<\/span><br \/>\n<span style=\"font-size: 110%;\">F\u00e1cil de inflar: R\u00e1pido y f\u00e1cil de inflar, por lo que est\u00e1 listo para su uso en cuesti\u00f3n de minutos.<\/span><br \/>\n<span style=\"font-size: 110%;\">\u3010Dise\u00f1o Independiente\u3011: El dise\u00f1o port\u00e1til e independiente permite utilizarlo en cualquier lugar.<\/span><br \/>\n<span style=\"font-size: 110%;\">\u3010Fitness y Diversi\u00f3n\u3011: Ideal para la aptitud de los ni\u00f1os, la coordinaci\u00f3n y el alivio del estr\u00e9s.<\/span><br \/>\n<span style=\"font-size: 110%;\">\u3010Lightweight\u3011: Ligero y f\u00e1cil de mover, perfecto para uso dom\u00e9stico o viajes.<\/span><\/p>\n<p>&nbsp;<\/p>","protected":false},"excerpt":{"rendered":"<div>N\u00ba de art\u00edculo: PN-PB-009<\/div>\n<div><\/div>\n<div>Material: PVC<\/div>\n<div><\/div>\n<div>Tama\u00f1o: 1,5 m\/59\u2033 (H)<\/div>\n<div><\/div>\n<div>Peso: 0,6 kg<\/div>\n<p style=\"white-space: normal;\">\n<p style=\"white-space: normal;\">\n<p>&nbsp;<\/p>","protected":false},"featured_media":1380,"template":"","meta":[],"product_cat":[18,19,66],"product_tag":[828,833,830,831,834,829,832,782],"class_list":{"0":"post-1381","1":"product","2":"type-product","3":"status-publish","4":"has-post-thumbnail","6":"product_cat-fitness","7":"product_cat-fitness-accessories","8":"product_cat-punching-bags-manufacturer","9":"product_tag-child-inflatable-punching-bag","10":"product_tag-freestanding-inflatable-boxing-bag","11":"product_tag-inflatable-boxing-bag","12":"product_tag-kids-fitness-equipment","13":"product_tag-portable-punching-bag-for-kids","14":"product_tag-pvc-freestanding-punching-bag","15":"product_tag-water-base-punching-bag","16":"product_tag-water-filled-punching-bag","18":"first","19":"instock","20":"shipping-taxable","21":"product-type-simple"},"_links":{"self":[{"href":"https:\/\/gofitstrength.com\/es\/wp-json\/wp\/v2\/product\/1381","targetHints":{"allow":["GET"]}}],"collection":[{"href":"https:\/\/gofitstrength.com\/es\/wp-json\/wp\/v2\/product"}],"about":[{"href":"https:\/\/gofitstrength.com\/es\/wp-json\/wp\/v2\/types\/product"}],"wp:featuredmedia":[{"embeddable":true,"href":"https:\/\/gofitstrength.com\/es\/wp-json\/wp\/v2\/media\/1380"}],"wp:attachment":[{"href":"https:\/\/gofitstrength.com\/es\/wp-json\/wp\/v2\/media?parent=1381"}],"wp:term":[{"taxonomy":"product_cat","embeddable":true,"href":"https:\/\/gofitstrength.com\/es\/wp-json\/wp\/v2\/product_cat?post=1381"},{"taxonomy":"product_tag","embeddable":true,"href":"https:\/\/gofitstrength.com\/es\/wp-json\/wp\/v2\/product_tag?post=1381"}],"curies":[{"name":"wp","href":"https:\/\/api.w.org\/{rel}","templated":true}]}}