{"id":1379,"date":"2024-05-31T10:33:22","date_gmt":"2024-05-31T10:33:22","guid":{"rendered":"https:\/\/gofit.laozhanzhang.com\/product\/customized-high-quality-leather-boxing-gloves\/"},"modified":"2024-06-30T09:21:23","modified_gmt":"2024-06-30T09:21:23","slug":"customized-high-quality-leather-boxing-gloves","status":"publish","type":"product","link":"https:\/\/gofitstrength.com\/es\/producto\/guantes-de-boxeo-de-cuero-de-alta-calidad-personalizados\/","title":{"rendered":"Guantes de boxeo de cuero de alta calidad personalizados"},"content":{"rendered":"<h2 style=\"margin-top: 0px; white-space: normal; padding: 0px; color: #666666; font-family: Poppins-Regular, arial, helvetica, sans-serif; text-align: left;\"><span style=\"color: #282828;\"><strong>Guantes de boxeo de cuero personalizados de alto rendimiento para entrenamiento profesional y sparring<\/strong><\/span><\/h2>\n<h3><\/h3>\n<p><span style=\"font-size: 110%;\">Material de cuero de primera calidad: Hecho a mano de cuero de primera calidad para una durabilidad excepcional y un aspecto elegante y profesional.<\/span><br \/>\n<span style=\"font-size: 110%;\">\u3010Impresi\u00f3n personalizada del logotipo\u3011: Personalice estos guantes con su logotipo para mejorar la marca y las oportunidades promocionales.<\/span><br \/>\n<span style=\"font-size: 110%;\">\u3010Acolchado multicapa\u3011: Cuenta con un avanzado acolchado de espuma multicapa para garantizar una absorci\u00f3n de impactos superior y protecci\u00f3n de las manos durante el entrenamiento.<\/span><br \/>\n<span style=\"font-size: 110%;\">\u3010Secure Wrist Support\u3011: Equipado con una correa de velcro ancha para un ajuste seguro y ajustable, que proporciona un excelente soporte y estabilidad para la mu\u00f1eca.<\/span><br \/>\n<span style=\"font-size: 110%;\">\u3010Dise\u00f1o transpirable\u3011: Incorpora paneles de malla para mejorar la ventilaci\u00f3n, manteniendo las manos frescas y secas a lo largo de intensas sesiones de entrenamiento.<\/span><br \/>\n<span style=\"font-size: 110%;\">Ajuste ergon\u00f3mico: Dise\u00f1ado para contornearse a la forma natural de la mano, ofreciendo el m\u00e1ximo confort y soporte para un uso prolongado.<\/span><br \/>\n<span style=\"font-size: 110%;\">\u3010Aplicaci\u00f3n vers\u00e1til\u3011: Adecuado para boxeo, kickboxing, MMA y entrenamiento f\u00edsico general, por lo que son ideales tanto para principiantes como para profesionales.<\/span><br \/>\n<span style=\"font-size: 110%;\">\u3010F\u00e1cil mantenimiento\u3011: La superficie de cuero es f\u00e1cil de limpiar, lo que garantiza la higiene y la longevidad.<\/span><br \/>\n<span style=\"font-size: 110%;\">\u3010Protecci\u00f3n de mu\u00f1eca mejorada\u3011: Proporciona una protecci\u00f3n robusta de la mu\u00f1eca para prevenir lesiones y mejorar el rendimiento general.<\/span><br \/>\n<span style=\"font-size: 110%;\">\u3010Dise\u00f1o elegante y moderno\u3011: Dise\u00f1o contempor\u00e1neo que atrae tanto a luchadores aficionados como profesionales.<\/span><\/p>\n<h3><\/h3>\n<h3 style=\"white-space: normal;\"><strong>Especificaci\u00f3n:<\/strong><\/h3>\n<table data-sort=\"sortDisabled\">\n<tbody>\n<tr>\n<td style=\"word-break: break-all;\" valign=\"top\" width=\"811\">N\u00ba de art\u00edculo: PN-BG-005<\/td>\n<td style=\"word-break: break-all;\" valign=\"top\" width=\"811\">Origen: China<\/td>\n<\/tr>\n<tr>\n<td style=\"word-break: break-all;\" valign=\"top\" width=\"811\">Material: Piel<\/td>\n<td style=\"word-break: break-all;\" valign=\"top\" width=\"811\">OEM \/ ODM : Aceptable<\/td>\n<\/tr>\n<tr>\n<td style=\"word-break: break-all;\" valign=\"top\" width=\"811\">Color: Personalizado<\/td>\n<td style=\"word-break: break-all;\" valign=\"top\" width=\"811\">Logotipo: Personalizado<\/td>\n<\/tr>\n<tr>\n<td style=\"word-break: break-all;\" valign=\"top\" width=\"811\">Tama\u00f1os: A medida<\/td>\n<td style=\"word-break: break-all;\" valign=\"top\" width=\"811\">Embalaje: Bolsa OPP o embalaje personalizado<\/td>\n<\/tr>\n<tr>\n<td style=\"word-break: break-all;\" colspan=\"1\" rowspan=\"1\" valign=\"top\"><\/td>\n<td style=\"word-break: break-all;\" colspan=\"1\" rowspan=\"1\" valign=\"top\">Funci\u00f3n: Entrenamiento de fuerza, entrenamiento del tronco<\/td>\n<\/tr>\n<\/tbody>\n<\/table>\n<p style=\"white-space: normal;\">\n<p style=\"white-space: normal;\">\n<p>&nbsp;<\/p>\n<p>&nbsp;<\/p>","protected":false},"excerpt":{"rendered":"<div>N\u00ba de art\u00edculo: PN-BG-005<\/div>\n<div><\/div>\n<div>Material: Piel<\/div>\n<div><\/div>\n<div>Tama\u00f1os: Tallas personalizadas<\/div>\n<div><\/div>\n<div>OEM\/ODM: Aceptable<\/div>","protected":false},"featured_media":1378,"template":"","meta":[],"product_cat":[76,18,19],"product_tag":[202,198,212,207,209,208,211,200,210,204],"class_list":{"0":"post-1379","1":"product","2":"type-product","3":"status-publish","4":"has-post-thumbnail","6":"product_cat-boxing-gloves-manufacturer","7":"product_cat-fitness","8":"product_cat-fitness-accessories","9":"product_tag-boxing-gloves-for-gyms","10":"product_tag-custom-logo-boxing-gloves","11":"product_tag-customizable-boxing-equipment","12":"product_tag-customized-boxing-gloves","13":"product_tag-durable-leather-gloves","14":"product_tag-high-quality-leather-boxing-gloves","15":"product_tag-leather-sparring-gloves","16":"product_tag-personalized-boxing-gear","17":"product_tag-premium-fight-gloves","18":"product_tag-professional-training-gloves","20":"first","21":"instock","22":"shipping-taxable","23":"product-type-simple"},"_links":{"self":[{"href":"https:\/\/gofitstrength.com\/es\/wp-json\/wp\/v2\/product\/1379","targetHints":{"allow":["GET"]}}],"collection":[{"href":"https:\/\/gofitstrength.com\/es\/wp-json\/wp\/v2\/product"}],"about":[{"href":"https:\/\/gofitstrength.com\/es\/wp-json\/wp\/v2\/types\/product"}],"wp:featuredmedia":[{"embeddable":true,"href":"https:\/\/gofitstrength.com\/es\/wp-json\/wp\/v2\/media\/1378"}],"wp:attachment":[{"href":"https:\/\/gofitstrength.com\/es\/wp-json\/wp\/v2\/media?parent=1379"}],"wp:term":[{"taxonomy":"product_cat","embeddable":true,"href":"https:\/\/gofitstrength.com\/es\/wp-json\/wp\/v2\/product_cat?post=1379"},{"taxonomy":"product_tag","embeddable":true,"href":"https:\/\/gofitstrength.com\/es\/wp-json\/wp\/v2\/product_tag?post=1379"}],"curies":[{"name":"wp","href":"https:\/\/api.w.org\/{rel}","templated":true}]}}