{"id":1183,"date":"2024-05-31T10:31:37","date_gmt":"2024-05-31T10:31:37","guid":{"rendered":"https:\/\/gofit.laozhanzhang.com\/product\/weightlifting-hard-chrome-plated-handles-12-sided-urethane-dumbbells\/"},"modified":"2024-07-10T06:37:50","modified_gmt":"2024-07-10T06:37:50","slug":"weightlifting-hard-chrome-plated-handles-12-sided-urethane-dumbbells","status":"publish","type":"product","link":"https:\/\/gofitstrength.com\/es\/producto\/mancuernas-de-uretano-de-12-caras-con-mangos-cromados-duros-para-halterofilia\/","title":{"rendered":"Mancuernas de uretano de 12 caras para halterofilia"},"content":{"rendered":"<p style=\"white-space: normal;\">\n<h2 style=\"white-space: normal; margin-bottom: 5px; text-align: left;\"><span style=\"color: #282828;\"><strong>Mancuernas de uretano de 12 caras de alta calidad con mangos cromados para entrenamiento de fuerza y gimnasio en casa<\/strong><\/span><\/h2>\n<p style=\"white-space: normal;\"><span style=\"font-size: 110%;\">\u3010Material de alta calidad\u3011: Hecho de materiales de primera calidad con un recubrimiento de uretano duradero que proporciona un acabado duradero y protector.<\/span><br \/>\n<span style=\"font-size: 110%;\">\u301012 Sided Design\u3011: El dise\u00f1o \u00fanico de doce lados evita que ruede y garantiza la estabilidad cuando se coloca en el suelo, lo que hace que los entrenamientos sean m\u00e1s seguros y convenientes.<\/span><br \/>\n<span style=\"font-size: 110%;\">\u3010Hard Chrome Plated Handles\u3011: Los mangos est\u00e1n chapados en cromo duro, proporcionando un agarre seguro y c\u00f3modo, y evitando el \u00f3xido y la corrosi\u00f3n.<\/span><br \/>\n<span style=\"font-size: 110%;\">\u3010Non-Slip Grip\u3011: El dise\u00f1o moleteado del mango garantiza un agarre seguro y c\u00f3modo, evitando el deslizamiento durante los entrenamientos intensos.<\/span><br \/>\n<span style=\"font-size: 110%;\">\u3010Uso vers\u00e1til\u3011: Ideal para una amplia gama de ejercicios que incluyen entrenamiento de fuerza, construcci\u00f3n muscular y rutinas de acondicionamiento f\u00edsico funcional, adecuado para todos los niveles de condici\u00f3n f\u00edsica.<\/span><br \/>\n<span style=\"font-size: 110%;\">\u3010Compacto y ahorra espacio\u3011: Dise\u00f1adas para ser compactas y ahorrar espacio, estas mancuernas son f\u00e1ciles de almacenar y transportar, perfectas para gimnasios dom\u00e9sticos con espacio limitado.<\/span><br \/>\n<span style=\"font-size: 110%;\">\u3010F\u00e1cil de Limpiar\u3011: El revestimiento liso de uretano es f\u00e1cil de limpiar y mantener, lo que garantiza la higiene y la longevidad de las mancuernas.<\/span><br \/>\n<span style=\"font-size: 110%;\">\u3010Construcci\u00f3n Duradera\u3011: Construidas con materiales de alta calidad y reforzadas para mayor resistencia, estas mancuernas est\u00e1n dise\u00f1adas para soportar un uso frecuente e intenso sin sufrir da\u00f1os.<\/span><br \/>\n<span style=\"font-size: 110%;\">\u3010Protege los Suelos\u3011: El revestimiento de uretano no solo agrega durabilidad, sino que tambi\u00e9n protege sus pisos de ara\u00f1azos y da\u00f1os cuando las pesas se colocan hacia abajo.<\/span><br \/>\n<span style=\"font-size: 110%;\">\u3010Marcas de peso claras\u3011: Cada mancuerna cuenta con marcas de peso claras para una f\u00e1cil identificaci\u00f3n y selecci\u00f3n r\u00e1pida, agilizando sus sesiones de entrenamiento.<\/span><\/p>\n<h3 style=\"white-space: normal;\"><strong>Especificaci\u00f3n:<\/strong><\/h3>\n<table width=\"-830\">\n<tbody>\n<tr>\n<td style=\"word-break: break-all;\" valign=\"top\" width=\"394\">N\u00ba de art\u00edculo: PN-DB-022<\/td>\n<td style=\"word-break: break-all;\" valign=\"top\" width=\"394\">OEM\/ODM: Aceptable<\/td>\n<\/tr>\n<tr>\n<td style=\"word-break: break-all;\" valign=\"top\" width=\"394\">Color: Negro o personalizado<\/td>\n<td style=\"word-break: break-all;\" valign=\"top\" width=\"394\">Origen: China<\/td>\n<\/tr>\n<tr>\n<td style=\"word-break: break-all;\" valign=\"top\" width=\"394\">Peso: de 2,5 kg a 50 kg o personalizado<\/td>\n<td style=\"word-break: break-all;\" valign=\"top\" width=\"394\">Logotipo: Logotipo personalizado disponible<\/td>\n<\/tr>\n<tr>\n<td style=\"word-break: break-all;\" valign=\"top\" width=\"394\">Material: Acero + Uretano<\/td>\n<td style=\"word-break: break-all;\" valign=\"top\" width=\"394\">Tipo: Entrenamiento de fuerza\/peso<\/td>\n<\/tr>\n<tr>\n<td style=\"word-break: break-all;\" valign=\"top\" width=\"394\">Caracter\u00edstica: Cabeza redonda<\/td>\n<td style=\"word-break: break-all;\" valign=\"top\" width=\"394\">Dimensiones del paquete : Personalizado<\/td>\n<\/tr>\n<\/tbody>\n<\/table>\n<p style=\"white-space: normal;\">\n<p>&nbsp;<\/p>\n<p>&nbsp;<\/p>","protected":false},"excerpt":{"rendered":"<p>N\u00ba de art\u00edculo:PN-DB-022<\/p>\n<p>Material: Acero + Uretano<\/p>\n<p>OEM\/ODM: Aceptable<\/p>","protected":false},"featured_media":1182,"template":"","meta":[],"product_cat":[40,54,18,38],"product_tag":[2205,98,88,2204,91,90,89,2206,2203],"class_list":{"0":"post-1183","1":"product","2":"type-product","3":"status-publish","4":"has-post-thumbnail","6":"product_cat-dumbbells-manufacturer","7":"product_cat-encased-dumbbell","8":"product_cat-fitness","9":"product_cat-free-weights","10":"product_tag-12-sided-urethane-dumbbells","11":"product_tag-commercial-gym-dumbbells","12":"product_tag-durable-exercise-weights","13":"product_tag-hard-chrome-plated-handles","14":"product_tag-home-gym-equipment","15":"product_tag-non-slip-dumbbells","16":"product_tag-strength-training-dumbbells","17":"product_tag-urethane-coated-weights","18":"product_tag-weightlifting-dumbbells","20":"first","21":"instock","22":"shipping-taxable","23":"product-type-simple"},"_links":{"self":[{"href":"https:\/\/gofitstrength.com\/es\/wp-json\/wp\/v2\/product\/1183","targetHints":{"allow":["GET"]}}],"collection":[{"href":"https:\/\/gofitstrength.com\/es\/wp-json\/wp\/v2\/product"}],"about":[{"href":"https:\/\/gofitstrength.com\/es\/wp-json\/wp\/v2\/types\/product"}],"wp:featuredmedia":[{"embeddable":true,"href":"https:\/\/gofitstrength.com\/es\/wp-json\/wp\/v2\/media\/1182"}],"wp:attachment":[{"href":"https:\/\/gofitstrength.com\/es\/wp-json\/wp\/v2\/media?parent=1183"}],"wp:term":[{"taxonomy":"product_cat","embeddable":true,"href":"https:\/\/gofitstrength.com\/es\/wp-json\/wp\/v2\/product_cat?post=1183"},{"taxonomy":"product_tag","embeddable":true,"href":"https:\/\/gofitstrength.com\/es\/wp-json\/wp\/v2\/product_tag?post=1183"}],"curies":[{"name":"wp","href":"https:\/\/api.w.org\/{rel}","templated":true}]}}